{"id":1051761,"date":"2025-09-12T13:25:37","date_gmt":"2025-09-12T11:25:37","guid":{"rendered":"https:\/\/www.claret.cat\/llibre\/crianca-per-a-pares-cansats-2a-edicio-9788426740021\/"},"modified":"2025-09-12T13:26:01","modified_gmt":"2025-09-12T11:26:01","slug":"crianca-per-a-pares-cansats-2a-edicio-9788426740021","status":"publish","type":"product","link":"https:\/\/www.claret.cat\/es\/libro\/crianca-per-a-pares-cansats-2a-edicio-9788426740021\/","title":{"rendered":"CRIAN\u00c7A PER A PARES CANSATS 2.A EDICI\u00d3"},"content":{"rendered":"<p>Luciano Lutereau i Trinitat Avaria obren un di\u00e0leg necessari, honest i profundament hum\u00e0 sobre l?experi\u00e8ncia de ser pares. Des de la seva pr\u00e0ctica com a psicoanalistes i psic\u00f2legs, comparteixen les inquietuds de les mares i pares que busquen orientaci\u00f3 per acompanyar els fills en un m\u00f3n ple d?exig\u00e8ncies, dubtes i expectatives.   Com escoltar de veritat els infants? Com criar sense culpa, sense repetir patrons del passat, sense perdre?s en l?autoexig\u00e8ncia? Aquest llibre ofereix respostes l\u00facides i sensibles. No promet f\u00f3rmules m\u00e0giques, per\u00f2 s\u00ed una mirada emp\u00e0tica i afectuosa que convida a repensar la crian\u00e7a des d?un lloc m\u00e9s conscient, m\u00e9s present i m\u00e9s amor\u00f3s.  Al llarg de les seves p\u00e0gines, aprendr\u00e0s a:  &#8211; Comprendre el llenguatge emocional dels infants. &#8211; Acompanyar el seu desenvolupament sense obsessionar-te amb fer-ho perfecte. &#8211; Gestionar situacions habituals, com el control d?esf\u00ednters, els temuts \u00abterribles dos anys\u00bb o l?\u00fas de pantalles. &#8211; Abordar temes complexos com el complex d?\u00c8dip, la lact\u00e0ncia, la por a la mort o el TDAH. &#8211; Entendre el rol canviant dels avis i l?impacte dels nous models familiars. &#8211; Recon\u00e8ixer que criar tamb\u00e9 implica criar-se un mateix com a mare o pare.<\/p>\n","protected":false},"excerpt":{"rendered":"<p>LUTEREAU, LUCIANO \/ AVARIA, TRINIDAD<\/p>\n","protected":false},"featured_media":1051762,"template":"","meta":{"_acf_changed":false,"om_disable_all_campaigns":false,"rs_blank_template":"","rs_page_bg_color":"","slide_template_v7":"","inline_featured_image":false,"_monsterinsights_skip_tracking":false,"_monsterinsights_sitenote_active":false,"_monsterinsights_sitenote_note":"","_monsterinsights_sitenote_category":0},"product_brand":[],"product_cat":[137,425],"product_tag":[],"class_list":{"0":"post-1051761","1":"product","2":"type-product","3":"status-publish","4":"has-post-thumbnail","6":"product_cat-escola-de-pares-infantil","7":"product_cat-escuela-de-padres","9":"first","10":"instock","11":"taxable","12":"shipping-taxable","13":"purchasable","14":"product-type-simple"},"acf":{"autor":"LUTEREAU, LUCIANO \/ AVARIA, TRINIDAD","codart":"842674002","libros-coleccion":"FORA DE COL.LECCI\u00d3","ediciones":"1","encuadernacion":"R\u00fastica","fecha_de_publicacion":"01\/09\/2025","novedad":"1","paginas":"122","subtitulo":"","orden":"0","portada":"0","idioma":"cat","booktrailer":"","resenas":"","editorial":[{"ID":6301,"post_author":"3","post_date":"2022-07-28 17:49:15","post_date_gmt":"2022-07-28 15:49:15","post_content":"","post_title":"Marcombo","post_excerpt":"","post_status":"publish","comment_status":"closed","ping_status":"closed","post_password":"","post_name":"marcombo","to_ping":"","pinged":"","post_modified":"2022-07-28 17:49:15","post_modified_gmt":"2022-07-28 15:49:15","post_content_filtered":"","post_parent":0,"guid":"http:\/\/dev.claret.cat\/editorial\/marcombo\/","menu_order":0,"post_type":"editorial","post_mime_type":"","comment_count":"0","filter":"raw"}]},"aioseo_notices":[],"_links":{"self":[{"href":"https:\/\/www.claret.cat\/es\/wp-json\/wp\/v2\/product\/1051761","targetHints":{"allow":["GET"]}}],"collection":[{"href":"https:\/\/www.claret.cat\/es\/wp-json\/wp\/v2\/product"}],"about":[{"href":"https:\/\/www.claret.cat\/es\/wp-json\/wp\/v2\/types\/product"}],"wp:featuredmedia":[{"embeddable":true,"href":"https:\/\/www.claret.cat\/es\/wp-json\/wp\/v2\/media\/1051762"}],"wp:attachment":[{"href":"https:\/\/www.claret.cat\/es\/wp-json\/wp\/v2\/media?parent=1051761"}],"wp:term":[{"taxonomy":"product_brand","embeddable":true,"href":"https:\/\/www.claret.cat\/es\/wp-json\/wp\/v2\/product_brand?post=1051761"},{"taxonomy":"product_cat","embeddable":true,"href":"https:\/\/www.claret.cat\/es\/wp-json\/wp\/v2\/product_cat?post=1051761"},{"taxonomy":"product_tag","embeddable":true,"href":"https:\/\/www.claret.cat\/es\/wp-json\/wp\/v2\/product_tag?post=1051761"}],"curies":[{"name":"wp","href":"https:\/\/api.w.org\/{rel}","templated":true}]}}