{"id":105191,"date":"2022-10-12T08:59:49","date_gmt":"2022-10-12T06:59:49","guid":{"rendered":"http:\/\/dev.claret.cat\/producte\/el-arte-del-crimen\/"},"modified":"2025-01-20T17:17:06","modified_gmt":"2025-01-20T16:17:06","slug":"el-arte-del-crimen-9788491874737","status":"publish","type":"product","link":"https:\/\/www.claret.cat\/es\/libro\/el-arte-del-crimen-9788491874737\/","title":{"rendered":"EL ARTE DEL CRIMEN"},"content":{"rendered":"<p>LA ESPOSA DEL ESCRITOR M\u00c1S FAMOSO DEL MUNDO HA SIDO ASESINADA EN M\u00d3NACO.Desde hace d\u00e9cadas, las novelas de John Houston se venden por millones. Su obra mueve tanto dinero que hasta tiene un equipo de negros literarios para sostener su alto ritmo de publicaci\u00f3n. Todo se tuerce cuando el c\u00e9lebre autor decide disolver el grupo de escritores y los planes de muchas personas empiezan a derrumbarse. No mucho despu\u00e9s, encuentran a la mujer de Houston con un tiro en la cabeza. \u00c9l ha desaparecido y se ha convertido en el principal sospechoso. Su m\u00e1s estrecho colaborador, Don Irvine, es el \u00fanico que puede ayudarle.Publicada originalmente en 2014, El arte del cimen es un sorprendente thriller con una atm\u00f3sfera angustiosa digna del mejor Hitchcock, pero tambi\u00e9n es una \u00e1cida y maliciosa cr\u00edtica al mundo editorial m\u00e1s materialista.<\/p>\n","protected":false},"excerpt":{"rendered":"<p>KERR PHILIP<\/p>\n","protected":false},"featured_media":105192,"template":"","meta":{"_acf_changed":false,"om_disable_all_campaigns":false,"rs_blank_template":"","rs_page_bg_color":"","slide_template_v7":"","inline_featured_image":false,"_monsterinsights_skip_tracking":false,"_monsterinsights_sitenote_active":false,"_monsterinsights_sitenote_note":"","_monsterinsights_sitenote_category":0},"product_brand":[],"product_cat":[127,357],"product_tag":[],"class_list":{"0":"post-105191","1":"product","2":"type-product","3":"status-publish","4":"has-post-thumbnail","6":"product_cat-novella-contemporania","7":"product_cat-novela-contemporanea","9":"first","10":"instock","11":"taxable","12":"shipping-taxable","13":"purchasable","14":"product-type-simple"},"acf":{"editorial":[{"ID":148734,"post_author":"3","post_date":"2022-10-14 12:00:33","post_date_gmt":"2022-10-14 10:00:33","post_content":"","post_title":"RBA Bolsillo","post_excerpt":"","post_status":"publish","comment_status":"closed","ping_status":"closed","post_password":"","post_name":"rba-bolsillo","to_ping":"","pinged":"","post_modified":"2022-10-14 12:00:33","post_modified_gmt":"2022-10-14 10:00:33","post_content_filtered":"","post_parent":0,"guid":"http:\/\/dev.claret.cat\/editorial\/rba-bolsillo\/","menu_order":0,"post_type":"editorial","post_mime_type":"","comment_count":"0","filter":"raw"}],"autor":"KERR PHILIP","codart":"849187473","libros-coleccion":"NOVELA POLIC\u00cdACA BIB","ediciones":"1","encuadernacion":"Carton\u00e9","fecha_de_publicacion":"01\/09\/2020","novedad":"1","paginas":"338","subtitulo":"","orden":"0","portada":"0","idioma":"spa","autores-libros":[{"ID":161640,"post_author":"3","post_date":"2022-10-14 17:19:51","post_date_gmt":"2022-10-14 15:19:51","post_content":"","post_title":"KERR PHILIP","post_excerpt":"","post_status":"publish","comment_status":"closed","ping_status":"closed","post_password":"","post_name":"kerr-philip","to_ping":"","pinged":"","post_modified":"2022-10-14 17:19:51","post_modified_gmt":"2022-10-14 15:19:51","post_content_filtered":"","post_parent":0,"guid":"http:\/\/dev.claret.cat\/autor\/kerr-philip\/","menu_order":0,"post_type":"autor","post_mime_type":"","comment_count":"0","filter":"raw"}]},"aioseo_notices":[],"_links":{"self":[{"href":"https:\/\/www.claret.cat\/es\/wp-json\/wp\/v2\/product\/105191","targetHints":{"allow":["GET"]}}],"collection":[{"href":"https:\/\/www.claret.cat\/es\/wp-json\/wp\/v2\/product"}],"about":[{"href":"https:\/\/www.claret.cat\/es\/wp-json\/wp\/v2\/types\/product"}],"wp:featuredmedia":[{"embeddable":true,"href":"https:\/\/www.claret.cat\/es\/wp-json\/wp\/v2\/media\/105192"}],"wp:attachment":[{"href":"https:\/\/www.claret.cat\/es\/wp-json\/wp\/v2\/media?parent=105191"}],"wp:term":[{"taxonomy":"product_brand","embeddable":true,"href":"https:\/\/www.claret.cat\/es\/wp-json\/wp\/v2\/product_brand?post=105191"},{"taxonomy":"product_cat","embeddable":true,"href":"https:\/\/www.claret.cat\/es\/wp-json\/wp\/v2\/product_cat?post=105191"},{"taxonomy":"product_tag","embeddable":true,"href":"https:\/\/www.claret.cat\/es\/wp-json\/wp\/v2\/product_tag?post=105191"}],"curies":[{"name":"wp","href":"https:\/\/api.w.org\/{rel}","templated":true}]}}