{"id":1051961,"date":"2025-09-15T13:00:54","date_gmt":"2025-09-15T11:00:54","guid":{"rendered":"https:\/\/www.claret.cat\/llibre\/paso-de-la-vida-9788490617502\/"},"modified":"2026-03-23T12:11:19","modified_gmt":"2026-03-23T11:11:19","slug":"paso-de-la-vida-9788490617502","status":"publish","type":"product","link":"https:\/\/www.claret.cat\/es\/libro\/paso-de-la-vida-9788490617502\/","title":{"rendered":"PASO DE LA VIDA"},"content":{"rendered":"<p>Tempus fugit. Todos los sabios est\u00e1n de acuerdo y con distintas voces afirman la brevedad de la vida.<br \/>Es una realidad m\u00e1s palpable cuando se alcanza una edad mayor; sin necesidad de mirar atr\u00e1s, se reconoce el peso de los a\u00f1os transcurridos: no es este un tiempo para lamentos y a\u00f1oranzas, sino la coyuntura favorable, oportunidad \u00fanica para crecer, ser mejores, amar m\u00e1s, servir con esa experiencia y sabidur\u00eda adquiridas en tantos trabajos y avatares, penas y gozos.<br \/>El hombre es un ser itinerante, su camino arriesgado, alta es la meta por alcanzar: llegar al Cielo es lo que importa. Somos peregrinos del desierto, pero no estamos solos: un caminante misterioso -Jes\u00fas de Nazaret- acompa\u00f1a nuestros pasos.<br \/>Este libro ofrece un modelo positivo, esperanzado y optimista de la pen\u00faltima etapa de la vida.<\/p>\n","protected":false},"excerpt":{"rendered":"<p>FERNANDEZ-CARVAJAL, FRANCISCO<\/p>\n","protected":false},"featured_media":1091653,"template":"","meta":{"_acf_changed":false,"om_disable_all_campaigns":false,"rs_blank_template":"","rs_page_bg_color":"","slide_template_v7":"","inline_featured_image":false,"_monsterinsights_skip_tracking":false,"_monsterinsights_sitenote_active":false,"_monsterinsights_sitenote_note":"","_monsterinsights_sitenote_category":0},"product_brand":[],"product_cat":[76,342],"product_tag":[],"class_list":{"0":"post-1051961","1":"product","2":"type-product","3":"status-publish","4":"has-post-thumbnail","6":"product_cat-teologia","7":"product_cat-teologia-1_espiritualidad","9":"first","10":"outofstock","11":"taxable","12":"shipping-taxable","13":"purchasable","14":"product-type-simple"},"acf":{"autor":"FERNANDEZ-CARVAJAL, FRANCISCO","codart":"849061750","libros-coleccion":"Mundo y Cristianismo","ediciones":"1","encuadernacion":"R\u00fastica","fecha_de_publicacion":"01\/09\/2018","novedad":"1","paginas":"448","subtitulo":"","orden":"0","portada":"0","idioma":"spa","booktrailer":"","resenas":"","editorial":[{"ID":148621,"post_author":"3","post_date":"2022-10-14 11:59:41","post_date_gmt":"2022-10-14 09:59:41","post_content":"","post_title":"PALABRA","post_excerpt":"","post_status":"publish","comment_status":"closed","ping_status":"closed","post_password":"","post_name":"palabra","to_ping":"","pinged":"","post_modified":"2022-10-14 11:59:41","post_modified_gmt":"2022-10-14 09:59:41","post_content_filtered":"","post_parent":0,"guid":"http:\/\/dev.claret.cat\/editorial\/palabra\/","menu_order":0,"post_type":"editorial","post_mime_type":"","comment_count":"0","filter":"raw"}],"autores-libros":[{"ID":5488,"post_author":"3","post_date":"2022-07-28 17:25:04","post_date_gmt":"2022-07-28 15:25:04","post_content":"","post_title":"FRANCISCO FERNANDEZ-CARVAJAL","post_excerpt":"","post_status":"publish","comment_status":"closed","ping_status":"closed","post_password":"","post_name":"francisco-fernandez-carvajal","to_ping":"","pinged":"","post_modified":"2022-07-28 17:25:04","post_modified_gmt":"2022-07-28 15:25:04","post_content_filtered":"","post_parent":0,"guid":"http:\/\/dev.claret.cat\/autor\/francisco-fernandez-carvajal\/","menu_order":0,"post_type":"autor","post_mime_type":"","comment_count":"0","filter":"raw"}]},"aioseo_notices":[],"_links":{"self":[{"href":"https:\/\/www.claret.cat\/es\/wp-json\/wp\/v2\/product\/1051961","targetHints":{"allow":["GET"]}}],"collection":[{"href":"https:\/\/www.claret.cat\/es\/wp-json\/wp\/v2\/product"}],"about":[{"href":"https:\/\/www.claret.cat\/es\/wp-json\/wp\/v2\/types\/product"}],"wp:featuredmedia":[{"embeddable":true,"href":"https:\/\/www.claret.cat\/es\/wp-json\/wp\/v2\/media\/1091653"}],"wp:attachment":[{"href":"https:\/\/www.claret.cat\/es\/wp-json\/wp\/v2\/media?parent=1051961"}],"wp:term":[{"taxonomy":"product_brand","embeddable":true,"href":"https:\/\/www.claret.cat\/es\/wp-json\/wp\/v2\/product_brand?post=1051961"},{"taxonomy":"product_cat","embeddable":true,"href":"https:\/\/www.claret.cat\/es\/wp-json\/wp\/v2\/product_cat?post=1051961"},{"taxonomy":"product_tag","embeddable":true,"href":"https:\/\/www.claret.cat\/es\/wp-json\/wp\/v2\/product_tag?post=1051961"}],"curies":[{"name":"wp","href":"https:\/\/api.w.org\/{rel}","templated":true}]}}