{"id":1052056,"date":"2025-09-15T13:45:02","date_gmt":"2025-09-15T11:45:02","guid":{"rendered":"https:\/\/www.claret.cat\/llibre\/cuentos-de-cinco-minutos-con-letra-ligada-9788410318267\/"},"modified":"2025-09-15T14:20:50","modified_gmt":"2025-09-15T12:20:50","slug":"cuentos-de-cinco-minutos-con-letra-ligada-9788410318267","status":"publish","type":"product","link":"https:\/\/www.claret.cat\/es\/libro\/cuentos-de-cinco-minutos-con-letra-ligada-9788410318267\/","title":{"rendered":"CUENTOS DE CINCO MINUTOS CON LETRA LIGADA"},"content":{"rendered":"<p>Ad\u00e9ntrate en un bosque repleto de animalitos con 10 aventuras para leer en menos de 5 minutos. \u00a1Un bosque repleto de animalitos y aventuras infinitas! \u00bfQui\u00e9n ha enviado un misterioso paquete expr\u00e9s al bosque? \u00bfQu\u00e9 ocurri\u00f3 el d\u00eda que se apag\u00f3 el sol? \u00bfSe puede atrapar una estrella? Acompa\u00f1a a todos los animalitos del bosque en sus incre\u00edbles aventuras mientras aprendes que los sue\u00f1os se pueden conseguir de la forma m\u00e1s inesperada. Ayuda a Urraca a cumplir su sue\u00f1o, participa con Peque\u00f1o Asno y Peque\u00f1a Jabalina en una carrera de v\u00e9rtigo, resuelve el misterio del paquete expr\u00e9s y descubre muchas m\u00e1s historias con valores como la amistad y el trabajo en equipo. \u00a1Con letra ligada leer es una pasada! \u00bfPor qu\u00e9 este libro es tan especial?  &#8211; Escrito por Roberto Aliaga, uno de los autores de literatura infantil m\u00e1s queridos &#8211; Cuentos en letra ligada, ideales para leer antes de dormir o en cualquier momento &#8211; Aqu\u00ed encontrar\u00e1s muchos animalitos en diez historias pensadas para ser le\u00eddas en tan solo cinco minutos. \u00a1Con preciosas ilustraciones de Roger Sim\u00f3, con un mont\u00f3n de detallitos!<\/p>\n","protected":false},"excerpt":{"rendered":"<p>ALIAGA, ROBERTO<\/p>\n","protected":false},"featured_media":1052057,"template":"","meta":{"_acf_changed":false,"om_disable_all_campaigns":false,"rs_blank_template":"","rs_page_bg_color":"","slide_template_v7":"","inline_featured_image":false,"_monsterinsights_skip_tracking":false,"_monsterinsights_sitenote_active":false,"_monsterinsights_sitenote_note":"","_monsterinsights_sitenote_category":0},"product_brand":[],"product_cat":[131,132,361,362],"product_tag":[],"class_list":{"0":"post-1052056","1":"product","2":"type-product","3":"status-publish","4":"has-post-thumbnail","6":"product_cat-contes-per-infants-0-6-anys","7":"product_cat-lectures-per-preadolescents-6-12-anys","8":"product_cat-cuentos-para-ninos-0-6-anos","9":"product_cat-libros-preadolescentes-6-12-anos","11":"first","12":"instock","13":"taxable","14":"shipping-taxable","15":"purchasable","16":"product-type-simple"},"acf":{"autor":"ALIAGA, ROBERTO","codart":"841031826","libros-coleccion":"FORA DE COL.LECCI\u00d3","ediciones":"1","encuadernacion":"Carton\u00e9","fecha_de_publicacion":"01\/09\/2025","novedad":"1","paginas":"92","subtitulo":"\u00a1APRENDER A LEER CON LETRA LIGADA ES UNA PASADA!","orden":"0","portada":"0","idioma":"spa","booktrailer":"","resenas":"","editorial":[{"ID":148657,"post_author":"3","post_date":"2022-10-14 11:59:58","post_date_gmt":"2022-10-14 09:59:58","post_content":"","post_title":"Penguin Kids","post_excerpt":"","post_status":"publish","comment_status":"closed","ping_status":"closed","post_password":"","post_name":"penguin-kids","to_ping":"","pinged":"","post_modified":"2022-10-14 11:59:58","post_modified_gmt":"2022-10-14 09:59:58","post_content_filtered":"","post_parent":0,"guid":"http:\/\/dev.claret.cat\/editorial\/penguin-kids\/","menu_order":0,"post_type":"editorial","post_mime_type":"","comment_count":"0","filter":"raw"}]},"aioseo_notices":[],"_links":{"self":[{"href":"https:\/\/www.claret.cat\/es\/wp-json\/wp\/v2\/product\/1052056","targetHints":{"allow":["GET"]}}],"collection":[{"href":"https:\/\/www.claret.cat\/es\/wp-json\/wp\/v2\/product"}],"about":[{"href":"https:\/\/www.claret.cat\/es\/wp-json\/wp\/v2\/types\/product"}],"wp:featuredmedia":[{"embeddable":true,"href":"https:\/\/www.claret.cat\/es\/wp-json\/wp\/v2\/media\/1052057"}],"wp:attachment":[{"href":"https:\/\/www.claret.cat\/es\/wp-json\/wp\/v2\/media?parent=1052056"}],"wp:term":[{"taxonomy":"product_brand","embeddable":true,"href":"https:\/\/www.claret.cat\/es\/wp-json\/wp\/v2\/product_brand?post=1052056"},{"taxonomy":"product_cat","embeddable":true,"href":"https:\/\/www.claret.cat\/es\/wp-json\/wp\/v2\/product_cat?post=1052056"},{"taxonomy":"product_tag","embeddable":true,"href":"https:\/\/www.claret.cat\/es\/wp-json\/wp\/v2\/product_tag?post=1052056"}],"curies":[{"name":"wp","href":"https:\/\/api.w.org\/{rel}","templated":true}]}}