{"id":1052117,"date":"2025-09-15T14:01:48","date_gmt":"2025-09-15T12:01:48","guid":{"rendered":"https:\/\/www.claret.cat\/llibre\/black-river-9788410489264\/"},"modified":"2025-09-15T14:21:45","modified_gmt":"2025-09-15T12:21:45","slug":"black-river-9788410489264","status":"publish","type":"product","link":"https:\/\/www.claret.cat\/es\/libro\/black-river-9788410489264\/","title":{"rendered":"BLACK RIVER"},"content":{"rendered":"<p>Llega el nuevo fen\u00f3meno de vampiros al m\u00e1s puro estilo Crep\u00fasculo.  Cuando los adolescentes de Black River empiezan a cambiar, nadie est\u00e1 a salvo. A sus 17 a\u00f1os, Dusty solo quiere escapar a sus libros y a la extensa naturaleza que rodea su casa situada en las monta\u00f1as del norte del estado de Nueva York. Lo que no sabe es que hay algo acech\u00e1ndola entre las sombras del bosque. Cuando Dusty despierta una ma\u00f1ana, su cuerpo, sus sentidos y sus necesidades comienzan a cambiar, y empieza a sentir una atracci\u00f3n hacia el callado y misterioso Will como nunca hab\u00eda experimentado. El problema es que no es solo atracci\u00f3n, es la sed que siente hacia \u00e9l. Dusty no es la \u00fanica persona de Black River que est\u00e1 experimentando estos extra\u00f1os eventos. Fuerzas oscuras acechan en el bosque, y deber\u00e1 descubrir qu\u00e9 est\u00e1 pasando, o arriesgarse a perder todo lo que ama.<\/p>\n","protected":false},"excerpt":{"rendered":"<p>COTTLE, RUBY JEAN<\/p>\n","protected":false},"featured_media":1052118,"template":"","meta":{"_acf_changed":false,"om_disable_all_campaigns":false,"rs_blank_template":"","rs_page_bg_color":"","slide_template_v7":"","inline_featured_image":false,"_monsterinsights_skip_tracking":false,"_monsterinsights_sitenote_active":false,"_monsterinsights_sitenote_note":"","_monsterinsights_sitenote_category":0},"product_brand":[],"product_cat":[133,566,117,363],"product_tag":[],"class_list":{"0":"post-1052117","1":"product","2":"type-product","3":"status-publish","4":"has-post-thumbnail","6":"product_cat-lectures-per-adolescents-12-18-anys","7":"product_cat-juvenil-3_infantil-juvenil-spa-spa","8":"product_cat-juvenil","9":"product_cat-lecturas-por-adolescentes-12-18-anos","11":"first","12":"instock","13":"taxable","14":"shipping-taxable","15":"purchasable","16":"product-type-simple"},"acf":{"autor":"COTTLE, RUBY JEAN","codart":"841048926","libros-coleccion":"SIN LIMITES","ediciones":"1","encuadernacion":"R\u00fastica","fecha_de_publicacion":"01\/09\/2025","novedad":"1","paginas":"477","subtitulo":"UN MORDISCO PUEDE CAMBIARLO TODO","orden":"0","portada":"0","idioma":"spa","booktrailer":"","resenas":"","editorial":[{"ID":6118,"post_author":"3","post_date":"2022-07-28 17:45:17","post_date_gmt":"2022-07-28 15:45:17","post_content":"","post_title":"ALFAGUARA","post_excerpt":"","post_status":"publish","comment_status":"closed","ping_status":"closed","post_password":"","post_name":"alfaguara","to_ping":"","pinged":"","post_modified":"2022-07-28 17:45:17","post_modified_gmt":"2022-07-28 15:45:17","post_content_filtered":"","post_parent":0,"guid":"http:\/\/dev.claret.cat\/editorial\/alfaguara\/","menu_order":0,"post_type":"editorial","post_mime_type":"","comment_count":"0","filter":"raw"}]},"aioseo_notices":[],"_links":{"self":[{"href":"https:\/\/www.claret.cat\/es\/wp-json\/wp\/v2\/product\/1052117","targetHints":{"allow":["GET"]}}],"collection":[{"href":"https:\/\/www.claret.cat\/es\/wp-json\/wp\/v2\/product"}],"about":[{"href":"https:\/\/www.claret.cat\/es\/wp-json\/wp\/v2\/types\/product"}],"wp:featuredmedia":[{"embeddable":true,"href":"https:\/\/www.claret.cat\/es\/wp-json\/wp\/v2\/media\/1052118"}],"wp:attachment":[{"href":"https:\/\/www.claret.cat\/es\/wp-json\/wp\/v2\/media?parent=1052117"}],"wp:term":[{"taxonomy":"product_brand","embeddable":true,"href":"https:\/\/www.claret.cat\/es\/wp-json\/wp\/v2\/product_brand?post=1052117"},{"taxonomy":"product_cat","embeddable":true,"href":"https:\/\/www.claret.cat\/es\/wp-json\/wp\/v2\/product_cat?post=1052117"},{"taxonomy":"product_tag","embeddable":true,"href":"https:\/\/www.claret.cat\/es\/wp-json\/wp\/v2\/product_tag?post=1052117"}],"curies":[{"name":"wp","href":"https:\/\/api.w.org\/{rel}","templated":true}]}}