{"id":1052397,"date":"2025-09-15T18:10:16","date_gmt":"2025-09-15T16:10:16","guid":{"rendered":"https:\/\/www.claret.cat\/llibre\/biblia-reina-valera-1960-tamano-manual-letra-grande-ipiel-rojizo-nueva-edicion-9781430082279\/"},"modified":"2025-09-15T18:25:42","modified_gmt":"2025-09-15T16:25:42","slug":"biblia-reina-valera-1960-tamano-manual-letra-grande-ipiel-rojizo-nueva-edicion-9781430082279","status":"publish","type":"product","link":"https:\/\/www.claret.cat\/es\/libro\/biblia-reina-valera-1960-tamano-manual-letra-grande-ipiel-rojizo-nueva-edicion-9781430082279\/","title":{"rendered":"BIBLIA REINA VALERA 1960 TAMA\u00d1O MANUAL LETRA GRANDE  I\/PIEL ROJIZO (NUEVA EDICI\u00d3N)"},"content":{"rendered":"<p>BIBLIA LETRA GRANDE TAMA\u00d1O MANUAL CON REFERENCIAS<\/p>\n<p>Nueva tipograf\u00eda<\/p>\n<p>El tama\u00f1o de Biblia m\u00e1s popular, por combinar un dise\u00f1o legible con un tama\u00f1o pr\u00e1ctico. El tipo de letra es est\u00e9tico y c\u00f3modo para el lector.<\/p>\n<p>Las referencias y ayudas adicionales son el complemento perfecto al texto de la Reina-Valera 1960, la versi\u00f3n preferida en espa\u00f1ol. Con esta Biblia podr\u00e1s llevar la Palabra contigo y atesorarla en tu coraz\u00f3n.<\/p>\n<p>Caracter\u00edsticas:<\/p>\n<p>\u2022Nueva tipograf\u00eda elegante y f\u00e1cil de leer<br \/>\u2022 Referencias<br \/>\u2022 C\u00f3mo leer y entender la Biblia<br \/>\u2022Concordancia<br \/>\u2022Panorama hist\u00f3rico de la Biblia<br \/>\u2022Calendario anual<br \/>\u2022 Buenas nuevas de salvaci\u00f3n<br \/>\u2022 Palabras de Cristo en rojo<br \/>\u2022Armon\u00eda de los evangelios<br \/>\u2022 S\u00edntesis de cada libro<br \/>\u2022 Mapas a todo color<br \/>\u2022 Palabras de aliento para tu caminar con Dios<\/p>\n","protected":false},"excerpt":{"rendered":"<p>REINA VALERA 1960<\/p>\n","protected":false},"featured_media":1052415,"template":"","meta":{"_acf_changed":false,"om_disable_all_campaigns":false,"rs_blank_template":"","rs_page_bg_color":"","slide_template_v7":"","inline_featured_image":false,"_monsterinsights_skip_tracking":false,"_monsterinsights_sitenote_active":false,"_monsterinsights_sitenote_note":"","_monsterinsights_sitenote_category":0},"product_brand":[],"product_cat":[420,296],"product_tag":[],"class_list":{"0":"post-1052397","1":"product","2":"type-product","3":"status-publish","4":"has-post-thumbnail","6":"product_cat-biblias","7":"product_cat-biblies","9":"first","10":"instock","11":"taxable","12":"shipping-taxable","13":"purchasable","14":"product-type-simple"},"acf":{"autor":"REINA VALERA 1960","codart":"143008227","libros-coleccion":"","ediciones":"1","encuadernacion":"R\u00fastica","fecha_de_publicacion":"15\/09\/2025","novedad":"1","paginas":"0","subtitulo":"","orden":"0","portada":"0","idioma":"spa","booktrailer":"","resenas":"","editorial":[{"ID":6366,"post_author":"3","post_date":"2022-07-28 17:50:39","post_date_gmt":"2022-07-28 15:50:39","post_content":"","post_title":"Sociedad B\u00edblica","post_excerpt":"","post_status":"publish","comment_status":"closed","ping_status":"closed","post_password":"","post_name":"sociedad-biblica","to_ping":"","pinged":"","post_modified":"2022-07-28 17:50:39","post_modified_gmt":"2022-07-28 15:50:39","post_content_filtered":"","post_parent":0,"guid":"http:\/\/dev.claret.cat\/editorial\/sociedad-biblica\/","menu_order":0,"post_type":"editorial","post_mime_type":"","comment_count":"0","filter":"raw"}]},"aioseo_notices":[],"_links":{"self":[{"href":"https:\/\/www.claret.cat\/es\/wp-json\/wp\/v2\/product\/1052397","targetHints":{"allow":["GET"]}}],"collection":[{"href":"https:\/\/www.claret.cat\/es\/wp-json\/wp\/v2\/product"}],"about":[{"href":"https:\/\/www.claret.cat\/es\/wp-json\/wp\/v2\/types\/product"}],"wp:featuredmedia":[{"embeddable":true,"href":"https:\/\/www.claret.cat\/es\/wp-json\/wp\/v2\/media\/1052415"}],"wp:attachment":[{"href":"https:\/\/www.claret.cat\/es\/wp-json\/wp\/v2\/media?parent=1052397"}],"wp:term":[{"taxonomy":"product_brand","embeddable":true,"href":"https:\/\/www.claret.cat\/es\/wp-json\/wp\/v2\/product_brand?post=1052397"},{"taxonomy":"product_cat","embeddable":true,"href":"https:\/\/www.claret.cat\/es\/wp-json\/wp\/v2\/product_cat?post=1052397"},{"taxonomy":"product_tag","embeddable":true,"href":"https:\/\/www.claret.cat\/es\/wp-json\/wp\/v2\/product_tag?post=1052397"}],"curies":[{"name":"wp","href":"https:\/\/api.w.org\/{rel}","templated":true}]}}