{"id":1052538,"date":"2025-09-16T13:05:59","date_gmt":"2025-09-16T11:05:59","guid":{"rendered":"https:\/\/www.claret.cat\/llibre\/yo-que-nunca-supe-de-los-hombres-9791370090982\/"},"modified":"2026-03-05T12:25:08","modified_gmt":"2026-03-05T11:25:08","slug":"yo-que-nunca-supe-de-los-hombres-9791370090982","status":"publish","type":"product","link":"https:\/\/www.claret.cat\/es\/libro\/yo-que-nunca-supe-de-los-hombres-9791370090982\/","title":{"rendered":"YO QUE NUNCA SUPE DE LOS HOMBRES"},"content":{"rendered":"<p>Descubre el fen\u00f3meno literario internacional que arrasa en TikTok, una novela &#8216;evocadora y apasionante&#8217; seg\u00fan Dua Lipa. <\/p>\n<p>&#8216;He le\u00eddo 39 libros en 2025 y esta fascinante novela publicada en 1995 es por ahora la mejor: tiene 200 p\u00e1ginas, es muy adictiva y la prensa internacional no deja de hablar de ella. Espl\u00e9ndida, brillante y apasionante; doliente y desesperanzada a la vez, Yo que nunca supe de los hombres es elegante y perturbadora pero, sobre todo, es de esas novelas que recordar\u00e9 y recomendar\u00e9 siempre.&#8217; Bego\u00f1a Alonso, Elle <\/p>\n<p> Cuarenta mujeres llevan encerradas en un s\u00f3tano bajo tierra tantos a\u00f1os que han perdido toda noci\u00f3n del tiempo. Sus captores, silenciosos hombres uniformados, no les dirigen la palabra ni las tocan, excepto para asegurarse de que ninguna trate de quitarse la vida. Hasta que un d\u00eda suena una alarma y los guardias desaparecen dejando tras de s\u00ed la puerta abierta. La m\u00e1s joven de todas ellas, la \u00fanica que no recuerda el mundo antes de la cat\u00e1strofe, lidera la huida. Pero, contra lo que anhelaban, lo que las mujeres encuentran en el exterior no es la libertad, sino una tierra bald\u00eda, extra\u00f1a, donde deber\u00e1n aprender a sobrevivir juntas. <\/p>\n<p> &#8216;Una obra magn\u00edfica, un relato conmovedor de una b\u00fasqueda imposible, con la potencia de una imaginaci\u00f3n profundamente original, fant\u00e1stica, perturbadora y terrible&#8217;. L&#8221;Express <\/p>\n<p> &#8216;Un delirio que sugiere el trabajo de una Kafka femenina&#8217;. Le Nouvel Observateur <\/p>\n<p> &#8216;La ficci\u00f3n dist\u00f3pica sol\u00eda ser popular porque permit\u00eda a los lectores identificarse con alguien que ejerce la resistencia frente a la opresi\u00f3n del mundo totalitario en el que viven. Las lectoras sensibles a las amenazas a los derechos reproductivos de la mujer y a la libertad sexual, unido al hecho de que el feminismo est\u00e1 siendo perseguido en muchas partes del mundo, han visto todo eso reflejado en el texto de Harpman&#8217;. Susan Watkins, The Guardian<\/p>\n","protected":false},"excerpt":{"rendered":"<p>HARPMAN, JACQUELINE<\/p>\n","protected":false},"featured_media":1052681,"template":"","meta":{"_acf_changed":false,"om_disable_all_campaigns":false,"rs_blank_template":"","rs_page_bg_color":"","slide_template_v7":"","inline_featured_image":false,"_monsterinsights_skip_tracking":false,"_monsterinsights_sitenote_active":false,"_monsterinsights_sitenote_note":"","_monsterinsights_sitenote_category":0},"product_brand":[],"product_cat":[127,357],"product_tag":[],"class_list":{"0":"post-1052538","1":"product","2":"type-product","3":"status-publish","4":"has-post-thumbnail","6":"product_cat-novella-contemporania","7":"product_cat-novela-contemporanea","9":"first","10":"instock","11":"taxable","12":"shipping-taxable","13":"purchasable","14":"product-type-simple"},"acf":{"autor":"HARPMAN, JACQUELINE","codart":"137009098","libros-coleccion":"FORA DE COL.LECCI\u00d3","ediciones":"1","encuadernacion":"R\u00fastica","fecha_de_publicacion":"01\/09\/2025","novedad":"1","paginas":"180","subtitulo":"","orden":"0","portada":"0","idioma":"spa","booktrailer":"","resenas":"","editorial":[{"ID":6119,"post_author":"3","post_date":"2022-07-28 17:45:18","post_date_gmt":"2022-07-28 15:45:18","post_content":"","post_title":"Alianza Editorial","post_excerpt":"","post_status":"publish","comment_status":"closed","ping_status":"closed","post_password":"","post_name":"alianza-editorial","to_ping":"","pinged":"","post_modified":"2022-07-28 17:45:18","post_modified_gmt":"2022-07-28 15:45:18","post_content_filtered":"","post_parent":0,"guid":"http:\/\/dev.claret.cat\/editorial\/alianza-editorial\/","menu_order":0,"post_type":"editorial","post_mime_type":"","comment_count":"0","filter":"raw"}]},"aioseo_notices":[],"_links":{"self":[{"href":"https:\/\/www.claret.cat\/es\/wp-json\/wp\/v2\/product\/1052538","targetHints":{"allow":["GET"]}}],"collection":[{"href":"https:\/\/www.claret.cat\/es\/wp-json\/wp\/v2\/product"}],"about":[{"href":"https:\/\/www.claret.cat\/es\/wp-json\/wp\/v2\/types\/product"}],"wp:featuredmedia":[{"embeddable":true,"href":"https:\/\/www.claret.cat\/es\/wp-json\/wp\/v2\/media\/1052681"}],"wp:attachment":[{"href":"https:\/\/www.claret.cat\/es\/wp-json\/wp\/v2\/media?parent=1052538"}],"wp:term":[{"taxonomy":"product_brand","embeddable":true,"href":"https:\/\/www.claret.cat\/es\/wp-json\/wp\/v2\/product_brand?post=1052538"},{"taxonomy":"product_cat","embeddable":true,"href":"https:\/\/www.claret.cat\/es\/wp-json\/wp\/v2\/product_cat?post=1052538"},{"taxonomy":"product_tag","embeddable":true,"href":"https:\/\/www.claret.cat\/es\/wp-json\/wp\/v2\/product_tag?post=1052538"}],"curies":[{"name":"wp","href":"https:\/\/api.w.org\/{rel}","templated":true}]}}