{"id":1052571,"date":"2025-09-16T13:35:25","date_gmt":"2025-09-16T11:35:25","guid":{"rendered":"https:\/\/www.claret.cat\/llibre\/en-el-enjambre-9788425451256\/"},"modified":"2026-03-04T13:32:49","modified_gmt":"2026-03-04T12:32:49","slug":"en-el-enjambre-9788425451256","status":"publish","type":"product","link":"https:\/\/www.claret.cat\/es\/libro\/en-el-enjambre-9788425451256\/","title":{"rendered":"EN EL ENJAMBRE"},"content":{"rendered":"<p>El enjambre digital, a diferencia de la masa cl\u00e1sica de los siglos XIX y XX, consta de individuos aislados, carece de alma y de un nosotros, es incapaz de una acci\u00f3n com\u00fan o de manifestarse en una sola voz.<\/p>\n<p> La hipercomunicaci\u00f3n digital destruye el silencio que necesita el alma para reflexionar y ser ella misma. Se percibe solo ruido, sin sentido, sin coherencia. Todo ello impide la formaci\u00f3n de un contrapoder que pueda cuestionar el orden establecido, que adquiere as\u00ed rasgos totalitarios. Multinacionales de la informaci\u00f3n vigilan nuestros intereses y extraen beneficio de nuestros comportamientos en l\u00ednea: nos ofrecen c\u00edclicamente los mismos pensamientos y preferencias, transformando y deteriorando los modos de lo p\u00fablico.<\/p>\n<p> Byung-Chul Han afirma que se ha dejado atr\u00e1s la \u00e9poca biopol\u00edtica. Hoy nos abocamos a la psicopol\u00edtica digital, una era en la que el poder interviene en los procesos psicol\u00f3gicos inconscientes. El psicopoder, para Han, es m\u00e1s eficiente que el biopoder, porque nos vigila, controla y mueve no desde fuera, sino desde dentro.<\/p>\n","protected":false},"excerpt":{"rendered":"<p>HAN, BYUNG-CHUL<\/p>\n","protected":false},"featured_media":1052572,"template":"","meta":{"_acf_changed":false,"om_disable_all_campaigns":false,"rs_blank_template":"","rs_page_bg_color":"","slide_template_v7":"","inline_featured_image":false,"_monsterinsights_skip_tracking":false,"_monsterinsights_sitenote_active":false,"_monsterinsights_sitenote_note":"","_monsterinsights_sitenote_category":0},"product_brand":[],"product_cat":[373,166,440,169,445,175,170,441],"product_tag":[],"class_list":{"0":"post-1052571","1":"product","2":"type-product","3":"status-publish","4":"has-post-thumbnail","6":"product_cat-autores","7":"product_cat-autors-filosofia","8":"product_cat-de-la-ciencia-filosofia-2_humanidades","9":"product_cat-de-la-ciencia","10":"product_cat-etica-filosofia-2_humanidades","11":"product_cat-etica","12":"product_cat-politica-i-social","13":"product_cat-politica-y-social","15":"first","16":"instock","17":"taxable","18":"shipping-taxable","19":"purchasable","20":"product-type-simple"},"acf":{"autor":"HAN, BYUNG-CHUL","codart":"842545125","libros-coleccion":"Filosof\u00eda","ediciones":"1","encuadernacion":"R\u00fastica","fecha_de_publicacion":"01\/04\/2024","novedad":"1","paginas":"110","subtitulo":"","orden":"0","portada":"0","idioma":"spa","booktrailer":"","resenas":"","editorial":[{"ID":6266,"post_author":"3","post_date":"2022-07-28 17:48:31","post_date_gmt":"2022-07-28 15:48:31","post_content":"","post_title":"HERDER","post_excerpt":"","post_status":"publish","comment_status":"closed","ping_status":"closed","post_password":"","post_name":"herder","to_ping":"","pinged":"","post_modified":"2022-07-28 17:48:31","post_modified_gmt":"2022-07-28 15:48:31","post_content_filtered":"","post_parent":0,"guid":"http:\/\/dev.claret.cat\/editorial\/herder\/","menu_order":0,"post_type":"editorial","post_mime_type":"","comment_count":"0","filter":"raw"}]},"aioseo_notices":[],"_links":{"self":[{"href":"https:\/\/www.claret.cat\/es\/wp-json\/wp\/v2\/product\/1052571","targetHints":{"allow":["GET"]}}],"collection":[{"href":"https:\/\/www.claret.cat\/es\/wp-json\/wp\/v2\/product"}],"about":[{"href":"https:\/\/www.claret.cat\/es\/wp-json\/wp\/v2\/types\/product"}],"wp:featuredmedia":[{"embeddable":true,"href":"https:\/\/www.claret.cat\/es\/wp-json\/wp\/v2\/media\/1052572"}],"wp:attachment":[{"href":"https:\/\/www.claret.cat\/es\/wp-json\/wp\/v2\/media?parent=1052571"}],"wp:term":[{"taxonomy":"product_brand","embeddable":true,"href":"https:\/\/www.claret.cat\/es\/wp-json\/wp\/v2\/product_brand?post=1052571"},{"taxonomy":"product_cat","embeddable":true,"href":"https:\/\/www.claret.cat\/es\/wp-json\/wp\/v2\/product_cat?post=1052571"},{"taxonomy":"product_tag","embeddable":true,"href":"https:\/\/www.claret.cat\/es\/wp-json\/wp\/v2\/product_tag?post=1052571"}],"curies":[{"name":"wp","href":"https:\/\/api.w.org\/{rel}","templated":true}]}}