{"id":1052713,"date":"2025-09-16T16:15:22","date_gmt":"2025-09-16T14:15:22","guid":{"rendered":"https:\/\/www.claret.cat\/llibre\/el-perfil-de-jesus-en-las-redes-sociales-9788428843065\/"},"modified":"2025-09-16T16:21:14","modified_gmt":"2025-09-16T14:21:14","slug":"el-perfil-de-jesus-en-las-redes-sociales-9788428843065","status":"publish","type":"product","link":"https:\/\/www.claret.cat\/es\/libro\/el-perfil-de-jesus-en-las-redes-sociales-9788428843065\/","title":{"rendered":"EL PERFIL DE JES\u00daS EN LAS REDES SOCIALES"},"content":{"rendered":"<p><span>Ganador del VII Premio de Ensayo Teol\u00f3gico Joven, Emmanuel Lwamba Bilnda, en esta obra<\/span><em>El perfil de Jes\u00fas en las redes sociales,<\/em><span>profundiza en las claves teol\u00f3gicas, antropol\u00f3gicas y sociales que configuran el seguimiento discipular de Jes\u00fas en nuestra sociedad, inundada de &#8216;followers&#8217; y &#8216;stars&#8217; en las redes sociales.<\/span><\/p>\n","protected":false},"excerpt":{"rendered":"<p>LWAMBA BILONDA , EMMANUEL <\/p>\n","protected":false},"featured_media":1052714,"template":"","meta":{"_acf_changed":false,"om_disable_all_campaigns":false,"rs_blank_template":"","rs_page_bg_color":"","slide_template_v7":"","inline_featured_image":false,"_monsterinsights_skip_tracking":false,"_monsterinsights_sitenote_active":false,"_monsterinsights_sitenote_note":"","_monsterinsights_sitenote_category":0},"product_brand":[],"product_cat":[542,92],"product_tag":[],"class_list":{"0":"post-1052713","1":"product","2":"type-product","3":"status-publish","4":"has-post-thumbnail","6":"product_cat-vida-religiosa-1_espiritualidad-spa","7":"product_cat-vida-religiosa","9":"first","10":"instock","11":"taxable","12":"shipping-taxable","13":"purchasable","14":"product-type-simple"},"acf":{"autor":"LWAMBA BILONDA , EMMANUEL ","codart":"842884306","libros-coleccion":"PASTORAL","ediciones":"1","encuadernacion":"R\u00fastica","fecha_de_publicacion":"16\/09\/2025","novedad":"1","paginas":"144","subtitulo":"CLUB DE FANS O COMUNIDAD DE DISC\u00cdPULOS ","orden":"0","portada":"0","idioma":"cat","booktrailer":"","resenas":"","editorial":[{"ID":6335,"post_author":"3","post_date":"2022-07-28 17:49:59","post_date_gmt":"2022-07-28 15:49:59","post_content":"","post_title":"PPC altres","post_excerpt":"","post_status":"publish","comment_status":"closed","ping_status":"closed","post_password":"","post_name":"ppc-altres","to_ping":"","pinged":"","post_modified":"2022-07-28 17:49:59","post_modified_gmt":"2022-07-28 15:49:59","post_content_filtered":"","post_parent":0,"guid":"http:\/\/dev.claret.cat\/editorial\/ppc-altres\/","menu_order":0,"post_type":"editorial","post_mime_type":"","comment_count":"0","filter":"raw"}]},"aioseo_notices":[],"_links":{"self":[{"href":"https:\/\/www.claret.cat\/es\/wp-json\/wp\/v2\/product\/1052713","targetHints":{"allow":["GET"]}}],"collection":[{"href":"https:\/\/www.claret.cat\/es\/wp-json\/wp\/v2\/product"}],"about":[{"href":"https:\/\/www.claret.cat\/es\/wp-json\/wp\/v2\/types\/product"}],"wp:featuredmedia":[{"embeddable":true,"href":"https:\/\/www.claret.cat\/es\/wp-json\/wp\/v2\/media\/1052714"}],"wp:attachment":[{"href":"https:\/\/www.claret.cat\/es\/wp-json\/wp\/v2\/media?parent=1052713"}],"wp:term":[{"taxonomy":"product_brand","embeddable":true,"href":"https:\/\/www.claret.cat\/es\/wp-json\/wp\/v2\/product_brand?post=1052713"},{"taxonomy":"product_cat","embeddable":true,"href":"https:\/\/www.claret.cat\/es\/wp-json\/wp\/v2\/product_cat?post=1052713"},{"taxonomy":"product_tag","embeddable":true,"href":"https:\/\/www.claret.cat\/es\/wp-json\/wp\/v2\/product_tag?post=1052713"}],"curies":[{"name":"wp","href":"https:\/\/api.w.org\/{rel}","templated":true}]}}