{"id":1052976,"date":"2025-09-16T18:21:22","date_gmt":"2025-09-16T16:21:22","guid":{"rendered":"https:\/\/www.claret.cat\/llibre\/estuche-dr-sans-segarra-la-supraconciencia-existe-ego-y-supraconciencia-9788408308829\/"},"modified":"2026-03-18T18:50:07","modified_gmt":"2026-03-18T17:50:07","slug":"estuche-dr-sans-segarra-la-supraconciencia-existe-ego-y-supraconciencia-9788408308829","status":"publish","type":"product","link":"https:\/\/www.claret.cat\/es\/libro\/estuche-dr-sans-segarra-la-supraconciencia-existe-ego-y-supraconciencia-9788408308829\/","title":{"rendered":"ESTUCHE DR. SANS SEGARRA (LA SUPRACONCIENCIA EXISTE + EGO Y SUPRACONCIENCIA)"},"content":{"rendered":"<p>El estuche definitivo en una edici\u00f3n limitada con los dos libros de la Supraconciencia y las Experiencias Cercanas a la Muerte (ECM)El doctor Manuel Sans Segarra, prestigioso cirujano y pionero en la investigaci\u00f3n de la Supraconciencia, junto con el periodista Juan Carlos Cebri\u00e1n, explora las Experiencias Cercanas a la Muerte (ECM) desde una perspectiva cient\u00edfica y espiritual. A trav\u00e9s de casos documentados y el estudio de la f\u00edsica cu\u00e1ntica, este estuche ofrece la oportunidad de obtener los dos libros de la Supraconciencia (el primero, La Supraconciencia existe, con m\u00e1s de 150 000 ejemplares vendidos), permiti\u00e9ndonos alcanzar una nueva comprensi\u00f3n de la conciencia y la vida despu\u00e9s de la muerte, desafiando las concepciones tradicionales y proporcionando una gu\u00eda para superar los miedos, aprender a detectar las trampas del ego y ayudarnos a reflexionar sobre nuestra propia vida.<\/p>\n","protected":false},"excerpt":{"rendered":"<p>DR. MANUEL SANS SEGARRA<\/p>\n","protected":false},"featured_media":1086057,"template":"","meta":{"_acf_changed":false,"om_disable_all_campaigns":false,"rs_blank_template":"","rs_page_bg_color":"","slide_template_v7":"","inline_featured_image":false,"_monsterinsights_skip_tracking":false,"_monsterinsights_sitenote_active":false,"_monsterinsights_sitenote_note":"","_monsterinsights_sitenote_category":0},"product_brand":[],"product_cat":[376,178,447,177],"product_tag":[],"class_list":{"0":"post-1052976","1":"product","2":"type-product","3":"status-publish","4":"has-post-thumbnail","6":"product_cat-autores-psicologia-2_humanidades","7":"product_cat-autors-psicologia","8":"product_cat-estudios-e-investigacion","9":"product_cat-estudis-i-investigacio","11":"first","12":"instock","13":"taxable","14":"shipping-taxable","15":"purchasable","16":"product-type-simple"},"acf":{"autor":"DR. MANUEL SANS SEGARRA","codart":"840830882","libros-coleccion":"NO FICCION","ediciones":"1","encuadernacion":"R\u00fastica","fecha_de_publicacion":"01\/09\/2025","novedad":"1","paginas":"0","subtitulo":"LAS DOS OBRAS IMPRESCINDIBLES DEL DR. MANUEL SANS SEGARRA","orden":"0","portada":"0","idioma":"spa","booktrailer":"","resenas":"","editorial":[{"ID":6233,"post_author":"3","post_date":"2022-07-28 17:47:48","post_date_gmt":"2022-07-28 15:47:48","post_content":"","post_title":"EDITORIAL PLANETA","post_excerpt":"","post_status":"publish","comment_status":"closed","ping_status":"closed","post_password":"","post_name":"editorial-planeta","to_ping":"","pinged":"","post_modified":"2022-07-28 17:47:48","post_modified_gmt":"2022-07-28 15:47:48","post_content_filtered":"","post_parent":0,"guid":"http:\/\/dev.claret.cat\/editorial\/editorial-planeta\/","menu_order":0,"post_type":"editorial","post_mime_type":"","comment_count":"0","filter":"raw"}]},"aioseo_notices":[],"_links":{"self":[{"href":"https:\/\/www.claret.cat\/es\/wp-json\/wp\/v2\/product\/1052976","targetHints":{"allow":["GET"]}}],"collection":[{"href":"https:\/\/www.claret.cat\/es\/wp-json\/wp\/v2\/product"}],"about":[{"href":"https:\/\/www.claret.cat\/es\/wp-json\/wp\/v2\/types\/product"}],"wp:featuredmedia":[{"embeddable":true,"href":"https:\/\/www.claret.cat\/es\/wp-json\/wp\/v2\/media\/1086057"}],"wp:attachment":[{"href":"https:\/\/www.claret.cat\/es\/wp-json\/wp\/v2\/media?parent=1052976"}],"wp:term":[{"taxonomy":"product_brand","embeddable":true,"href":"https:\/\/www.claret.cat\/es\/wp-json\/wp\/v2\/product_brand?post=1052976"},{"taxonomy":"product_cat","embeddable":true,"href":"https:\/\/www.claret.cat\/es\/wp-json\/wp\/v2\/product_cat?post=1052976"},{"taxonomy":"product_tag","embeddable":true,"href":"https:\/\/www.claret.cat\/es\/wp-json\/wp\/v2\/product_tag?post=1052976"}],"curies":[{"name":"wp","href":"https:\/\/api.w.org\/{rel}","templated":true}]}}