{"id":1052991,"date":"2025-09-16T18:30:02","date_gmt":"2025-09-16T16:30:02","guid":{"rendered":"https:\/\/www.claret.cat\/llibre\/la-tonalidad-del-pensamiento-9788449344336\/"},"modified":"2025-09-16T18:37:01","modified_gmt":"2025-09-16T16:37:01","slug":"la-tonalidad-del-pensamiento-9788449344336","status":"publish","type":"product","link":"https:\/\/www.claret.cat\/es\/libro\/la-tonalidad-del-pensamiento-9788449344336\/","title":{"rendered":"LA TONALIDAD DEL PENSAMIENTO"},"content":{"rendered":"<p>Recuperamos La tonalidad del pensamiento de Byung-Chul Han, uno de los pensadores m\u00e1s l\u00facidos, controvertidos e inclasificables de la \u00faltima d\u00e9cada y media, galardonado con el Premio Princesa de Asturias de Comunicaci\u00f3n y Humanidades en 2025.\u00abToda belleza es parad\u00f3jica. Sin esa paradoja no existir\u00eda belleza alguna. Yo aspiro a esa belleza\u00bb. \u2014Byung-Chul Han<br \/> En abril de 2023, Byung-Chul Han viaj\u00f3 por primera vez a Portugal e imparti\u00f3 unas conferencias en Oporto y Lisboa. D\u00edas despu\u00e9s ofreci\u00f3, tambi\u00e9n por primera vez, una conferencia musical en Leipzig. La tonalidad del pensamiento, el libro que tienes en las manos, nace de estas conferencias.<br \/> La conferencia musical de Leipzig, \u00abLa tonalidad del pensamiento\u00bb, que cont\u00f3 con la interpretaci\u00f3n al piano de las piezas favoritas del autor, da t\u00edtulo a esta obra y en ella Han expone los tonos y temas que atraviesan su filosof\u00eda y repasa la importancia de la m\u00fasica en su obra. En Oporto, en la conferencia \u00abSobre Eros\u00bb, el autor se pregunta por el sentido del amor, mientras que en Lisboa presenta \u00abSobre la esperanza\u00bb, una reflexi\u00f3n sobre la trascendencia de esta virtud en la actualidad.<br \/> La tonalidad del pensamiento es una obra que pone al alcance de los lectores los textos, las fotograf\u00edas y el acceso en exclusiva a las grabaciones de las conferencias m\u00e1s recientes del autor.<\/p>\n","protected":false},"excerpt":{"rendered":"<p>HAN, BYUNG-CHUL<\/p>\n","protected":false},"featured_media":1052992,"template":"","meta":{"_acf_changed":false,"om_disable_all_campaigns":false,"rs_blank_template":"","rs_page_bg_color":"","slide_template_v7":"","inline_featured_image":false,"_monsterinsights_skip_tracking":false,"_monsterinsights_sitenote_active":false,"_monsterinsights_sitenote_note":"","_monsterinsights_sitenote_category":0},"product_brand":[],"product_cat":[373,166],"product_tag":[],"class_list":{"0":"post-1052991","1":"product","2":"type-product","3":"status-publish","4":"has-post-thumbnail","6":"product_cat-autores","7":"product_cat-autors-filosofia","9":"first","10":"instock","11":"taxable","12":"shipping-taxable","13":"purchasable","14":"product-type-simple"},"acf":{"autor":"HAN, BYUNG-CHUL","codart":"844934433","libros-coleccion":"Contextos","ediciones":"1","encuadernacion":"R\u00fastica","fecha_de_publicacion":"01\/09\/2025","novedad":"1","paginas":"0","subtitulo":"","orden":"0","portada":"0","idioma":"spa","booktrailer":"","resenas":"","editorial":[{"ID":6206,"post_author":"3","post_date":"2022-07-28 17:47:08","post_date_gmt":"2022-07-28 15:47:08","post_content":"","post_title":"Ediciones Paid\u00f3s","post_excerpt":"","post_status":"publish","comment_status":"closed","ping_status":"closed","post_password":"","post_name":"ediciones-paidos","to_ping":"","pinged":"","post_modified":"2022-07-28 17:47:08","post_modified_gmt":"2022-07-28 15:47:08","post_content_filtered":"","post_parent":0,"guid":"http:\/\/dev.claret.cat\/editorial\/ediciones-paidos\/","menu_order":0,"post_type":"editorial","post_mime_type":"","comment_count":"0","filter":"raw"}]},"aioseo_notices":[],"_links":{"self":[{"href":"https:\/\/www.claret.cat\/es\/wp-json\/wp\/v2\/product\/1052991","targetHints":{"allow":["GET"]}}],"collection":[{"href":"https:\/\/www.claret.cat\/es\/wp-json\/wp\/v2\/product"}],"about":[{"href":"https:\/\/www.claret.cat\/es\/wp-json\/wp\/v2\/types\/product"}],"wp:featuredmedia":[{"embeddable":true,"href":"https:\/\/www.claret.cat\/es\/wp-json\/wp\/v2\/media\/1052992"}],"wp:attachment":[{"href":"https:\/\/www.claret.cat\/es\/wp-json\/wp\/v2\/media?parent=1052991"}],"wp:term":[{"taxonomy":"product_brand","embeddable":true,"href":"https:\/\/www.claret.cat\/es\/wp-json\/wp\/v2\/product_brand?post=1052991"},{"taxonomy":"product_cat","embeddable":true,"href":"https:\/\/www.claret.cat\/es\/wp-json\/wp\/v2\/product_cat?post=1052991"},{"taxonomy":"product_tag","embeddable":true,"href":"https:\/\/www.claret.cat\/es\/wp-json\/wp\/v2\/product_tag?post=1052991"}],"curies":[{"name":"wp","href":"https:\/\/api.w.org\/{rel}","templated":true}]}}