{"id":1053255,"date":"2025-09-17T16:41:01","date_gmt":"2025-09-17T14:41:01","guid":{"rendered":"https:\/\/www.claret.cat\/llibre\/carlomagno-9788412901245\/"},"modified":"2025-09-19T16:21:10","modified_gmt":"2025-09-19T14:21:10","slug":"carlomagno-9788412901245","status":"publish","type":"product","link":"https:\/\/www.claret.cat\/es\/libro\/carlomagno-9788412901245\/","title":{"rendered":"CARLOMAGNO"},"content":{"rendered":"<p>Figura fundacional y, a la vez, criatura del mito, Carlomagno se convirti\u00f3 en emperador en una Navidad del a\u00f1o 800, pero mucho antes ya gobernaba con astucia un continente dividido. Rey de los francos, estratega incansable, reformador e icono, su legado ha sido moldeado por siglos de propaganda, nostalgia y proyecciones pol\u00edticas. \u00bfQui\u00e9n fue realmente ese soberano que a\u00fan hoy da t\u00edtulo a premios, inspira catedrales y protagoniza relatos \u00e9picos?<br \/> Bruno Dum\u00e9zil rehace aqu\u00ed su retrato con una mezcla exacta de erudici\u00f3n y claridad narrativa. Contra los t\u00f3picos hist\u00f3ricos y las mitolog\u00edas nacionales que a\u00fan lo envuelven, esta biograf\u00eda devuelve a Carlomagno toda su complejidad pol\u00edtica y vital. A trav\u00e9s de las fuentes originales \u2014capitulares, cr\u00f3nicas, cartas, poemas de corte\u2014, reconstruye sus distintas vidas: el arist\u00f3crata heredero, el monarca cristiano, el emperador idealizado\u2026 y el s\u00edmbolo que Europa no ha dejado de reinventar.<br \/> El resultado es una historia fascinante y profundamente actual: un viaje al coraz\u00f3n de la Edad Media para comprender c\u00f3mo el poder se legitima, c\u00f3mo se escribe la historia y c\u00f3mo, a veces, los personajes reales acaban atrapados por la fuerza de su leyenda.<\/p>\n","protected":false},"excerpt":{"rendered":"<p>DUM\u00c9ZIL, BRUNO<\/p>\n","protected":false},"featured_media":1054085,"template":"","meta":{"_acf_changed":false,"om_disable_all_campaigns":false,"rs_blank_template":"","rs_page_bg_color":"","slide_template_v7":"","inline_featured_image":false,"_monsterinsights_skip_tracking":false,"_monsterinsights_sitenote_active":false,"_monsterinsights_sitenote_note":"","_monsterinsights_sitenote_category":0},"product_brand":[],"product_cat":[149,427],"product_tag":[],"class_list":{"0":"post-1053255","1":"product","2":"type-product","3":"status-publish","4":"has-post-thumbnail","6":"product_cat-medieval","7":"product_cat-medieval-historia-2_humanidades","9":"first","10":"instock","11":"taxable","12":"shipping-taxable","13":"purchasable","14":"product-type-simple"},"acf":{"autor":"DUM\u00c9ZIL, BRUNO","codart":"841290124","libros-coleccion":"FORA DE COL.LECCI\u00d3","ediciones":"1","encuadernacion":"R\u00fastica","fecha_de_publicacion":"01\/09\/2025","novedad":"1","paginas":"194","subtitulo":"","orden":"0","portada":"0","idioma":"spa","booktrailer":"","resenas":"","editorial":[{"ID":148717,"post_author":"3","post_date":"2022-10-14 12:00:26","post_date_gmt":"2022-10-14 10:00:26","post_content":"","post_title":"PUNTO DE VISTA EDITORES","post_excerpt":"","post_status":"publish","comment_status":"closed","ping_status":"closed","post_password":"","post_name":"punto-de-vista-editores","to_ping":"","pinged":"","post_modified":"2022-10-14 12:00:26","post_modified_gmt":"2022-10-14 10:00:26","post_content_filtered":"","post_parent":0,"guid":"http:\/\/dev.claret.cat\/editorial\/punto-de-vista-editores\/","menu_order":0,"post_type":"editorial","post_mime_type":"","comment_count":"0","filter":"raw"}]},"aioseo_notices":[],"_links":{"self":[{"href":"https:\/\/www.claret.cat\/es\/wp-json\/wp\/v2\/product\/1053255","targetHints":{"allow":["GET"]}}],"collection":[{"href":"https:\/\/www.claret.cat\/es\/wp-json\/wp\/v2\/product"}],"about":[{"href":"https:\/\/www.claret.cat\/es\/wp-json\/wp\/v2\/types\/product"}],"wp:featuredmedia":[{"embeddable":true,"href":"https:\/\/www.claret.cat\/es\/wp-json\/wp\/v2\/media\/1054085"}],"wp:attachment":[{"href":"https:\/\/www.claret.cat\/es\/wp-json\/wp\/v2\/media?parent=1053255"}],"wp:term":[{"taxonomy":"product_brand","embeddable":true,"href":"https:\/\/www.claret.cat\/es\/wp-json\/wp\/v2\/product_brand?post=1053255"},{"taxonomy":"product_cat","embeddable":true,"href":"https:\/\/www.claret.cat\/es\/wp-json\/wp\/v2\/product_cat?post=1053255"},{"taxonomy":"product_tag","embeddable":true,"href":"https:\/\/www.claret.cat\/es\/wp-json\/wp\/v2\/product_tag?post=1053255"}],"curies":[{"name":"wp","href":"https:\/\/api.w.org\/{rel}","templated":true}]}}