{"id":1053630,"date":"2025-09-18T11:20:53","date_gmt":"2025-09-18T09:20:53","guid":{"rendered":"https:\/\/www.claret.cat\/llibre\/la-peor-pandilla-de-la-historia-descubriendo-el-pueblo-maya-9788410252424\/"},"modified":"2026-02-28T12:10:14","modified_gmt":"2026-02-28T11:10:14","slug":"la-peor-pandilla-de-la-historia-descubriendo-el-pueblo-maya-9788410252424","status":"publish","type":"product","link":"https:\/\/www.claret.cat\/es\/libro\/la-peor-pandilla-de-la-historia-descubriendo-el-pueblo-maya-9788410252424\/","title":{"rendered":"LA PEOR PANDILLA DE LA HISTORIA. DESCUBRIENDO EL PUEBLO MAYA"},"content":{"rendered":"<p>Elsa, Hugo, Pedrito y Moly, junto con la perra-rata Morgana forman la peor pandilla de la historia, la pandilla m\u00e1s divertida y desastrosa que te puedas imaginar.<\/p>\n<p> En esta quinta aventura, la pandilla decide ir a conocer al pueblo maya, \u00a1una de las civilizaciones americanas m\u00e1s antiguas de la historia! Entre los pedos de Pedrito y las malas ideas de Moly, descubrir\u00e1n c\u00f3mo viv\u00edan los mayas, sus costumbres y \u00a1sus incre\u00edbles pir\u00e1mides!<\/p>\n","protected":false},"excerpt":{"rendered":"<p>ACOSTA, ALICIA<\/p>\n","protected":false},"featured_media":1053656,"template":"","meta":{"_acf_changed":false,"om_disable_all_campaigns":false,"rs_blank_template":"","rs_page_bg_color":"","slide_template_v7":"","inline_featured_image":false,"_monsterinsights_skip_tracking":false,"_monsterinsights_sitenote_active":false,"_monsterinsights_sitenote_note":"","_monsterinsights_sitenote_category":0},"product_brand":[],"product_cat":[132,362],"product_tag":[],"class_list":{"0":"post-1053630","1":"product","2":"type-product","3":"status-publish","4":"has-post-thumbnail","6":"product_cat-lectures-per-preadolescents-6-12-anys","7":"product_cat-libros-preadolescentes-6-12-anos","9":"first","10":"instock","11":"taxable","12":"shipping-taxable","13":"purchasable","14":"product-type-simple"},"acf":{"autor":"ACOSTA, ALICIA","codart":"841025242","libros-coleccion":"FORA DE COL.LECCI\u00d3","ediciones":"1","encuadernacion":"R\u00fastica","fecha_de_publicacion":"01\/09\/2025","novedad":"1","paginas":"52","subtitulo":"","orden":"0","portada":"0","idioma":"spa","booktrailer":"","resenas":"","editorial":[{"ID":147595,"post_author":"3","post_date":"2022-10-14 11:51:47","post_date_gmt":"2022-10-14 09:51:47","post_content":"","post_title":"CARAMBUCO EDICIONES","post_excerpt":"","post_status":"publish","comment_status":"closed","ping_status":"closed","post_password":"","post_name":"carambuco-ediciones","to_ping":"","pinged":"","post_modified":"2022-10-14 11:51:47","post_modified_gmt":"2022-10-14 09:51:47","post_content_filtered":"","post_parent":0,"guid":"http:\/\/dev.claret.cat\/editorial\/carambuco-ediciones\/","menu_order":0,"post_type":"editorial","post_mime_type":"","comment_count":"0","filter":"raw"}]},"aioseo_notices":[],"_links":{"self":[{"href":"https:\/\/www.claret.cat\/es\/wp-json\/wp\/v2\/product\/1053630","targetHints":{"allow":["GET"]}}],"collection":[{"href":"https:\/\/www.claret.cat\/es\/wp-json\/wp\/v2\/product"}],"about":[{"href":"https:\/\/www.claret.cat\/es\/wp-json\/wp\/v2\/types\/product"}],"wp:featuredmedia":[{"embeddable":true,"href":"https:\/\/www.claret.cat\/es\/wp-json\/wp\/v2\/media\/1053656"}],"wp:attachment":[{"href":"https:\/\/www.claret.cat\/es\/wp-json\/wp\/v2\/media?parent=1053630"}],"wp:term":[{"taxonomy":"product_brand","embeddable":true,"href":"https:\/\/www.claret.cat\/es\/wp-json\/wp\/v2\/product_brand?post=1053630"},{"taxonomy":"product_cat","embeddable":true,"href":"https:\/\/www.claret.cat\/es\/wp-json\/wp\/v2\/product_cat?post=1053630"},{"taxonomy":"product_tag","embeddable":true,"href":"https:\/\/www.claret.cat\/es\/wp-json\/wp\/v2\/product_tag?post=1053630"}],"curies":[{"name":"wp","href":"https:\/\/api.w.org\/{rel}","templated":true}]}}