{"id":1053776,"date":"2025-09-18T16:26:51","date_gmt":"2025-09-18T14:26:51","guid":{"rendered":"https:\/\/www.claret.cat\/llibre\/ana-de-jesus-el-carmelo-teresiano-se-extiende-por-europa-9788470685125\/"},"modified":"2026-03-25T19:50:23","modified_gmt":"2026-03-25T18:50:23","slug":"ana-de-jesus-el-carmelo-teresiano-se-extiende-por-europa-9788470685125","status":"publish","type":"product","link":"https:\/\/www.claret.cat\/es\/libro\/ana-de-jesus-el-carmelo-teresiano-se-extiende-por-europa-9788470685125\/","title":{"rendered":"ANA DE JES\u00daS. EL CARMELO TERESIANO SE EXTIENDE POR EUROPA"},"content":{"rendered":"<p><span>La excepcional historia de Ana de Lobera y Torres, aqu\u00ed narrada, y apoyada en documentos raros y aut\u00e9nticos, cautivar\u00e1 la imaginaci\u00f3n de muchos. La serie de monjas carmelitas, identificadas por su nombre y sus sucesivos nombramientos, puede resultar compleja debido a la cantidad de localizaciones geogr\u00e1ficas ya la brevedad temporal de una sola generaci\u00f3n, que hay que reconocer como fundadora de las siguientes comunidades en Espa\u00f1a, Francia y B\u00e9lgica. Tambi\u00e9n se menciona a otros protagonistas, muchos de ellos muy famosos, pero las continuas<\/span><\/p>\n<p><span>relaciones de Ana de Jes\u00fas con ellos palidecen en comparaci\u00f3n con su ardiente di\u00e1logo con el Se\u00f1or de su vida. Uno de los m\u00e9ritos de estas p\u00e1ginas es que nos permiten vislumbrarlo. Cuando sor Christiane, entonces priora (luxemburguesa) del convento carmelita de Bruselas cuando escribi\u00f3 esta obra, nos presenta la biograf\u00eda de la primera priora (espa\u00f1ola) del convento, mano derecha de Teresa de \u00c1vila y de su intr\u00e9pida heredera, toda una \u00e9poca cobra vida ante nuestros ojos.<\/span><\/p>\n","protected":false},"excerpt":{"rendered":"<p>MERES, CHRISTIANE<\/p>\n","protected":false},"featured_media":1053790,"template":"","meta":{"_acf_changed":false,"om_disable_all_campaigns":false,"rs_blank_template":"","rs_page_bg_color":"","slide_template_v7":"","inline_featured_image":false,"_monsterinsights_skip_tracking":false,"_monsterinsights_sitenote_active":false,"_monsterinsights_sitenote_note":"","_monsterinsights_sitenote_category":0},"product_brand":[],"product_cat":[242,492],"product_tag":[],"class_list":{"0":"post-1053776","1":"product","2":"type-product","3":"status-publish","4":"has-post-thumbnail","6":"product_cat-carmelitana","7":"product_cat-carmelitana-espiritualidad-1_espiritualidad","9":"first","10":"instock","11":"taxable","12":"shipping-taxable","13":"purchasable","14":"product-type-simple"},"acf":{"autor":"MERES, CHRISTIANE","codart":"847068512","libros-coleccion":"","ediciones":"1","encuadernacion":"R\u00fastica","fecha_de_publicacion":"18\/09\/2025","novedad":"1","paginas":"172","subtitulo":"ANA DE LOBERA Y TORRES 1545-1621","orden":"0","portada":"1","idioma":"spa","booktrailer":"","resenas":"","editorial":[{"ID":6309,"post_author":"3","post_date":"2022-07-28 17:49:25","post_date_gmt":"2022-07-28 15:49:25","post_content":"","post_title":"Monte Carmelo","post_excerpt":"","post_status":"publish","comment_status":"closed","ping_status":"closed","post_password":"","post_name":"monte-carmelo","to_ping":"","pinged":"","post_modified":"2022-07-28 17:49:25","post_modified_gmt":"2022-07-28 15:49:25","post_content_filtered":"","post_parent":0,"guid":"http:\/\/dev.claret.cat\/editorial\/monte-carmelo\/","menu_order":0,"post_type":"editorial","post_mime_type":"","comment_count":"0","filter":"raw"}]},"aioseo_notices":[],"_links":{"self":[{"href":"https:\/\/www.claret.cat\/es\/wp-json\/wp\/v2\/product\/1053776","targetHints":{"allow":["GET"]}}],"collection":[{"href":"https:\/\/www.claret.cat\/es\/wp-json\/wp\/v2\/product"}],"about":[{"href":"https:\/\/www.claret.cat\/es\/wp-json\/wp\/v2\/types\/product"}],"wp:featuredmedia":[{"embeddable":true,"href":"https:\/\/www.claret.cat\/es\/wp-json\/wp\/v2\/media\/1053790"}],"wp:attachment":[{"href":"https:\/\/www.claret.cat\/es\/wp-json\/wp\/v2\/media?parent=1053776"}],"wp:term":[{"taxonomy":"product_brand","embeddable":true,"href":"https:\/\/www.claret.cat\/es\/wp-json\/wp\/v2\/product_brand?post=1053776"},{"taxonomy":"product_cat","embeddable":true,"href":"https:\/\/www.claret.cat\/es\/wp-json\/wp\/v2\/product_cat?post=1053776"},{"taxonomy":"product_tag","embeddable":true,"href":"https:\/\/www.claret.cat\/es\/wp-json\/wp\/v2\/product_tag?post=1053776"}],"curies":[{"name":"wp","href":"https:\/\/api.w.org\/{rel}","templated":true}]}}