{"id":105378,"date":"2022-10-12T09:02:28","date_gmt":"2022-10-12T07:02:28","guid":{"rendered":"http:\/\/dev.claret.cat\/producte\/el-segundo-jinete\/"},"modified":"2026-02-23T11:16:52","modified_gmt":"2026-02-23T10:16:52","slug":"el-segundo-jinete-9788417708887","status":"publish","type":"product","link":"https:\/\/www.claret.cat\/es\/libro\/el-segundo-jinete-9788417708887\/","title":{"rendered":"EL SEGUNDO JINETE"},"content":{"rendered":"<p>Si te gust\u00f3 el Berl\u00edn de Philip Kerr, te encantar\u00e1 la Viena de Alex Beer<\/p>\n<p>Una historia cautivadora ambientada en la Viena de entreguerras, por la nueva estrella de la novela negra austr\u00edaca.<\/p>\n<p>Viena, poco despu\u00e9s del final de la Primera Guerra Mundial. El esplendor de la ciudad imperial es cosa del pasado, Viena se hunde en el hambre y la miseria. August Emmerich, que particip\u00f3 en la guerra y oculta las secuelas de una herida en la pierna, descubre el cuerpo de un mendigo que presuntamente se ha suicidado. Como investigador experimentado, no conf\u00eda en las apariencias, pero no tiene evidencias que prueben su teor\u00eda de que se trata de un asesinato y su superior archiva el caso. Emmerich y su asistente, Ferdinand Winter, deciden llevar a cabo su propia investigaci\u00f3n, y as\u00ed comienza una persecuci\u00f3n apasionante y llena de peligros por las calles de la sombr\u00eda Viena de posguerra, repleta de seres marginados, criminales y ciudadanos que luchan por sobrevivir.<\/p>\n","protected":false},"excerpt":{"rendered":"<p>BEER, ALEX<\/p>\n","protected":false},"featured_media":1085457,"template":"","meta":{"_acf_changed":false,"om_disable_all_campaigns":false,"rs_blank_template":"","rs_page_bg_color":"","slide_template_v7":"","inline_featured_image":false,"_monsterinsights_skip_tracking":false,"_monsterinsights_sitenote_active":false,"_monsterinsights_sitenote_note":"","_monsterinsights_sitenote_category":0},"product_brand":[],"product_cat":[127,130,357,360],"product_tag":[],"class_list":{"0":"post-105378","1":"product","2":"type-product","3":"status-publish","4":"has-post-thumbnail","6":"product_cat-novella-contemporania","7":"product_cat-novella-historica-i-ficcio","8":"product_cat-novela-contemporanea","9":"product_cat-novela-historica-y-ficcion","11":"first","12":"outofstock","13":"taxable","14":"shipping-taxable","15":"purchasable","16":"product-type-simple"},"acf":{"editorial":[{"ID":6297,"post_author":"3","post_date":"2022-07-28 17:49:10","post_date_gmt":"2022-07-28 15:49:10","post_content":"","post_title":"Maeva Ediciones","post_excerpt":"","post_status":"publish","comment_status":"closed","ping_status":"closed","post_password":"","post_name":"maeva-ediciones","to_ping":"","pinged":"","post_modified":"2022-07-28 17:49:10","post_modified_gmt":"2022-07-28 15:49:10","post_content_filtered":"","post_parent":0,"guid":"http:\/\/dev.claret.cat\/editorial\/maeva-ediciones\/","menu_order":0,"post_type":"editorial","post_mime_type":"","comment_count":"0","filter":"raw"}],"autor":"BEER, ALEX","codart":"841770888","libros-coleccion":"MAEVA noir","ediciones":"1","encuadernacion":"R\u00fastica","fecha_de_publicacion":"01\/09\/2020","novedad":"0","paginas":"333","subtitulo":"EL INSPECTOR EMMERICH EN LA VIENA DE ENTREGUERRAS","orden":"0","portada":"0","idioma":"spa","autores-libros":[{"ID":149624,"post_author":"3","post_date":"2022-10-14 14:26:24","post_date_gmt":"2022-10-14 12:26:24","post_content":"","post_title":"ALEX BEER","post_excerpt":"","post_status":"publish","comment_status":"closed","ping_status":"closed","post_password":"","post_name":"alex-beer","to_ping":"","pinged":"","post_modified":"2022-10-14 14:26:24","post_modified_gmt":"2022-10-14 12:26:24","post_content_filtered":"","post_parent":0,"guid":"http:\/\/dev.claret.cat\/autor\/alex-beer\/","menu_order":0,"post_type":"autor","post_mime_type":"","comment_count":"0","filter":"raw"}],"booktrailer":"","resenas":""},"aioseo_notices":[],"_links":{"self":[{"href":"https:\/\/www.claret.cat\/es\/wp-json\/wp\/v2\/product\/105378","targetHints":{"allow":["GET"]}}],"collection":[{"href":"https:\/\/www.claret.cat\/es\/wp-json\/wp\/v2\/product"}],"about":[{"href":"https:\/\/www.claret.cat\/es\/wp-json\/wp\/v2\/types\/product"}],"wp:featuredmedia":[{"embeddable":true,"href":"https:\/\/www.claret.cat\/es\/wp-json\/wp\/v2\/media\/1085457"}],"wp:attachment":[{"href":"https:\/\/www.claret.cat\/es\/wp-json\/wp\/v2\/media?parent=105378"}],"wp:term":[{"taxonomy":"product_brand","embeddable":true,"href":"https:\/\/www.claret.cat\/es\/wp-json\/wp\/v2\/product_brand?post=105378"},{"taxonomy":"product_cat","embeddable":true,"href":"https:\/\/www.claret.cat\/es\/wp-json\/wp\/v2\/product_cat?post=105378"},{"taxonomy":"product_tag","embeddable":true,"href":"https:\/\/www.claret.cat\/es\/wp-json\/wp\/v2\/product_tag?post=105378"}],"curies":[{"name":"wp","href":"https:\/\/api.w.org\/{rel}","templated":true}]}}