{"id":1053882,"date":"2025-09-18T18:01:51","date_gmt":"2025-09-18T16:01:51","guid":{"rendered":"https:\/\/www.claret.cat\/llibre\/el-padre-pio-9788428574082\/"},"modified":"2026-02-23T16:24:14","modified_gmt":"2026-02-23T15:24:14","slug":"el-padre-pio-9788428574082","status":"publish","type":"product","link":"https:\/\/www.claret.cat\/es\/libro\/el-padre-pio-9788428574082\/","title":{"rendered":"EL PADRE P\u00cdO"},"content":{"rendered":"<p>Se ha escrito ya mucho sobre el padre P\u00edo de Pietrelcina, pues su vida de santidad y oraci\u00f3n es un ejemplo inmejorable del verdadero camino de la vocaci\u00f3n religiosa. Ahora bien, la obra que ahora presentamos no es una m\u00e1s ya que, en lugar de recopilar los datos de la biograf\u00eda del Santo, propone un nuevo acercamiento a su figura a trav\u00e9s de las fotograf\u00edas que conservamos de \u00e9l. Con una serie de im\u00e1genes comentadas que abarcan toda su vida, escogidas entre las menos conocidas, se podr\u00e1 observar y comprobar c\u00f3mo era realmente la rutina diaria del padre P\u00edo y su relaci\u00f3n con sus fieles. De este modo, el lector tendr\u00e1 acceso a un conocimiento m\u00e1s cercano del Santo y ser\u00e1 capaz de dar un paso m\u00e1s en su camino de devoci\u00f3n, hasta sentir c\u00f3mo nos bendice desde las p\u00e1ginas de este libro, como hac\u00eda con todos aquellos que peregrinaban hasta San Giovanni.<\/p>\n","protected":false},"excerpt":{"rendered":"<p>BEN\u00cdTEZ GRANDE-CABALLERO , LAUREANO; KACZMAREK, MAR\u00cdA<\/p>\n","protected":false},"featured_media":1085679,"template":"","meta":{"_acf_changed":false,"om_disable_all_campaigns":false,"rs_blank_template":"","rs_page_bg_color":"","slide_template_v7":"","inline_featured_image":false,"_monsterinsights_skip_tracking":false,"_monsterinsights_sitenote_active":false,"_monsterinsights_sitenote_note":"","_monsterinsights_sitenote_category":0},"product_brand":[],"product_cat":[92,542],"product_tag":[],"class_list":{"0":"post-1053882","1":"product","2":"type-product","3":"status-publish","4":"has-post-thumbnail","6":"product_cat-vida-religiosa","7":"product_cat-vida-religiosa-1_espiritualidad-spa","9":"first","10":"instock","11":"taxable","12":"shipping-taxable","13":"purchasable","14":"product-type-simple"},"acf":{"autor":"BEN\u00cdTEZ GRANDE-CABALLERO , LAUREANO; KACZMAREK, MAR\u00cdA","codart":"842857408","libros-coleccion":"","ediciones":"1","encuadernacion":"R\u00fastica","fecha_de_publicacion":"18\/09\/2025","novedad":"1","paginas":"150","subtitulo":"SU HISTORIA EN IM\u00c1GENES COMENTADAS ","orden":"0","portada":"0","idioma":"spa","booktrailer":"","resenas":"","editorial":[{"ID":6356,"post_author":"3","post_date":"2022-07-28 17:50:26","post_date_gmt":"2022-07-28 15:50:26","post_content":"","post_title":"SAN PABLO COMUNICACI\u00d3N","post_excerpt":"","post_status":"publish","comment_status":"closed","ping_status":"closed","post_password":"","post_name":"san-pablo-comunicacion","to_ping":"","pinged":"","post_modified":"2022-07-28 17:50:26","post_modified_gmt":"2022-07-28 15:50:26","post_content_filtered":"","post_parent":0,"guid":"http:\/\/dev.claret.cat\/editorial\/san-pablo-comunicacion\/","menu_order":0,"post_type":"editorial","post_mime_type":"","comment_count":"0","filter":"raw"}]},"aioseo_notices":[],"_links":{"self":[{"href":"https:\/\/www.claret.cat\/es\/wp-json\/wp\/v2\/product\/1053882","targetHints":{"allow":["GET"]}}],"collection":[{"href":"https:\/\/www.claret.cat\/es\/wp-json\/wp\/v2\/product"}],"about":[{"href":"https:\/\/www.claret.cat\/es\/wp-json\/wp\/v2\/types\/product"}],"wp:featuredmedia":[{"embeddable":true,"href":"https:\/\/www.claret.cat\/es\/wp-json\/wp\/v2\/media\/1085679"}],"wp:attachment":[{"href":"https:\/\/www.claret.cat\/es\/wp-json\/wp\/v2\/media?parent=1053882"}],"wp:term":[{"taxonomy":"product_brand","embeddable":true,"href":"https:\/\/www.claret.cat\/es\/wp-json\/wp\/v2\/product_brand?post=1053882"},{"taxonomy":"product_cat","embeddable":true,"href":"https:\/\/www.claret.cat\/es\/wp-json\/wp\/v2\/product_cat?post=1053882"},{"taxonomy":"product_tag","embeddable":true,"href":"https:\/\/www.claret.cat\/es\/wp-json\/wp\/v2\/product_tag?post=1053882"}],"curies":[{"name":"wp","href":"https:\/\/api.w.org\/{rel}","templated":true}]}}