{"id":1053894,"date":"2025-09-18T18:05:02","date_gmt":"2025-09-18T16:05:02","guid":{"rendered":"https:\/\/www.claret.cat\/llibre\/catequesis-con-espiritu-9788428574099\/"},"modified":"2025-09-19T13:10:39","modified_gmt":"2025-09-19T11:10:39","slug":"catequesis-con-espiritu-9788428574099","status":"publish","type":"product","link":"https:\/\/www.claret.cat\/es\/libro\/catequesis-con-espiritu-9788428574099\/","title":{"rendered":"CATEQUESIS CON ESP\u00cdRITU"},"content":{"rendered":"<p>\u00bfQu\u00e9 es lo aut\u00e9ntico de la <strong>vocaci\u00f3n del catequista<\/strong>? \u00bfQu\u00e9 repercusiones tiene en su vida? \u00bfC\u00f3mo hacer plenamente fecunda su labor? La espiritualidad que caracteriza a un catequista est\u00e1 marcada por las notas propias de su misi\u00f3n, que <strong>transforma su identidad y su vida<\/strong>. No se trata de espacios o actividades vividos al margen de esa misi\u00f3n sino arraigados en ella. El camino responsable de planificaci\u00f3n pastoral, preparaci\u00f3n y b\u00fasqueda de recursos y t\u00e9cnicas a <strong>la luz de la Palabra<\/strong> forma parte del proceso de santificaci\u00f3n, y ha de vivirse como respuesta al <strong>amor de Dios y al impulso del Esp\u00edritu<\/strong>. En esta obra, <strong>V\u00edctor Manuel Fern\u00e1ndez<\/strong> invita a los catequistas a reflexionar sobre su identidad y su espiritualidad, buscando <strong>una profunda conexi\u00f3n con Dios<\/strong> y con los dem\u00e1s, y a vivir la catequesis como una experiencia transformadora. Adem\u00e1s, describe la modalidad espiritual espec\u00edfica que se vive en la misi\u00f3n catequ\u00edstica y presenta <strong>las diez caracter\u00edsticas b\u00e1sicas de la espiritualidad de la catequesis<\/strong>.<\/p>\n<p><\/p>\n","protected":false},"excerpt":{"rendered":"<p>FERN\u00c1NDEZ, V\u00cdCTOR MANUEL<\/p>\n","protected":false},"featured_media":1054015,"template":"","meta":{"_acf_changed":false,"om_disable_all_campaigns":false,"rs_blank_template":"","rs_page_bg_color":"","slide_template_v7":"","inline_featured_image":false,"_monsterinsights_skip_tracking":false,"_monsterinsights_sitenote_active":false,"_monsterinsights_sitenote_note":"","_monsterinsights_sitenote_category":0},"product_brand":[],"product_cat":[227,389],"product_tag":[],"class_list":{"0":"post-1053894","1":"product","2":"type-product","3":"status-publish","4":"has-post-thumbnail","6":"product_cat-formacio","7":"product_cat-formacion","9":"first","10":"instock","11":"taxable","12":"shipping-taxable","13":"purchasable","14":"product-type-simple"},"acf":{"autor":"FERN\u00c1NDEZ, V\u00cdCTOR MANUEL","codart":"842857409","libros-coleccion":"","ediciones":"1","encuadernacion":"R\u00fastica","fecha_de_publicacion":"18\/09\/2025","novedad":"1","paginas":"124","subtitulo":"LOS DIEZ CAMINOS DE LA ESPIRITUALIDAD CATEQU\u00cdSTICA ","orden":"0","portada":"1","idioma":"spa","booktrailer":"","resenas":"","editorial":[{"ID":6356,"post_author":"3","post_date":"2022-07-28 17:50:26","post_date_gmt":"2022-07-28 15:50:26","post_content":"","post_title":"SAN PABLO COMUNICACI\u00d3N","post_excerpt":"","post_status":"publish","comment_status":"closed","ping_status":"closed","post_password":"","post_name":"san-pablo-comunicacion","to_ping":"","pinged":"","post_modified":"2022-07-28 17:50:26","post_modified_gmt":"2022-07-28 15:50:26","post_content_filtered":"","post_parent":0,"guid":"http:\/\/dev.claret.cat\/editorial\/san-pablo-comunicacion\/","menu_order":0,"post_type":"editorial","post_mime_type":"","comment_count":"0","filter":"raw"}]},"aioseo_notices":[],"_links":{"self":[{"href":"https:\/\/www.claret.cat\/es\/wp-json\/wp\/v2\/product\/1053894","targetHints":{"allow":["GET"]}}],"collection":[{"href":"https:\/\/www.claret.cat\/es\/wp-json\/wp\/v2\/product"}],"about":[{"href":"https:\/\/www.claret.cat\/es\/wp-json\/wp\/v2\/types\/product"}],"wp:featuredmedia":[{"embeddable":true,"href":"https:\/\/www.claret.cat\/es\/wp-json\/wp\/v2\/media\/1054015"}],"wp:attachment":[{"href":"https:\/\/www.claret.cat\/es\/wp-json\/wp\/v2\/media?parent=1053894"}],"wp:term":[{"taxonomy":"product_brand","embeddable":true,"href":"https:\/\/www.claret.cat\/es\/wp-json\/wp\/v2\/product_brand?post=1053894"},{"taxonomy":"product_cat","embeddable":true,"href":"https:\/\/www.claret.cat\/es\/wp-json\/wp\/v2\/product_cat?post=1053894"},{"taxonomy":"product_tag","embeddable":true,"href":"https:\/\/www.claret.cat\/es\/wp-json\/wp\/v2\/product_tag?post=1053894"}],"curies":[{"name":"wp","href":"https:\/\/api.w.org\/{rel}","templated":true}]}}