{"id":1053941,"date":"2025-09-19T10:10:12","date_gmt":"2025-09-19T08:10:12","guid":{"rendered":"https:\/\/www.claret.cat\/llibre\/derelictes-9788491366058\/"},"modified":"2026-03-26T11:31:33","modified_gmt":"2026-03-26T10:31:33","slug":"derelictes-9788491366058","status":"publish","type":"product","link":"https:\/\/www.claret.cat\/es\/libro\/derelictes-9788491366058\/","title":{"rendered":"DERELICTES"},"content":{"rendered":"<p><em>Derelictes<\/em><strong><em> <\/em><\/strong>\u00e9s una <strong>novel\u00b7la po\u00e8tica<\/strong> i <strong>\u00edntima<\/strong> que explora la <strong>fragilitat humana<\/strong> a trav\u00e9s del personatge de <strong>Cel<\/strong>, una jove marcada per les ferides del passat que troba refugi en una <strong>masia catalana<\/strong> plena de <strong>records<\/strong>, <strong>dol<\/strong> i <strong>mem\u00f2ria<\/strong>. Amb una <strong>prosa l\u00edrica<\/strong> i <strong>reflexiva<\/strong>, l\u2019autora <strong>Coral Moli<\/strong> aborda temes universals com la <strong>p\u00e8rdua<\/strong>, l\u2019<strong>arrelament<\/strong>, la <strong>resist\u00e8ncia vital<\/strong> i la connexi\u00f3 amb la <strong>natura<\/strong>.<\/p>\n<p>Aquesta obra \u00e9s un <strong>cant a la vida senzilla<\/strong>, a la <strong>saviesa de la vellesa<\/strong> i a la bellesa dels <strong>paisatges rurals<\/strong>, convertint-se en una lectura ideal per a qui busca una <strong>novel\u00b7la liter\u00e0ria<\/strong> carregada d\u2019<strong>emoci\u00f3<\/strong>, <strong>sensibilitat<\/strong> i <strong>profunditat existencial<\/strong>.<\/p>\n<p><span class='ql-size-large'>Aquest llibre \u00e9s ideal per a:<\/span><\/p>\n<ul>\n<li> <strong>Amants de la literatura filos\u00f2fica i l\u00edrica<\/strong>, que cerquen obres que exploren l&#8217;exist\u00e8ncia, la mem\u00f2ria i la fragilitat humana.<\/li>\n<li><strong>Lectors interessats en la psicologia emocional i l&#8217;experi\u00e8ncia humana<\/strong>, especialment aquells que valoren la profunditat reflexiva i la bellesa del llenguatge.<\/li>\n<li><strong>Estudiants i docents de literatura catalana contempor\u00e0nia<\/strong>, per la seva riquesa estil\u00edstica i tem\u00e0tica.<\/li>\n<li> <strong>Persones que han experimentat la p\u00e8rdua, el dol o el desarrelament<\/strong>, que poden trobar en el relat una veu propera i emp\u00e0tica.<\/li>\n<li><strong>Tots els lectors que valoren la tradici\u00f3 liter\u00e0ria<\/strong>, amb refer\u00e8ncies a Rilke, Rodoreda, Mart\u00ed i Pol o Viktor Frankl.<\/li>\n<\/ul>\n<p><em>*Aquest llibre ha estat impr\u00e8s amb paper certificat pel&nbsp;<\/em>&nbsp;<a href='https:\/\/fsc.org\/en' rel='noopener noreferrer' target='_blank'><em>Forest Stewardship Council (FSC)<\/em><\/a>&nbsp;<em>, que compleix amb els principis de gesti\u00f3 econ\u00f2mica, social i ambiental sostenibles.<\/em><\/p>\n","protected":false},"excerpt":{"rendered":"<p>MOLI I PLANA, CORAL<\/p>\n","protected":false},"featured_media":1092828,"template":"","meta":{"_acf_changed":false,"om_disable_all_campaigns":false,"rs_blank_template":"","rs_page_bg_color":"","slide_template_v7":"","inline_featured_image":false,"_monsterinsights_skip_tracking":false,"_monsterinsights_sitenote_active":false,"_monsterinsights_sitenote_note":"","_monsterinsights_sitenote_category":0},"product_brand":[],"product_cat":[581,127,357],"product_tag":[],"class_list":{"0":"post-1053941","1":"product","2":"type-product","3":"status-publish","4":"has-post-thumbnail","6":"product_cat-editorial-claret","7":"product_cat-novella-contemporania","8":"product_cat-novela-contemporanea","10":"first","11":"instock","12":"taxable","13":"shipping-taxable","14":"purchasable","15":"product-type-simple"},"acf":{"autor":"MOLI I PLANA, CORAL","codart":"849136605","libros-coleccion":"FORA DE COL.LECCI\u00d3","ediciones":"1","encuadernacion":"R\u00fastica","fecha_de_publicacion":"07\/10\/2025","novedad":"1","paginas":"68","subtitulo":"","orden":"0","portada":"1","idioma":"cat","booktrailer":"<iframe width=\"949\" height=\"433\" src=\"https:\/\/www.youtube.com\/embed\/4FeCgFY642A?si=OijrOUi08tJZVwts\" title=\"YouTube video player\" frameborder=\"0\" allow=\"accelerometer; autoplay; clipboard-write; encrypted-media; gyroscope; picture-in-picture; web-share\" referrerpolicy=\"strict-origin-when-cross-origin\" allowfullscreen><\/iframe>","resenas":"<p>Catalunya Religi\u00f3, 07\/10\/2025<\/p>\n<p><a href=\"https:\/\/www.catalunyareligio.cat\/ca\/blog\/llibres-recomanats\/derelictes-322079\" rel=\"noopener noreferrer\" target=\"_blank\">https:\/\/www.catalunyareligio.cat\/ca\/blog\/llibres-recomanats\/derelictes-322079<\/a><\/p>\n<p><\/p>\n<p>Catalunya Cristiana, 12\/10\/2025<\/p>\n<p><a href=\"https:\/\/drive.google.com\/file\/d\/1Fq2Rvv-xXzBDh9Qf1gSIQaBmHF4VYT9Q\/view?usp=sharing\" rel=\"noopener noreferrer\" target=\"_blank\">https:\/\/drive.google.com\/file\/d\/1Fq2Rvv-xXzBDh9Qf1gSIQaBmHF4VYT9Q\/view?usp=sharing<\/a><\/p>\n<p><\/p>\n<p>Catalunya Cristiana (castellano), 12\/10\/2025<\/p>\n<p><a href=\"https:\/\/drive.google.com\/file\/d\/1Lr5zlKEw4_wMmSyXIhl2ZNY_nVKggNKc\/view?usp=sharing\" rel=\"noopener noreferrer\" target=\"_blank\">https:\/\/drive.google.com\/file\/d\/1Lr5zlKEw4_wMmSyXIhl2ZNY_nVKggNKc\/view?usp=sharing<\/a><\/p>\n<p><\/p>\n<p>Olot Televisi\u00f3, 31\/10\/2025<\/p>\n<p><a href=\"https:\/\/youtu.be\/2wsWTsZgB5c?si=rldYj1JYf-Luu-g_\" rel=\"noopener noreferrer\" target=\"_blank\">https:\/\/youtu.be\/2wsWTsZgB5c?si=rldYj1JYf-Luu-g_<\/a><\/p>\n","editorial":[{"ID":6158,"post_author":"3","post_date":"2022-07-28 17:46:08","post_date_gmt":"2022-07-28 15:46:08","post_content":"","post_title":"CLARET","post_excerpt":"","post_status":"publish","comment_status":"closed","ping_status":"closed","post_password":"","post_name":"claret","to_ping":"","pinged":"","post_modified":"2022-07-28 17:46:08","post_modified_gmt":"2022-07-28 15:46:08","post_content_filtered":"","post_parent":0,"guid":"http:\/\/dev.claret.cat\/editorial\/claret\/","menu_order":0,"post_type":"editorial","post_mime_type":"","comment_count":"0","filter":"raw"}],"autores-libros":[{"ID":1053944,"post_author":"3","post_date":"2025-09-19 10:30:12","post_date_gmt":"2025-09-19 08:30:12","post_content":"<div class=\"container mx-auto max-w-screen-md flex items-center justify-center flex-col\">\r\n<div class=\"text-center w-full font-serif\">\r\n\r\n<strong>Coral Moli i Plana<\/strong>\u00a0(Olot, 2002) \u00e9s graduada en Hist\u00f2ria (UB), estudiant de Teologia (AUSP) i del m\u00e0ster en Hist\u00f2ria Antiga (UCL). \u00c9s bec\u00e0ria de La Caixa Foundation (LCF\/BQ\/ PFA25\/11000024). Ha fet estades acad\u00e8miques a les universitats d\u2019Oxford (2023), de Rabat (2022 i 2024) i a l\u2019\u00c9cole Fran\u00e7aise d\u2019Ath\u00e8nes (2025).\r\n\r\nHa publicat la novel\u00b7la breu\u00a0<em><strong>Despullo l\u2019oblit<\/strong><\/em>\u00a0(Primer Premi de prosa juvenil d\u2019\u00d2mnium Garrotxa 2020), l\u2019estudi\u00a0<strong><em>Sobre Asfalt<\/em><\/strong>\u00a0(Premi Facultat de Biologia UB, Distinci\u00f3 IQS-URL i Premi Comarcal Jordi Pujiula 2021) i, a quatre mans, El pou de l\u2019era i altres narracions (acc\u00e8ssit als Premis Guillem de Belibasta 2021). Ha publicat articles a\u00a0<em>La Comarca d\u2019Olot<\/em>, al diari\u00a0<em>Catalunya Religi\u00f3<\/em>\u00a0i a la\u00a0<em>Revista Esperit<\/em>. Est\u00e0 vinculada a l\u2019Ateneu Barcelon\u00e8s i ha col\u00b7laborat en cicles de la Fundaci\u00f3 Joan Maragall.\r\n\r\n<\/div>\r\n<\/div>\r\n<div class=\"container mx-auto\"><\/div>","post_title":"CORAL MOLI I PLANA","post_excerpt":"","post_status":"publish","comment_status":"closed","ping_status":"closed","post_password":"","post_name":"coral-moli-i-plana","to_ping":"","pinged":"","post_modified":"2025-10-07 11:35:46","post_modified_gmt":"2025-10-07 09:35:46","post_content_filtered":"","post_parent":0,"guid":"https:\/\/www.claret.cat\/autor\/coral-moli-i-plana\/","menu_order":0,"post_type":"autor","post_mime_type":"","comment_count":"0","filter":"raw"}],"linkebook":"","ficha":"849136605_1759310954.pdf","muestra":"","precioebook":"0","presentacion":""},"aioseo_notices":[],"_links":{"self":[{"href":"https:\/\/www.claret.cat\/es\/wp-json\/wp\/v2\/product\/1053941","targetHints":{"allow":["GET"]}}],"collection":[{"href":"https:\/\/www.claret.cat\/es\/wp-json\/wp\/v2\/product"}],"about":[{"href":"https:\/\/www.claret.cat\/es\/wp-json\/wp\/v2\/types\/product"}],"wp:featuredmedia":[{"embeddable":true,"href":"https:\/\/www.claret.cat\/es\/wp-json\/wp\/v2\/media\/1092828"}],"wp:attachment":[{"href":"https:\/\/www.claret.cat\/es\/wp-json\/wp\/v2\/media?parent=1053941"}],"wp:term":[{"taxonomy":"product_brand","embeddable":true,"href":"https:\/\/www.claret.cat\/es\/wp-json\/wp\/v2\/product_brand?post=1053941"},{"taxonomy":"product_cat","embeddable":true,"href":"https:\/\/www.claret.cat\/es\/wp-json\/wp\/v2\/product_cat?post=1053941"},{"taxonomy":"product_tag","embeddable":true,"href":"https:\/\/www.claret.cat\/es\/wp-json\/wp\/v2\/product_tag?post=1053941"}],"curies":[{"name":"wp","href":"https:\/\/api.w.org\/{rel}","templated":true}]}}