{"id":1054011,"date":"2025-09-19T13:00:01","date_gmt":"2025-09-19T11:00:01","guid":{"rendered":"https:\/\/www.claret.cat\/llibre\/agusti-dhipona-enarrationes-in-psalmos-4167-vol-ii-9788412955187\/"},"modified":"2026-03-28T13:30:11","modified_gmt":"2026-03-28T12:30:11","slug":"agusti-dhipona-enarrationes-in-psalmos-4167-vol-ii-9788412955187","status":"publish","type":"product","link":"https:\/\/www.claret.cat\/es\/libro\/agusti-dhipona-enarrationes-in-psalmos-4167-vol-ii-9788412955187\/","title":{"rendered":"AGUST\u00cd D&#8217;HIPONA. ENARRATIONES IN PSALMOS. 41-67 (vol. II)"},"content":{"rendered":"<p>Comentaris als salms. Edici\u00f3 biling\u00fce llat\u00ed-catal\u00e0- Comentaris 41-67<\/p>\n","protected":false},"excerpt":{"rendered":"<p>TORRA BITLLOCH, JOAN<\/p>\n","protected":false},"featured_media":1081098,"template":"","meta":{"_acf_changed":false,"om_disable_all_campaigns":false,"rs_blank_template":"","rs_page_bg_color":"","slide_template_v7":"","inline_featured_image":false,"_monsterinsights_skip_tracking":false,"_monsterinsights_sitenote_active":false,"_monsterinsights_sitenote_note":"","_monsterinsights_sitenote_category":0},"product_brand":[],"product_cat":[510,280,383,198],"product_tag":[],"class_list":{"0":"post-1054011","1":"product","2":"type-product","3":"status-publish","4":"has-post-thumbnail","6":"product_cat-patrologia-teologia-1_espiritualidad","7":"product_cat-patrologia","8":"product_cat-salmos-y-libros-poeticos","9":"product_cat-salms-i-llibres-poetics","11":"first","12":"instock","13":"taxable","14":"shipping-taxable","15":"purchasable","16":"product-type-simple"},"acf":{"autor":"TORRA BITLLOCH, JOAN","codart":"841295518","libros-coleccion":"","ediciones":"1","encuadernacion":"R\u00fastica","fecha_de_publicacion":"15\/04\/2024","novedad":"1","paginas":"921","subtitulo":"","orden":"0","portada":"0","idioma":"cat","booktrailer":"","resenas":"","editorial":[{"ID":6253,"post_author":"3","post_date":"2022-07-28 17:48:14","post_date_gmt":"2022-07-28 15:48:14","post_content":"","post_title":"Facultat Teologia de Catalunya","post_excerpt":"","post_status":"publish","comment_status":"closed","ping_status":"closed","post_password":"","post_name":"facultat-teologia-de-catalunya","to_ping":"","pinged":"","post_modified":"2022-07-28 17:48:14","post_modified_gmt":"2022-07-28 15:48:14","post_content_filtered":"","post_parent":0,"guid":"http:\/\/dev.claret.cat\/editorial\/facultat-teologia-de-catalunya\/","menu_order":0,"post_type":"editorial","post_mime_type":"","comment_count":"0","filter":"raw"}]},"aioseo_notices":[],"_links":{"self":[{"href":"https:\/\/www.claret.cat\/es\/wp-json\/wp\/v2\/product\/1054011","targetHints":{"allow":["GET"]}}],"collection":[{"href":"https:\/\/www.claret.cat\/es\/wp-json\/wp\/v2\/product"}],"about":[{"href":"https:\/\/www.claret.cat\/es\/wp-json\/wp\/v2\/types\/product"}],"wp:featuredmedia":[{"embeddable":true,"href":"https:\/\/www.claret.cat\/es\/wp-json\/wp\/v2\/media\/1081098"}],"wp:attachment":[{"href":"https:\/\/www.claret.cat\/es\/wp-json\/wp\/v2\/media?parent=1054011"}],"wp:term":[{"taxonomy":"product_brand","embeddable":true,"href":"https:\/\/www.claret.cat\/es\/wp-json\/wp\/v2\/product_brand?post=1054011"},{"taxonomy":"product_cat","embeddable":true,"href":"https:\/\/www.claret.cat\/es\/wp-json\/wp\/v2\/product_cat?post=1054011"},{"taxonomy":"product_tag","embeddable":true,"href":"https:\/\/www.claret.cat\/es\/wp-json\/wp\/v2\/product_tag?post=1054011"}],"curies":[{"name":"wp","href":"https:\/\/api.w.org\/{rel}","templated":true}]}}