{"id":1054326,"date":"2025-09-22T12:45:02","date_gmt":"2025-09-22T10:45:02","guid":{"rendered":"https:\/\/www.claret.cat\/llibre\/cuaderno-wireo-polipiel-12x17-ref-cw11-8423647121730\/"},"modified":"2026-04-01T17:48:05","modified_gmt":"2026-04-01T15:48:05","slug":"cuaderno-wireo-polipiel-12x17-ref-cw11-8423647121730","status":"publish","type":"product","link":"https:\/\/www.claret.cat\/es\/libro\/cuaderno-wireo-polipiel-12x17-ref-cw11-8423647121730\/","title":{"rendered":"CUADERNO WIRE-O POLIPIEL 12&#215;17 (REF. CW11)"},"content":{"rendered":"<p>Cuaderno de 192 p\u00e1ginas en papel ahuesado, encuardernado en Wire-o<\/p>\n<p>Tama\u00f1o 12x17cm<\/p>\n<p>Tapa r\u00edgida en polipiel con cierre mediante goma el\u00e1stica, con u\u00f1ero<\/p>\n","protected":false},"excerpt":{"rendered":"<p>MYRGA<\/p>\n","protected":false},"featured_media":1094189,"template":"","meta":{"_acf_changed":false,"om_disable_all_campaigns":false,"rs_blank_template":"","rs_page_bg_color":"","slide_template_v7":"","inline_featured_image":false,"_monsterinsights_skip_tracking":false,"_monsterinsights_sitenote_active":false,"_monsterinsights_sitenote_note":"","_monsterinsights_sitenote_category":0},"product_brand":[],"product_cat":[90,540],"product_tag":[],"class_list":{"0":"post-1054326","1":"product","2":"type-product","3":"status-publish","4":"has-post-thumbnail","6":"product_cat-altres","7":"product_cat-otros","9":"first","10":"instock","11":"taxable","12":"shipping-taxable","13":"purchasable","14":"product-type-simple"},"acf":{"autor":"MYRGA","codart":"364712173","libros-coleccion":"","ediciones":"1","encuadernacion":"R\u00fastica","fecha_de_publicacion":"22\/09\/2025","novedad":"1","paginas":"192","subtitulo":"","orden":"0","portada":"0","idioma":"spa","booktrailer":"","resenas":"","editorial":[{"ID":148557,"post_author":"3","post_date":"2022-10-14 11:59:10","post_date_gmt":"2022-10-14 09:59:10","post_content":"","post_title":"MYRGA","post_excerpt":"","post_status":"publish","comment_status":"closed","ping_status":"closed","post_password":"","post_name":"myrga","to_ping":"","pinged":"","post_modified":"2022-10-14 11:59:10","post_modified_gmt":"2022-10-14 09:59:10","post_content_filtered":"","post_parent":0,"guid":"http:\/\/dev.claret.cat\/editorial\/myrga\/","menu_order":0,"post_type":"editorial","post_mime_type":"","comment_count":"0","filter":"raw"}]},"aioseo_notices":[],"_links":{"self":[{"href":"https:\/\/www.claret.cat\/es\/wp-json\/wp\/v2\/product\/1054326","targetHints":{"allow":["GET"]}}],"collection":[{"href":"https:\/\/www.claret.cat\/es\/wp-json\/wp\/v2\/product"}],"about":[{"href":"https:\/\/www.claret.cat\/es\/wp-json\/wp\/v2\/types\/product"}],"wp:featuredmedia":[{"embeddable":true,"href":"https:\/\/www.claret.cat\/es\/wp-json\/wp\/v2\/media\/1094189"}],"wp:attachment":[{"href":"https:\/\/www.claret.cat\/es\/wp-json\/wp\/v2\/media?parent=1054326"}],"wp:term":[{"taxonomy":"product_brand","embeddable":true,"href":"https:\/\/www.claret.cat\/es\/wp-json\/wp\/v2\/product_brand?post=1054326"},{"taxonomy":"product_cat","embeddable":true,"href":"https:\/\/www.claret.cat\/es\/wp-json\/wp\/v2\/product_cat?post=1054326"},{"taxonomy":"product_tag","embeddable":true,"href":"https:\/\/www.claret.cat\/es\/wp-json\/wp\/v2\/product_tag?post=1054326"}],"curies":[{"name":"wp","href":"https:\/\/api.w.org\/{rel}","templated":true}]}}