{"id":1054441,"date":"2025-09-22T16:17:03","date_gmt":"2025-09-22T14:17:03","guid":{"rendered":"https:\/\/www.claret.cat\/llibre\/bluey-un-cuento-mal-humor-edicion-en-espanol-9788448871765\/"},"modified":"2026-02-26T16:56:26","modified_gmt":"2026-02-26T15:56:26","slug":"bluey-un-cuento-mal-humor-edicion-en-espanol-9788448871765","status":"publish","type":"product","link":"https:\/\/www.claret.cat\/es\/libro\/bluey-un-cuento-mal-humor-edicion-en-espanol-9788448871765\/","title":{"rendered":"BLUEY. UN CUENTO &#8211; MAL HUMOR (EDICI\u00d3N EN ESPA\u00d1OL)"},"content":{"rendered":"<p>Deshazte del mal humor junto a Bluey y Bingo en este nuevo libro, basado en la exitosa serie de animaci\u00f3n Bluey, que se emite en Disney+. Bingo est\u00e1 hoy de mal humor y empieza a causar el caos en la casa de los Pastor. Bluey intenta hacerla feliz de nuevo con algunas de sus cosas favoritas. \u00bfPodr\u00e1n Bluey y mam\u00e1 animarla antes de que destroce la casa?  Acaba con el mal humor junto a Bingo y Bluey en este nuevo cuento ilustrado basado en la serie de televisi\u00f3n favorita de los m\u00e1s peque\u00f1os y que ha enamorado a todas las familias. Un cuento entretenido con el que los ni\u00f1os y ni\u00f1as a partir de 4 a\u00f1os no se aburrir\u00e1n. *Los libros de Bluey, la serie de animaci\u00f3n ganadora de Emmy\u00a9, engancha a los peque\u00f1os, emociona a los mayores y transmite valores positivos para toda la familia. *Lee, divi\u00e9rtete y aprende la importancia del juego en familia, de saber escuchar y de ir todos a una. *Repleto de ilustraciones a color, este libro es la lectura perfecta para los fans de la aclamada serie de televisi\u00f3n que ya triunfa en todo el mundo. *Leer alimenta la imaginaci\u00f3n y la creatividad, favorece la concentraci\u00f3n y ayuda a mejorar algunas habilidades sociales como la empat\u00eda.<\/p>\n","protected":false},"excerpt":{"rendered":"<p>BLUEY<\/p>\n","protected":false},"featured_media":1054508,"template":"","meta":{"_acf_changed":false,"om_disable_all_campaigns":false,"rs_blank_template":"","rs_page_bg_color":"","slide_template_v7":"","inline_featured_image":false,"_monsterinsights_skip_tracking":false,"_monsterinsights_sitenote_active":false,"_monsterinsights_sitenote_note":"","_monsterinsights_sitenote_category":0},"product_brand":[],"product_cat":[131,361],"product_tag":[],"class_list":{"0":"post-1054441","1":"product","2":"type-product","3":"status-publish","4":"has-post-thumbnail","6":"product_cat-contes-per-infants-0-6-anys","7":"product_cat-cuentos-para-ninos-0-6-anos","9":"first","10":"instock","11":"taxable","12":"shipping-taxable","13":"purchasable","14":"product-type-simple"},"acf":{"autor":"BLUEY","codart":"844887176","libros-coleccion":"Cuentos infantiles","ediciones":"1","encuadernacion":"Carton\u00e9","fecha_de_publicacion":"01\/09\/2025","novedad":"1","paginas":"24","subtitulo":"","orden":"0","portada":"0","idioma":"spa","booktrailer":"","resenas":"","editorial":[{"ID":6141,"post_author":"3","post_date":"2022-07-28 17:45:46","post_date_gmt":"2022-07-28 15:45:46","post_content":"","post_title":"BEASCOA","post_excerpt":"","post_status":"publish","comment_status":"closed","ping_status":"closed","post_password":"","post_name":"beascoa","to_ping":"","pinged":"","post_modified":"2022-07-28 17:45:46","post_modified_gmt":"2022-07-28 15:45:46","post_content_filtered":"","post_parent":0,"guid":"http:\/\/dev.claret.cat\/editorial\/beascoa\/","menu_order":0,"post_type":"editorial","post_mime_type":"","comment_count":"0","filter":"raw"}]},"aioseo_notices":[],"_links":{"self":[{"href":"https:\/\/www.claret.cat\/es\/wp-json\/wp\/v2\/product\/1054441","targetHints":{"allow":["GET"]}}],"collection":[{"href":"https:\/\/www.claret.cat\/es\/wp-json\/wp\/v2\/product"}],"about":[{"href":"https:\/\/www.claret.cat\/es\/wp-json\/wp\/v2\/types\/product"}],"wp:featuredmedia":[{"embeddable":true,"href":"https:\/\/www.claret.cat\/es\/wp-json\/wp\/v2\/media\/1054508"}],"wp:attachment":[{"href":"https:\/\/www.claret.cat\/es\/wp-json\/wp\/v2\/media?parent=1054441"}],"wp:term":[{"taxonomy":"product_brand","embeddable":true,"href":"https:\/\/www.claret.cat\/es\/wp-json\/wp\/v2\/product_brand?post=1054441"},{"taxonomy":"product_cat","embeddable":true,"href":"https:\/\/www.claret.cat\/es\/wp-json\/wp\/v2\/product_cat?post=1054441"},{"taxonomy":"product_tag","embeddable":true,"href":"https:\/\/www.claret.cat\/es\/wp-json\/wp\/v2\/product_tag?post=1054441"}],"curies":[{"name":"wp","href":"https:\/\/api.w.org\/{rel}","templated":true}]}}