{"id":1054529,"date":"2025-09-22T17:00:02","date_gmt":"2025-09-22T15:00:02","guid":{"rendered":"https:\/\/www.claret.cat\/llibre\/la-fuerza-del-dragon-cronicas-de-lilium-1-9788419868381\/"},"modified":"2026-02-27T18:30:12","modified_gmt":"2026-02-27T17:30:12","slug":"la-fuerza-del-dragon-cronicas-de-lilium-1-9788419868381","status":"publish","type":"product","link":"https:\/\/www.claret.cat\/es\/libro\/la-fuerza-del-dragon-cronicas-de-lilium-1-9788419868381\/","title":{"rendered":"LA FUERZA DEL DRAG\u00d3N (CR\u00d3NICAS DE LILIUM 1)"},"content":{"rendered":"<p>Una historia de amor, fantas\u00eda y \u00a1criaturas m\u00e1gicas! perfecta para adentrarte en el mundo del Romantasy No es f\u00e1cil vivir en una tierra de monstruos y es a\u00fan peor cuando no puedes verlos. Los habitantes de Dalia vivir\u00edan aterrorizados por un mal invisible de no ser por los Mata Quimeras. Nacidos con el don de la visi\u00f3n, son los \u00fanicos capaces de ver a esas criaturas. Cazarlas es muy peligroso y cualquiera de ellos necesita entrenamiento, compa\u00f1eros y un gremio que lo respalde. Annie tiene el don para ver a las quimeras, pero ha intentado no llamar la atenci\u00f3n, hasta que el azar la lleva a encontrarse con Kian, y le hace cambiar completamente de rumbo. El Lilium no es el gremio m\u00e1s grande de Dalia, ni el m\u00e1s prestigioso. Tampoco es el m\u00e1s rico, ni el m\u00e1s profesional. De hecho, es el m\u00e1s problem\u00e1tico, el m\u00e1s desorganizado y el que peor reputaci\u00f3n tiene; pero es al que acuden todos cuando nadie m\u00e1s est\u00e1 dispuesto a ayudarlos. Los Mata Quimeras del gremio Lilium son los m\u00e1s locos de todos. Y entre sus muros, Annie y Kian se sentir\u00e1n afortunados al encontrar un hogar.<\/p>\n","protected":false},"excerpt":{"rendered":"<p>GALLEGO, PAULA<\/p>\n","protected":false},"featured_media":1054796,"template":"","meta":{"_acf_changed":false,"om_disable_all_campaigns":false,"rs_blank_template":"","rs_page_bg_color":"","slide_template_v7":"","inline_featured_image":false,"_monsterinsights_skip_tracking":false,"_monsterinsights_sitenote_active":false,"_monsterinsights_sitenote_note":"","_monsterinsights_sitenote_category":0},"product_brand":[],"product_cat":[133,363],"product_tag":[],"class_list":{"0":"post-1054529","1":"product","2":"type-product","3":"status-publish","4":"has-post-thumbnail","6":"product_cat-lectures-per-adolescents-12-18-anys","7":"product_cat-lecturas-por-adolescentes-12-18-anos","9":"first","10":"instock","11":"taxable","12":"shipping-taxable","13":"purchasable","14":"product-type-simple"},"acf":{"autor":"GALLEGO, PAULA","codart":"841986838","libros-coleccion":"FORA DE COL.LECCI\u00d3","ediciones":"1","encuadernacion":"R\u00fastica","fecha_de_publicacion":"01\/09\/2025","novedad":"1","paginas":"221","subtitulo":"","orden":"0","portada":"0","idioma":"spa","booktrailer":"","resenas":"","editorial":[{"ID":6354,"post_author":"3","post_date":"2022-07-28 17:50:23","post_date_gmt":"2022-07-28 15:50:23","post_content":"","post_title":"Salamandra Infantil y Juvenil","post_excerpt":"","post_status":"publish","comment_status":"closed","ping_status":"closed","post_password":"","post_name":"salamandra-infantil-y-juvenil","to_ping":"","pinged":"","post_modified":"2022-07-28 17:50:23","post_modified_gmt":"2022-07-28 15:50:23","post_content_filtered":"","post_parent":0,"guid":"http:\/\/dev.claret.cat\/editorial\/salamandra-infantil-y-juvenil\/","menu_order":0,"post_type":"editorial","post_mime_type":"","comment_count":"0","filter":"raw"}]},"aioseo_notices":[],"_links":{"self":[{"href":"https:\/\/www.claret.cat\/es\/wp-json\/wp\/v2\/product\/1054529","targetHints":{"allow":["GET"]}}],"collection":[{"href":"https:\/\/www.claret.cat\/es\/wp-json\/wp\/v2\/product"}],"about":[{"href":"https:\/\/www.claret.cat\/es\/wp-json\/wp\/v2\/types\/product"}],"wp:featuredmedia":[{"embeddable":true,"href":"https:\/\/www.claret.cat\/es\/wp-json\/wp\/v2\/media\/1054796"}],"wp:attachment":[{"href":"https:\/\/www.claret.cat\/es\/wp-json\/wp\/v2\/media?parent=1054529"}],"wp:term":[{"taxonomy":"product_brand","embeddable":true,"href":"https:\/\/www.claret.cat\/es\/wp-json\/wp\/v2\/product_brand?post=1054529"},{"taxonomy":"product_cat","embeddable":true,"href":"https:\/\/www.claret.cat\/es\/wp-json\/wp\/v2\/product_cat?post=1054529"},{"taxonomy":"product_tag","embeddable":true,"href":"https:\/\/www.claret.cat\/es\/wp-json\/wp\/v2\/product_tag?post=1054529"}],"curies":[{"name":"wp","href":"https:\/\/api.w.org\/{rel}","templated":true}]}}