{"id":1054696,"date":"2025-09-22T18:41:00","date_gmt":"2025-09-22T16:41:00","guid":{"rendered":"https:\/\/www.claret.cat\/llibre\/fisica-cuantica-de-lo-cotidiano-9791387556686\/"},"modified":"2025-09-22T19:15:21","modified_gmt":"2025-09-22T17:15:21","slug":"fisica-cuantica-de-lo-cotidiano-9791387556686","status":"publish","type":"product","link":"https:\/\/www.claret.cat\/es\/libro\/fisica-cuantica-de-lo-cotidiano-9791387556686\/","title":{"rendered":"F\u00cdSICA CU\u00c1NTICA DE LO COTIDIANO"},"content":{"rendered":"<p>Cada vez que abres el coche con un mando, sigues una ruta con el GPS o te haces una resonancia, est\u00e1s interactuando con el asombroso ?y a menudo invisible? mundo de la f\u00edsica cu\u00e1ntica. Lejos de ser una rareza para genios con pizarra, la cu\u00e1ntica est\u00e1 en todas partes: en tu bolsillo, en tu cocina y en tu cuerpo.<br \/> La doctora Ana Mart\u00edn Fern\u00e1ndez nos invita a descubrir c\u00f3mo una teor\u00eda nacida hace m\u00e1s de un siglo ?gracias a mentes brillantes como la de Max Planck? se ha convertido en la columna vertebral de la tecnolog\u00eda moderna. Con un estilo claro y cercano, explora conceptos como la dualidad onda-part\u00edcula, el efecto t\u00fanel o la famosa ecuaci\u00f3n de Dirac, y los conecta con objetos cotidianos que usamos sin pensar.<br \/> \u00bfPor qu\u00e9 tu GPS necesita f\u00edsica cu\u00e1ntica para funcionar? \u00bfQu\u00e9 tienen en com\u00fan un l\u00e1ser de supermercado y una operaci\u00f3n de retina? \u00bfC\u00f3mo puede la cu\u00e1ntica ayudarte a diagnosticar una enfermedad o proteger tus datos del futuro?<br \/> Pero esto no acaba aqu\u00ed. El libro tambi\u00e9n se asoma a lo que viene: ordenadores cu\u00e1nticos, criptograf\u00eda ultrasegura, sensores que parecen de ciencia ficci\u00f3n. Todo ello explicado sin f\u00f3rmulas ni jerga t\u00e9cnica, solo con la promesa de que entender la cu\u00e1ntica es m\u00e1s f\u00e1cil ?y m\u00e1s fascinante? de lo que imaginas.<br \/> Una gu\u00eda para mirar el mundo con otros ojos y descubrir que lo m\u00e1s extraordinario? es lo que ya est\u00e1 aqu\u00ed.<\/p>\n","protected":false},"excerpt":{"rendered":"<p>ANA MART\u00cdN<\/p>\n","protected":false},"featured_media":1054740,"template":"","meta":{"_acf_changed":false,"om_disable_all_campaigns":false,"rs_blank_template":"","rs_page_bg_color":"","slide_template_v7":"","inline_featured_image":false,"_monsterinsights_skip_tracking":false,"_monsterinsights_sitenote_active":false,"_monsterinsights_sitenote_note":"","_monsterinsights_sitenote_category":0},"product_brand":[],"product_cat":[104,554],"product_tag":[],"class_list":{"0":"post-1054696","1":"product","2":"type-product","3":"status-publish","4":"has-post-thumbnail","6":"product_cat-ciencia","7":"product_cat-ciencia-5_otras-spa","9":"first","10":"instock","11":"taxable","12":"shipping-taxable","13":"purchasable","14":"product-type-simple"},"acf":{"autor":"ANA MART\u00cdN","codart":"138755668","libros-coleccion":"DIVULGACION CIENTIFICA","ediciones":"1","encuadernacion":"R\u00fastica","fecha_de_publicacion":"01\/09\/2025","novedad":"1","paginas":"220","subtitulo":"DE LA TOSTADORA AL GPS: LOS PRINCIPIOS CU\u00c1NTICOS QUE HAY DETR\u00c1S DEL MUNDO VISIBL","orden":"0","portada":"0","idioma":"spa","booktrailer":"","resenas":"","editorial":[{"ID":1008132,"post_author":"3","post_date":"2025-02-27 11:51:11","post_date_gmt":"2025-02-27 10:51:11","post_content":"","post_title":"PINOLIA","post_excerpt":"","post_status":"publish","comment_status":"closed","ping_status":"closed","post_password":"","post_name":"pinolia","to_ping":"","pinged":"","post_modified":"2025-02-27 11:51:11","post_modified_gmt":"2025-02-27 10:51:11","post_content_filtered":"","post_parent":0,"guid":"https:\/\/www.claret.cat\/editorial\/pinolia\/","menu_order":0,"post_type":"editorial","post_mime_type":"","comment_count":"0","filter":"raw"}]},"aioseo_notices":[],"_links":{"self":[{"href":"https:\/\/www.claret.cat\/es\/wp-json\/wp\/v2\/product\/1054696","targetHints":{"allow":["GET"]}}],"collection":[{"href":"https:\/\/www.claret.cat\/es\/wp-json\/wp\/v2\/product"}],"about":[{"href":"https:\/\/www.claret.cat\/es\/wp-json\/wp\/v2\/types\/product"}],"wp:featuredmedia":[{"embeddable":true,"href":"https:\/\/www.claret.cat\/es\/wp-json\/wp\/v2\/media\/1054740"}],"wp:attachment":[{"href":"https:\/\/www.claret.cat\/es\/wp-json\/wp\/v2\/media?parent=1054696"}],"wp:term":[{"taxonomy":"product_brand","embeddable":true,"href":"https:\/\/www.claret.cat\/es\/wp-json\/wp\/v2\/product_brand?post=1054696"},{"taxonomy":"product_cat","embeddable":true,"href":"https:\/\/www.claret.cat\/es\/wp-json\/wp\/v2\/product_cat?post=1054696"},{"taxonomy":"product_tag","embeddable":true,"href":"https:\/\/www.claret.cat\/es\/wp-json\/wp\/v2\/product_tag?post=1054696"}],"curies":[{"name":"wp","href":"https:\/\/api.w.org\/{rel}","templated":true}]}}