{"id":1054806,"date":"2025-09-23T10:55:02","date_gmt":"2025-09-23T08:55:02","guid":{"rendered":"https:\/\/www.claret.cat\/llibre\/islamismo-y-judeocristianismoel-9788496859227\/"},"modified":"2025-09-29T13:26:29","modified_gmt":"2025-09-29T11:26:29","slug":"islamismo-y-judeocristianismoel-9788496859227","status":"publish","type":"product","link":"https:\/\/www.claret.cat\/es\/libro\/islamismo-y-judeocristianismoel-9788496859227\/","title":{"rendered":"ISLAMISMO Y JUDEOCRISTIANISMO,EL"},"content":{"rendered":"<p>Opositor en la d\u00e9cada de 1930 al marxismo, perseguido por los nazis durante la ocupaci\u00f3n de Francia, declarado &#8216;justo entre las naciones&#8217; por haber salvado de la deportaci\u00f3n nazi a familias jud\u00edas, agudo cr\u00edtico del progreso t\u00e9cnico y uno de los inspiradores de la preocupaci\u00f3n ecol\u00f3gica, Jacques Ellul -jurista, historiador, te\u00f3logo- se distingui\u00f3 siempre por su anticonformismo radical. <br \/> Los textos recogidos en este volumen -&#8216;que deben leerse como un testamento&#8217;, seg\u00fan precisa Alain Besan\u00e7on en su pr\u00f3logo- son una muestra m\u00e1s de la capacidad de Ellul para construir un pensamiento a contracorriente del lugar com\u00fan. En ellos, Jacques Ellul realiza un an\u00e1lisis tan rico como pol\u00e9mico sobre las relaciones que, en el plano religioso, mantienen el islamismo y el judeocristianismo. Partiendo de tres principios que se supone certifican el parentesco entre ambos, muestra que esta relaci\u00f3n es teol\u00f3gicamente err\u00f3nea, pues esos &#8216;tres pilares del conformismo&#8217; -hijos de Abraham, monote\u00edsmo, religiones del Libro- constituyen, en realidad, acercamientos abusivos que ocultan una diferencia fundamental: &#8216;La similitud de las palabras esconde por completo las oposiciones, a la vez del sentido y del ser&#8217;. <\/p>\n<p> &#8216;El cr\u00edtico impiadoso tanto de la raz\u00f3n occidental como de las instituciones eclesi\u00e1sticas [denuncia en esta obra] el auge de un discurso demag\u00f3gico sobre el Cor\u00e1n.&#8217;<br \/> Eric Conan, L&#8221;Express<\/p>\n","protected":false},"excerpt":{"rendered":"<p>ELLUL, JACQUES \/ BESAN\u00c7ON, ALAIN<\/p>\n","protected":false},"featured_media":1056004,"template":"","meta":{"_acf_changed":false,"om_disable_all_campaigns":false,"rs_blank_template":"","rs_page_bg_color":"","slide_template_v7":"","inline_featured_image":false,"_monsterinsights_skip_tracking":false,"_monsterinsights_sitenote_active":false,"_monsterinsights_sitenote_note":"","_monsterinsights_sitenote_category":0},"product_brand":[],"product_cat":[544,94],"product_tag":[],"class_list":{"0":"post-1054806","1":"product","2":"type-product","3":"status-publish","4":"has-post-thumbnail","6":"product_cat-religiones","7":"product_cat-religions","9":"first","10":"instock","11":"taxable","12":"shipping-taxable","13":"purchasable","14":"product-type-simple"},"acf":{"autor":"ELLUL, JACQUES \/ BESAN\u00c7ON, ALAIN","codart":"849685922","libros-coleccion":"FORA DE COL.LECCI\u00d3","ediciones":"1","encuadernacion":"Carpeta","fecha_de_publicacion":"01\/02\/2008","novedad":"0","paginas":"130","subtitulo":"","orden":"0","portada":"0","idioma":"spa","booktrailer":"","resenas":"","editorial":[{"ID":148332,"post_author":"3","post_date":"2022-10-14 11:57:25","post_date_gmt":"2022-10-14 09:57:25","post_content":"","post_title":"KATZ BARPAL EDITORES SL","post_excerpt":"","post_status":"publish","comment_status":"closed","ping_status":"closed","post_password":"","post_name":"katz-barpal-editores-sl","to_ping":"","pinged":"","post_modified":"2022-10-14 11:57:25","post_modified_gmt":"2022-10-14 09:57:25","post_content_filtered":"","post_parent":0,"guid":"http:\/\/dev.claret.cat\/editorial\/katz-barpal-editores-sl\/","menu_order":0,"post_type":"editorial","post_mime_type":"","comment_count":"0","filter":"raw"}]},"aioseo_notices":[],"_links":{"self":[{"href":"https:\/\/www.claret.cat\/es\/wp-json\/wp\/v2\/product\/1054806","targetHints":{"allow":["GET"]}}],"collection":[{"href":"https:\/\/www.claret.cat\/es\/wp-json\/wp\/v2\/product"}],"about":[{"href":"https:\/\/www.claret.cat\/es\/wp-json\/wp\/v2\/types\/product"}],"wp:featuredmedia":[{"embeddable":true,"href":"https:\/\/www.claret.cat\/es\/wp-json\/wp\/v2\/media\/1056004"}],"wp:attachment":[{"href":"https:\/\/www.claret.cat\/es\/wp-json\/wp\/v2\/media?parent=1054806"}],"wp:term":[{"taxonomy":"product_brand","embeddable":true,"href":"https:\/\/www.claret.cat\/es\/wp-json\/wp\/v2\/product_brand?post=1054806"},{"taxonomy":"product_cat","embeddable":true,"href":"https:\/\/www.claret.cat\/es\/wp-json\/wp\/v2\/product_cat?post=1054806"},{"taxonomy":"product_tag","embeddable":true,"href":"https:\/\/www.claret.cat\/es\/wp-json\/wp\/v2\/product_tag?post=1054806"}],"curies":[{"name":"wp","href":"https:\/\/api.w.org\/{rel}","templated":true}]}}