{"id":1054864,"date":"2025-09-23T13:35:52","date_gmt":"2025-09-23T11:35:52","guid":{"rendered":"https:\/\/www.claret.cat\/llibre\/cinco-lobitos-libro-con-sonido-9788408297819\/"},"modified":"2026-02-28T10:45:11","modified_gmt":"2026-02-28T09:45:11","slug":"cinco-lobitos-libro-con-sonido-9788408297819","status":"publish","type":"product","link":"https:\/\/www.claret.cat\/es\/libro\/cinco-lobitos-libro-con-sonido-9788408297819\/","title":{"rendered":"CINCO LOBITOS. LIBRO CON SONIDO"},"content":{"rendered":"<p>Un nuevo libro con sonido de Cinco lobitos, una de las canciones de falda m\u00e1s queridas, pensado para cantar, jugar y crear v\u00ednculo desde la primera infancia.<br \/> Cinco lobitos tiene la loba, cinco lobitos detr\u00e1s de la escoba&#8230;<br \/> Este libro de sonido invita a cantar y jugar con una de las canciones de falda m\u00e1s queridas de nuestra tradici\u00f3n oral. Con solo pulsar el bot\u00f3n, suena la melod\u00eda de Cinco lobitos, perfecta para acompa\u00f1ar el juego corporal, el ritmo y el v\u00ednculo afectivo desde los primeros meses de vida.<br \/> Las ilustraciones de Ester Garc\u00eda, de trazo delicado y realista, aportan una mirada tierna y po\u00e9tica que invita a la calma y a la conexi\u00f3n. Su estilo intimista convierte cada escena en un peque\u00f1o refugio visual.<br \/> Adem\u00e1s, el libro incluye cinco botones sonoros: las cuatro primeras pistas son instrumentales, para que cada familia pueda cantar a su ritmo, y la \u00faltima incorpora voces cantadas, ideal para acompa\u00f1ar, imitar o aprender la canci\u00f3n.<\/p>\n<p> Bot\u00f3n musical de f\u00e1cil activaci\u00f3n adaptado a manos peque\u00f1as.<br \/> Texto adaptado a la letra tradicional para cantar en familia.<br \/> Formato de cart\u00f3n peque\u00f1o y resistente con esquinas redondeadas.<br \/> Un primer acercamiento a la m\u00fasica y la lengua a trav\u00e9s del juego.<\/p>\n","protected":false},"excerpt":{"rendered":"<p>GARC\u00cdA, ESTER<\/p>\n","protected":false},"featured_media":1054973,"template":"","meta":{"_acf_changed":false,"om_disable_all_campaigns":false,"rs_blank_template":"","rs_page_bg_color":"","slide_template_v7":"","inline_featured_image":false,"_monsterinsights_skip_tracking":false,"_monsterinsights_sitenote_active":false,"_monsterinsights_sitenote_note":"","_monsterinsights_sitenote_category":0},"product_brand":[],"product_cat":[131,361],"product_tag":[],"class_list":{"0":"post-1054864","1":"product","2":"type-product","3":"status-publish","4":"has-post-thumbnail","6":"product_cat-contes-per-infants-0-6-anys","7":"product_cat-cuentos-para-ninos-0-6-anos","9":"first","10":"instock","11":"taxable","12":"shipping-taxable","13":"purchasable","14":"product-type-simple"},"acf":{"autor":"GARC\u00cdA, ESTER","codart":"8408297819","libros-coleccion":"Libros con sonido","ediciones":"1","encuadernacion":"Carton\u00e9","fecha_de_publicacion":"01\/09\/2025","novedad":"1","paginas":"10","subtitulo":"","orden":"0","portada":"0","idioma":"spa","booktrailer":"","resenas":"","editorial":[{"ID":6233,"post_author":"3","post_date":"2022-07-28 17:47:48","post_date_gmt":"2022-07-28 15:47:48","post_content":"","post_title":"EDITORIAL PLANETA","post_excerpt":"","post_status":"publish","comment_status":"closed","ping_status":"closed","post_password":"","post_name":"editorial-planeta","to_ping":"","pinged":"","post_modified":"2022-07-28 17:47:48","post_modified_gmt":"2022-07-28 15:47:48","post_content_filtered":"","post_parent":0,"guid":"http:\/\/dev.claret.cat\/editorial\/editorial-planeta\/","menu_order":0,"post_type":"editorial","post_mime_type":"","comment_count":"0","filter":"raw"}]},"aioseo_notices":[],"_links":{"self":[{"href":"https:\/\/www.claret.cat\/es\/wp-json\/wp\/v2\/product\/1054864","targetHints":{"allow":["GET"]}}],"collection":[{"href":"https:\/\/www.claret.cat\/es\/wp-json\/wp\/v2\/product"}],"about":[{"href":"https:\/\/www.claret.cat\/es\/wp-json\/wp\/v2\/types\/product"}],"wp:featuredmedia":[{"embeddable":true,"href":"https:\/\/www.claret.cat\/es\/wp-json\/wp\/v2\/media\/1054973"}],"wp:attachment":[{"href":"https:\/\/www.claret.cat\/es\/wp-json\/wp\/v2\/media?parent=1054864"}],"wp:term":[{"taxonomy":"product_brand","embeddable":true,"href":"https:\/\/www.claret.cat\/es\/wp-json\/wp\/v2\/product_brand?post=1054864"},{"taxonomy":"product_cat","embeddable":true,"href":"https:\/\/www.claret.cat\/es\/wp-json\/wp\/v2\/product_cat?post=1054864"},{"taxonomy":"product_tag","embeddable":true,"href":"https:\/\/www.claret.cat\/es\/wp-json\/wp\/v2\/product_tag?post=1054864"}],"curies":[{"name":"wp","href":"https:\/\/api.w.org\/{rel}","templated":true}]}}