{"id":1054897,"date":"2025-09-23T13:50:01","date_gmt":"2025-09-23T11:50:01","guid":{"rendered":"https:\/\/www.claret.cat\/llibre\/el-juego-del-calamar-9788448044947\/"},"modified":"2025-09-23T20:31:47","modified_gmt":"2025-09-23T18:31:47","slug":"el-juego-del-calamar-9788448044947","status":"publish","type":"product","link":"https:\/\/www.claret.cat\/es\/libro\/el-juego-del-calamar-9788448044947\/","title":{"rendered":"EL JUEGO DEL CALAMAR"},"content":{"rendered":"<p>El \u00fanico libro oficial de rompecabezas y desaf\u00edos inspirado en El Juego del Calamar, para fans de la serie que quieran entrar en el juego&#8230; con la mente.Bienvenidos al juego m\u00e1s famoso del mundo.<br \/>\n\u00bfSobrevivir\u00edas a los desaf\u00edos m\u00e1s extremos de la televisi\u00f3n?<br \/>\nEste es el \u00fanico libro oficial de juegos de El Juego del Calamar, la serie que rompi\u00f3 todos los r\u00e9cords en Netflix. Aqu\u00ed no perder\u00e1s la vida&#8230; pero s\u00ed la paciencia. Ponte a prueba con rompecabezas visuales, sudokus imposibles, sopas de letras, acertijos l\u00f3gicos, retos num\u00e9ricos y puzzles inspirados en los juegos de las tres temporadas de la serie.<br \/>\nPrep\u00e1rate para jugar. Para sobrevivir tendr\u00e1s que pensar. Y recuerda: si pierdes\u2026 no pasa nada. Esta vez.<\/p>\n","protected":false},"excerpt":{"rendered":"<p>AA. VV.<\/p>\n","protected":false},"featured_media":1054898,"template":"","meta":{"_acf_changed":false,"om_disable_all_campaigns":false,"rs_blank_template":"","rs_page_bg_color":"","slide_template_v7":"","inline_featured_image":false,"_monsterinsights_skip_tracking":false,"_monsterinsights_sitenote_active":false,"_monsterinsights_sitenote_note":"","_monsterinsights_sitenote_category":0},"product_brand":[],"product_cat":[90,551,101,540],"product_tag":[],"class_list":{"0":"post-1054897","1":"product","2":"type-product","3":"status-publish","4":"has-post-thumbnail","6":"product_cat-altres","7":"product_cat-manualidades","8":"product_cat-manualitats","9":"product_cat-otros","11":"first","12":"instock","13":"taxable","14":"shipping-taxable","15":"purchasable","16":"product-type-simple"},"acf":{"autor":"AA. VV.","codart":"844804494","libros-coleccion":"Pr\u00e1cticos","ediciones":"1","encuadernacion":"R\u00fastica","fecha_de_publicacion":"01\/09\/2025","novedad":"1","paginas":"128","subtitulo":"CUADERNO DE ACTIVIDADES","orden":"0","portada":"0","idioma":"spa","booktrailer":"","resenas":"","editorial":[{"ID":148426,"post_author":"3","post_date":"2022-10-14 11:58:09","post_date_gmt":"2022-10-14 09:58:09","post_content":"","post_title":"LIBROS C\u00daPULA","post_excerpt":"","post_status":"publish","comment_status":"closed","ping_status":"closed","post_password":"","post_name":"libros-cupula","to_ping":"","pinged":"","post_modified":"2022-10-14 11:58:09","post_modified_gmt":"2022-10-14 09:58:09","post_content_filtered":"","post_parent":0,"guid":"http:\/\/dev.claret.cat\/editorial\/libros-cupula\/","menu_order":0,"post_type":"editorial","post_mime_type":"","comment_count":"0","filter":"raw"}],"autores-libros":"","traductores-libros":"","ilustradores-libros":"","formato":"","linkebook":"","precioebook":"","ebookportada":false,"ficha":"","muestra":"","presentacion":"","recomendamos":"","mas_vendido":""},"aioseo_notices":[],"_links":{"self":[{"href":"https:\/\/www.claret.cat\/es\/wp-json\/wp\/v2\/product\/1054897","targetHints":{"allow":["GET"]}}],"collection":[{"href":"https:\/\/www.claret.cat\/es\/wp-json\/wp\/v2\/product"}],"about":[{"href":"https:\/\/www.claret.cat\/es\/wp-json\/wp\/v2\/types\/product"}],"wp:featuredmedia":[{"embeddable":true,"href":"https:\/\/www.claret.cat\/es\/wp-json\/wp\/v2\/media\/1054898"}],"wp:attachment":[{"href":"https:\/\/www.claret.cat\/es\/wp-json\/wp\/v2\/media?parent=1054897"}],"wp:term":[{"taxonomy":"product_brand","embeddable":true,"href":"https:\/\/www.claret.cat\/es\/wp-json\/wp\/v2\/product_brand?post=1054897"},{"taxonomy":"product_cat","embeddable":true,"href":"https:\/\/www.claret.cat\/es\/wp-json\/wp\/v2\/product_cat?post=1054897"},{"taxonomy":"product_tag","embeddable":true,"href":"https:\/\/www.claret.cat\/es\/wp-json\/wp\/v2\/product_tag?post=1054897"}],"curies":[{"name":"wp","href":"https:\/\/api.w.org\/{rel}","templated":true}]}}