{"id":1055000,"date":"2025-09-23T16:35:33","date_gmt":"2025-09-23T14:35:33","guid":{"rendered":"https:\/\/www.claret.cat\/llibre\/la-palabra-que-me-sostiene-9788416245802\/"},"modified":"2026-02-09T18:20:29","modified_gmt":"2026-02-09T17:20:29","slug":"la-palabra-que-me-sostiene-9788416245802","status":"publish","type":"product","link":"https:\/\/www.claret.cat\/es\/libro\/la-palabra-que-me-sostiene-9788416245802\/","title":{"rendered":"LA PALABRA QUE ME SOSTIENE"},"content":{"rendered":"<p>En este nuevo libro, Francesc Torralba sigue el camino empezado despu\u00e9s de la muerte de su hijo, una experiencia sobre la que ya reflexionaba en su anterior obra. Si aquel primer texto surg\u00eda del impacto y el silencio, este nace de una palabra m\u00e1s serena, reposada en el tiempo y en la profundidad interior. Desde su doble mirada \u2014como te\u00f3logo y como padre\u2014 Torralba ofrece una re exi\u00f3n \u00edntima y honesta sobre c\u00f3mo el luto, vivido sin evasiones, puede convertirse en una b\u00fasqueda de sentido y en una forma distinta de paz. Lejos de dar respuestas cerradas, comparte una experiencia: como una cosa tan profundamente humana como el dolor puede transformarse en camino, en aprendizaje, incluso en luz. Para Torralba, la teolog\u00eda es esto, precisamente, el arte de poner palabras al misterio que somos y que atravesamos.<\/p>\n","protected":false},"excerpt":{"rendered":"<p>TORRALBA ROSELL\u00d3, FRANCESC<\/p>\n","protected":false},"featured_media":1055102,"template":"","meta":{"_acf_changed":false,"om_disable_all_campaigns":false,"rs_blank_template":"","rs_page_bg_color":"","slide_template_v7":"","inline_featured_image":false,"_monsterinsights_skip_tracking":false,"_monsterinsights_sitenote_active":false,"_monsterinsights_sitenote_note":"","_monsterinsights_sitenote_category":0},"product_brand":[],"product_cat":[373,166,308],"product_tag":[],"class_list":{"0":"post-1055000","1":"product","2":"type-product","3":"status-publish","4":"has-post-thumbnail","6":"product_cat-autores","7":"product_cat-autors-filosofia","8":"product_cat-castella","10":"first","11":"instock","12":"taxable","13":"shipping-taxable","14":"purchasable","15":"product-type-simple"},"acf":{"autor":"TORRALBA ROSELL\u00d3, FRANCESC","codart":"841624580","libros-coleccion":"Now Books","ediciones":"1","encuadernacion":"Carton\u00e9","fecha_de_publicacion":"01\/09\/2025","novedad":"1","paginas":"204","subtitulo":"MEDITACIONES DE UN TE\u00d3LOGO EN TIEMPO DE DUELO","orden":"7","portada":"0","idioma":"spa","booktrailer":"","resenas":"","editorial":[{"ID":148587,"post_author":"3","post_date":"2022-10-14 11:59:24","post_date_gmt":"2022-10-14 09:59:24","post_content":"","post_title":"Now Books","post_excerpt":"","post_status":"publish","comment_status":"closed","ping_status":"closed","post_password":"","post_name":"now-books","to_ping":"","pinged":"","post_modified":"2022-10-14 11:59:24","post_modified_gmt":"2022-10-14 09:59:24","post_content_filtered":"","post_parent":0,"guid":"http:\/\/dev.claret.cat\/editorial\/now-books\/","menu_order":0,"post_type":"editorial","post_mime_type":"","comment_count":"0","filter":"raw"}],"linkebook":"","ficha":"","muestra":"","precioebook":"0","presentacion":""},"aioseo_notices":[],"_links":{"self":[{"href":"https:\/\/www.claret.cat\/es\/wp-json\/wp\/v2\/product\/1055000","targetHints":{"allow":["GET"]}}],"collection":[{"href":"https:\/\/www.claret.cat\/es\/wp-json\/wp\/v2\/product"}],"about":[{"href":"https:\/\/www.claret.cat\/es\/wp-json\/wp\/v2\/types\/product"}],"wp:featuredmedia":[{"embeddable":true,"href":"https:\/\/www.claret.cat\/es\/wp-json\/wp\/v2\/media\/1055102"}],"wp:attachment":[{"href":"https:\/\/www.claret.cat\/es\/wp-json\/wp\/v2\/media?parent=1055000"}],"wp:term":[{"taxonomy":"product_brand","embeddable":true,"href":"https:\/\/www.claret.cat\/es\/wp-json\/wp\/v2\/product_brand?post=1055000"},{"taxonomy":"product_cat","embeddable":true,"href":"https:\/\/www.claret.cat\/es\/wp-json\/wp\/v2\/product_cat?post=1055000"},{"taxonomy":"product_tag","embeddable":true,"href":"https:\/\/www.claret.cat\/es\/wp-json\/wp\/v2\/product_tag?post=1055000"}],"curies":[{"name":"wp","href":"https:\/\/api.w.org\/{rel}","templated":true}]}}