{"id":105507,"date":"2022-10-12T09:04:20","date_gmt":"2022-10-12T07:04:20","guid":{"rendered":"http:\/\/dev.claret.cat\/producte\/elegies-de-duino\/"},"modified":"2026-03-19T16:30:23","modified_gmt":"2026-03-19T15:30:23","slug":"elegies-de-duino-9788409212958","status":"publish","type":"product","link":"https:\/\/www.claret.cat\/es\/libro\/elegies-de-duino-9788409212958\/","title":{"rendered":"ELEGIES DE DUINO"},"content":{"rendered":"<p>Les Elegies de Duino s\u00f3n un dels cims indiscutibles de la poesia universal. En una desena de poemes, Rilke fou capa\u00e7 de condensar el drama i la meravella de la vida d&#8221;una manera tan concentrada, intensa, matisada, rigorosa, intel\u00b7ligent, profunda, sensible i vera\u00e7 que la converteix en una obra \u00fanica. Tal vegada no hi hagi cap poema llarg tan extraordin\u00e0riament excel\u00b7lent i exigent pel que fa a la forma, on tots els aspectes del text brillen pel seu mestratge absolut, des de la llengua i el l\u00e8xic fins a l&#8221;evocaci\u00f3 del temps i l&#8221;espai, passant pel ritme, els efectes ac\u00fastics, les imatges i les met\u00e0fores, els registres tonals, el punt de vista, els talls dels versos, la divisi\u00f3 estr\u00f2fica, la sintaxi, la puntuaci\u00f3, la caracteritzaci\u00f3 dels personatges<\/p>\n","protected":false},"excerpt":{"rendered":"<p>RILKE, RAINER MARIA<\/p>\n","protected":false},"featured_media":1091377,"template":"","meta":{"_acf_changed":false,"om_disable_all_campaigns":false,"rs_blank_template":"","rs_page_bg_color":"","slide_template_v7":"","inline_featured_image":false,"_monsterinsights_skip_tracking":false,"_monsterinsights_sitenote_active":false,"_monsterinsights_sitenote_note":"","_monsterinsights_sitenote_category":0},"product_brand":[],"product_cat":[121,340],"product_tag":[],"class_list":{"0":"post-105507","1":"product","2":"type-product","3":"status-publish","4":"has-post-thumbnail","6":"product_cat-poesia","7":"product_cat-poesia-5_otras","9":"first","10":"outofstock","11":"taxable","12":"shipping-taxable","13":"purchasable","14":"product-type-simple"},"acf":{"editorial":[{"ID":148144,"post_author":"3","post_date":"2022-10-14 11:55:58","post_date_gmt":"2022-10-14 09:55:58","post_content":"","post_title":"FLANEUR","post_excerpt":"","post_status":"publish","comment_status":"closed","ping_status":"closed","post_password":"","post_name":"flaneur","to_ping":"","pinged":"","post_modified":"2022-10-14 11:55:58","post_modified_gmt":"2022-10-14 09:55:58","post_content_filtered":"","post_parent":0,"guid":"http:\/\/dev.claret.cat\/editorial\/flaneur\/","menu_order":0,"post_type":"editorial","post_mime_type":"","comment_count":"0","filter":"raw"}],"autores-libros":[{"ID":167654,"post_author":"3","post_date":"2022-10-14 18:12:56","post_date_gmt":"2022-10-14 16:12:56","post_content":"","post_title":"RAINER MARIA RILKE","post_excerpt":"","post_status":"publish","comment_status":"closed","ping_status":"closed","post_password":"","post_name":"rainer-maria-rilke","to_ping":"","pinged":"","post_modified":"2022-10-14 18:12:56","post_modified_gmt":"2022-10-14 16:12:56","post_content_filtered":"","post_parent":0,"guid":"http:\/\/dev.claret.cat\/autor\/rainer-maria-rilke\/","menu_order":0,"post_type":"autor","post_mime_type":"","comment_count":"0","filter":"raw"}],"autor":"RILKE, RAINER MARIA","codart":"840921295","libros-coleccion":"Col\u00b7lecci\u00f3: -----","ediciones":"1","encuadernacion":"R\u00fastica","fecha_de_publicacion":"01\/08\/2020","novedad":"0","paginas":"153","subtitulo":"","orden":"0","portada":"0","idioma":"cat","booktrailer":"","resenas":""},"aioseo_notices":[],"_links":{"self":[{"href":"https:\/\/www.claret.cat\/es\/wp-json\/wp\/v2\/product\/105507","targetHints":{"allow":["GET"]}}],"collection":[{"href":"https:\/\/www.claret.cat\/es\/wp-json\/wp\/v2\/product"}],"about":[{"href":"https:\/\/www.claret.cat\/es\/wp-json\/wp\/v2\/types\/product"}],"wp:featuredmedia":[{"embeddable":true,"href":"https:\/\/www.claret.cat\/es\/wp-json\/wp\/v2\/media\/1091377"}],"wp:attachment":[{"href":"https:\/\/www.claret.cat\/es\/wp-json\/wp\/v2\/media?parent=105507"}],"wp:term":[{"taxonomy":"product_brand","embeddable":true,"href":"https:\/\/www.claret.cat\/es\/wp-json\/wp\/v2\/product_brand?post=105507"},{"taxonomy":"product_cat","embeddable":true,"href":"https:\/\/www.claret.cat\/es\/wp-json\/wp\/v2\/product_cat?post=105507"},{"taxonomy":"product_tag","embeddable":true,"href":"https:\/\/www.claret.cat\/es\/wp-json\/wp\/v2\/product_tag?post=105507"}],"curies":[{"name":"wp","href":"https:\/\/api.w.org\/{rel}","templated":true}]}}