{"id":1055281,"date":"2025-09-25T16:45:26","date_gmt":"2025-09-25T14:45:26","guid":{"rendered":"https:\/\/www.claret.cat\/llibre\/yo-soy-todo-lo-que-no-soy-9788425452529\/"},"modified":"2026-01-28T11:48:26","modified_gmt":"2026-01-28T10:48:26","slug":"yo-soy-todo-lo-que-no-soy-9788425452529","status":"publish","type":"product","link":"https:\/\/www.claret.cat\/es\/libro\/yo-soy-todo-lo-que-no-soy-9788425452529\/","title":{"rendered":"YO SOY TODO LO QUE NO SOY"},"content":{"rendered":"<p>Este libro es fruto de una indagaci\u00f3n que arranca y gira en torno a la eterna pregunta: \u00ab\u00bfQui\u00e9n soy?\u00bb. El enfoque empleado es el de la \u00abno dualidad\u00bb, que nombra un estado de conciencia, una manera de experimentar el mundo como un Yo integrado en todo lo que es: un Yo soy sin l\u00edmites, sin tiempo. Darse cuenta de la naturaleza no dual de la realidad transforma radicalmente nuestra manera de percibirnos y de sentir la vida, mejorando la calidad de nuestro diario existir. <\/p>\n<p> El t\u00edtulo de este libro, en apariencia sin sentido l\u00f3gico, propone al lector una reflexi\u00f3n \u00edntima, un trabajo de autoconocimiento m\u00e1s meditativo que anal\u00edtico. La lectura puede abordarse tanto como una pr\u00e1ctica de atenci\u00f3n al instante presente como una apertura de la conciencia a lo que es, aqu\u00ed y ahora, como una meditaci\u00f3n.<\/p>\n","protected":false},"excerpt":{"rendered":"<p>ZENTNER, JORGE<\/p>\n","protected":false},"featured_media":1055282,"template":"","meta":{"_acf_changed":false,"om_disable_all_campaigns":false,"rs_blank_template":"","rs_page_bg_color":"","slide_template_v7":"","inline_featured_image":false,"_monsterinsights_skip_tracking":false,"_monsterinsights_sitenote_active":false,"_monsterinsights_sitenote_note":"","_monsterinsights_sitenote_category":0},"product_brand":[],"product_cat":[245,495],"product_tag":[],"class_list":{"0":"post-1055281","1":"product","2":"type-product","3":"status-publish","4":"has-post-thumbnail","6":"product_cat-diversa","7":"product_cat-diversa-espiritualidad-1_espiritualidad","9":"first","10":"instock","11":"taxable","12":"shipping-taxable","13":"purchasable","14":"product-type-simple"},"acf":{"autor":"ZENTNER, JORGE","codart":"842545252","libros-coleccion":"Espiritualidad","ediciones":"1","encuadernacion":"R\u00fastica","fecha_de_publicacion":"01\/09\/2025","novedad":"1","paginas":"210","subtitulo":"MEDITACI\u00d3N Y NO DUALIDAD EN LA VIDA COTIDIANA","orden":"0","portada":"0","idioma":"spa","booktrailer":"","resenas":"","editorial":[{"ID":6266,"post_author":"3","post_date":"2022-07-28 17:48:31","post_date_gmt":"2022-07-28 15:48:31","post_content":"","post_title":"HERDER","post_excerpt":"","post_status":"publish","comment_status":"closed","ping_status":"closed","post_password":"","post_name":"herder","to_ping":"","pinged":"","post_modified":"2022-07-28 17:48:31","post_modified_gmt":"2022-07-28 15:48:31","post_content_filtered":"","post_parent":0,"guid":"http:\/\/dev.claret.cat\/editorial\/herder\/","menu_order":0,"post_type":"editorial","post_mime_type":"","comment_count":"0","filter":"raw"}]},"aioseo_notices":[],"_links":{"self":[{"href":"https:\/\/www.claret.cat\/es\/wp-json\/wp\/v2\/product\/1055281","targetHints":{"allow":["GET"]}}],"collection":[{"href":"https:\/\/www.claret.cat\/es\/wp-json\/wp\/v2\/product"}],"about":[{"href":"https:\/\/www.claret.cat\/es\/wp-json\/wp\/v2\/types\/product"}],"wp:featuredmedia":[{"embeddable":true,"href":"https:\/\/www.claret.cat\/es\/wp-json\/wp\/v2\/media\/1055282"}],"wp:attachment":[{"href":"https:\/\/www.claret.cat\/es\/wp-json\/wp\/v2\/media?parent=1055281"}],"wp:term":[{"taxonomy":"product_brand","embeddable":true,"href":"https:\/\/www.claret.cat\/es\/wp-json\/wp\/v2\/product_brand?post=1055281"},{"taxonomy":"product_cat","embeddable":true,"href":"https:\/\/www.claret.cat\/es\/wp-json\/wp\/v2\/product_cat?post=1055281"},{"taxonomy":"product_tag","embeddable":true,"href":"https:\/\/www.claret.cat\/es\/wp-json\/wp\/v2\/product_tag?post=1055281"}],"curies":[{"name":"wp","href":"https:\/\/api.w.org\/{rel}","templated":true}]}}