{"id":1055401,"date":"2025-09-25T18:30:24","date_gmt":"2025-09-25T16:30:24","guid":{"rendered":"https:\/\/www.claret.cat\/llibre\/que-pasa-con-baum-9791370090517\/"},"modified":"2026-01-04T17:20:07","modified_gmt":"2026-01-04T16:20:07","slug":"que-pasa-con-baum-9791370090517","status":"publish","type":"product","link":"https:\/\/www.claret.cat\/es\/libro\/que-pasa-con-baum-9791370090517\/","title":{"rendered":"\u00bfQU\u00c9 PASA CON BAUM?"},"content":{"rendered":"<p>Asher Baum est\u00e1 perdiendo la cabeza sin darse cuenta. Pero, \u00bfqu\u00e9 le est\u00e1 pasando?<\/p>\n<p> Un escritor jud\u00edo de mediana edad, y sin demasiadas dotes, ha decidido probar suerte en el g\u00e9nero de la novela y el teatro para expresar su ansiedad por todo lo que existe. Sus rimbombantes libros filos\u00f3ficos reciben cr\u00edticas tibias y su prestigiosa editorial neoyorquina lo ha abandonado a su suerte. Su tercer matrimonio est\u00e1 en crisis y sospecha que su apuesto y exitoso hermano menor y su vecino podr\u00edan haber seducido a su bella esposa, educada en Harvard. Adem\u00e1s le incomoda la estrecha relaci\u00f3n de su mujer con su hijo, tambi\u00e9n escritor, pero de \u00e9xito. Por si esto fuera poco, Asher Baum siente una culpa infinita por no haber enterrado a su padre con un mandil de borrego. Y en un momento de irracionalidad, ha intentado besar a una joven y guapa periodista durante una entrevista y ese acto impulsivo est\u00e1 a punto de hacerse p\u00fablico&#8230;<\/p>\n<p> \u00bfEs de extra\u00f1ar que Baum haya empezado a hablar solo? Su estado de desequilibrio salta a la vista, todos se alejan de \u00e9l y niegan con la cabeza cuando lo ven en la calle. Entonces descubre un secreto sorprendente que podr\u00eda causar estragos si lo revela. \u00bfDeber\u00eda guard\u00e1rselo o revelarlo y arruinar su matrimonio?<\/p>\n<p> Novela sumamente entretenida, repleta de esos momentos desternillantes y absurdos que s\u00f3lo est\u00e1n al alcance de Woody Allen, \u00bfQu\u00e9 pasa con Baum? es Woody Allen en estado puro.<\/p>\n","protected":false},"excerpt":{"rendered":"<p>ALLEN, WOODY<\/p>\n","protected":false},"featured_media":1055641,"template":"","meta":{"_acf_changed":false,"om_disable_all_campaigns":false,"rs_blank_template":"","rs_page_bg_color":"","slide_template_v7":"","inline_featured_image":false,"_monsterinsights_skip_tracking":false,"_monsterinsights_sitenote_active":false,"_monsterinsights_sitenote_note":"","_monsterinsights_sitenote_category":0},"product_brand":[],"product_cat":[127,357],"product_tag":[],"class_list":{"0":"post-1055401","1":"product","2":"type-product","3":"status-publish","4":"has-post-thumbnail","6":"product_cat-novella-contemporania","7":"product_cat-novela-contemporanea","9":"first","10":"instock","11":"taxable","12":"shipping-taxable","13":"purchasable","14":"product-type-simple"},"acf":{"autor":"ALLEN, WOODY","codart":"137009051","libros-coleccion":"FORA DE COL.LECCI\u00d3","ediciones":"1","encuadernacion":"R\u00fastica","fecha_de_publicacion":"01\/09\/2025","novedad":"1","paginas":"211","subtitulo":"","orden":"0","portada":"0","idioma":"spa","booktrailer":"","resenas":"","editorial":[{"ID":6119,"post_author":"3","post_date":"2022-07-28 17:45:18","post_date_gmt":"2022-07-28 15:45:18","post_content":"","post_title":"Alianza Editorial","post_excerpt":"","post_status":"publish","comment_status":"closed","ping_status":"closed","post_password":"","post_name":"alianza-editorial","to_ping":"","pinged":"","post_modified":"2022-07-28 17:45:18","post_modified_gmt":"2022-07-28 15:45:18","post_content_filtered":"","post_parent":0,"guid":"http:\/\/dev.claret.cat\/editorial\/alianza-editorial\/","menu_order":0,"post_type":"editorial","post_mime_type":"","comment_count":"0","filter":"raw"}]},"aioseo_notices":[],"_links":{"self":[{"href":"https:\/\/www.claret.cat\/es\/wp-json\/wp\/v2\/product\/1055401","targetHints":{"allow":["GET"]}}],"collection":[{"href":"https:\/\/www.claret.cat\/es\/wp-json\/wp\/v2\/product"}],"about":[{"href":"https:\/\/www.claret.cat\/es\/wp-json\/wp\/v2\/types\/product"}],"wp:featuredmedia":[{"embeddable":true,"href":"https:\/\/www.claret.cat\/es\/wp-json\/wp\/v2\/media\/1055641"}],"wp:attachment":[{"href":"https:\/\/www.claret.cat\/es\/wp-json\/wp\/v2\/media?parent=1055401"}],"wp:term":[{"taxonomy":"product_brand","embeddable":true,"href":"https:\/\/www.claret.cat\/es\/wp-json\/wp\/v2\/product_brand?post=1055401"},{"taxonomy":"product_cat","embeddable":true,"href":"https:\/\/www.claret.cat\/es\/wp-json\/wp\/v2\/product_cat?post=1055401"},{"taxonomy":"product_tag","embeddable":true,"href":"https:\/\/www.claret.cat\/es\/wp-json\/wp\/v2\/product_tag?post=1055401"}],"curies":[{"name":"wp","href":"https:\/\/api.w.org\/{rel}","templated":true}]}}