{"id":105564,"date":"2022-10-12T09:05:09","date_gmt":"2022-10-12T07:05:09","guid":{"rendered":"http:\/\/dev.claret.cat\/producte\/oraciones-a-la-carta-estuche-libro-baraja\/"},"modified":"2025-12-23T16:50:54","modified_gmt":"2025-12-23T15:50:54","slug":"oraciones-a-la-carta-estuche-libro-baraja-9788428558808","status":"publish","type":"product","link":"https:\/\/www.claret.cat\/es\/libro\/oraciones-a-la-carta-estuche-libro-baraja-9788428558808\/","title":{"rendered":"ORACIONES A LA CARTA &#8211; ESTUCHE, LIBRO + BARAJA"},"content":{"rendered":"<p>\u201cPadre nuestro, que est\u00e1s en el Cielo\u2026\u201d, \u201cCuatro esquinitas tiene mi cama\u2026\u201d, \u201cBendita sea tu pureza\u2026\u201d, \u201cJesusito de mi vida\u2026\u201d,<br \/> \u00bfTe las sabes? \u00abOraciones a la carta\u00bb es un juego con el que los m\u00e1s peque\u00f1os (y no tan peque\u00f1os) aprender\u00e1n las oraciones en familia, en catequesis o en la escuela. A trav\u00e9s de expresivos dibujos y una sencilla din\u00e1mica de juego, nos introduciremos de lleno en el mundo de la oraci\u00f3n.<\/p>\n","protected":false},"excerpt":{"rendered":"<p>MART\u00cdNEZ, PABLO; TRIGO, PATRICIA<\/p>\n","protected":false},"featured_media":336325,"template":"","meta":{"_acf_changed":false,"om_disable_all_campaigns":false,"rs_blank_template":"","rs_page_bg_color":"","slide_template_v7":"","inline_featured_image":false,"_monsterinsights_skip_tracking":false,"_monsterinsights_sitenote_active":false,"_monsterinsights_sitenote_note":"","_monsterinsights_sitenote_category":0},"product_brand":[],"product_cat":[90,540],"product_tag":[],"class_list":{"0":"post-105564","1":"product","2":"type-product","3":"status-publish","4":"has-post-thumbnail","6":"product_cat-altres","7":"product_cat-otros","9":"first","10":"instock","11":"taxable","12":"shipping-taxable","13":"purchasable","14":"product-type-simple"},"acf":{"editorial":[{"ID":6356,"post_author":"3","post_date":"2022-07-28 17:50:26","post_date_gmt":"2022-07-28 15:50:26","post_content":"","post_title":"SAN PABLO COMUNICACI\u00d3N","post_excerpt":"","post_status":"publish","comment_status":"closed","ping_status":"closed","post_password":"","post_name":"san-pablo-comunicacion","to_ping":"","pinged":"","post_modified":"2022-07-28 17:50:26","post_modified_gmt":"2022-07-28 15:50:26","post_content_filtered":"","post_parent":0,"guid":"http:\/\/dev.claret.cat\/editorial\/san-pablo-comunicacion\/","menu_order":0,"post_type":"editorial","post_mime_type":"","comment_count":"0","filter":"raw"}],"autor":"MART\u00cdNEZ, PABLO; TRIGO, PATRICIA","codart":"842855880","libros-coleccion":"","ediciones":"1","encuadernacion":"R\u00fastica","fecha_de_publicacion":"21\/09\/2020","novedad":"1","paginas":"48","subtitulo":"ESTUCHE CON LIBRO Y BARAJA DE CARTAS","orden":"0","portada":"0","idioma":"spa","autores-libros":[{"ID":166429,"post_author":"3","post_date":"2022-10-14 18:03:12","post_date_gmt":"2022-10-14 16:03:12","post_content":"","post_title":"PABLO MART\u00cdNEZ","post_excerpt":"","post_status":"publish","comment_status":"closed","ping_status":"closed","post_password":"","post_name":"pablo-martinez","to_ping":"","pinged":"","post_modified":"2022-10-14 18:03:12","post_modified_gmt":"2022-10-14 16:03:12","post_content_filtered":"","post_parent":0,"guid":"http:\/\/dev.claret.cat\/autor\/pablo-martinez\/","menu_order":0,"post_type":"autor","post_mime_type":"","comment_count":"0","filter":"raw"},{"ID":166647,"post_author":"3","post_date":"2022-10-14 18:04:56","post_date_gmt":"2022-10-14 16:04:56","post_content":"","post_title":"PATRICIA TRIGO","post_excerpt":"","post_status":"publish","comment_status":"closed","ping_status":"closed","post_password":"","post_name":"patricia-trigo","to_ping":"","pinged":"","post_modified":"2022-10-14 18:04:56","post_modified_gmt":"2022-10-14 16:04:56","post_content_filtered":"","post_parent":0,"guid":"http:\/\/dev.claret.cat\/autor\/patricia-trigo\/","menu_order":0,"post_type":"autor","post_mime_type":"","comment_count":"0","filter":"raw"}],"booktrailer":"","resenas":""},"aioseo_notices":[],"_links":{"self":[{"href":"https:\/\/www.claret.cat\/es\/wp-json\/wp\/v2\/product\/105564","targetHints":{"allow":["GET"]}}],"collection":[{"href":"https:\/\/www.claret.cat\/es\/wp-json\/wp\/v2\/product"}],"about":[{"href":"https:\/\/www.claret.cat\/es\/wp-json\/wp\/v2\/types\/product"}],"wp:featuredmedia":[{"embeddable":true,"href":"https:\/\/www.claret.cat\/es\/wp-json\/wp\/v2\/media\/336325"}],"wp:attachment":[{"href":"https:\/\/www.claret.cat\/es\/wp-json\/wp\/v2\/media?parent=105564"}],"wp:term":[{"taxonomy":"product_brand","embeddable":true,"href":"https:\/\/www.claret.cat\/es\/wp-json\/wp\/v2\/product_brand?post=105564"},{"taxonomy":"product_cat","embeddable":true,"href":"https:\/\/www.claret.cat\/es\/wp-json\/wp\/v2\/product_cat?post=105564"},{"taxonomy":"product_tag","embeddable":true,"href":"https:\/\/www.claret.cat\/es\/wp-json\/wp\/v2\/product_tag?post=105564"}],"curies":[{"name":"wp","href":"https:\/\/api.w.org\/{rel}","templated":true}]}}