{"id":1055652,"date":"2025-09-26T12:35:02","date_gmt":"2025-09-26T10:35:02","guid":{"rendered":"https:\/\/www.claret.cat\/llibre\/dios-nos-ama-a-todos-incondicionalmente-9788419240279\/"},"modified":"2025-11-21T10:10:09","modified_gmt":"2025-11-21T09:10:09","slug":"dios-nos-ama-a-todos-incondicionalmente-9788419240279","status":"publish","type":"product","link":"https:\/\/www.claret.cat\/es\/libro\/dios-nos-ama-a-todos-incondicionalmente-9788419240279\/","title":{"rendered":"DIOS NOS AMA A TODOS INCONDICIONALMENTE"},"content":{"rendered":"<p>ROMANA presenta el nuevo volumen exclusivo del Papa Le\u00f3n XIV \u201cDIOS NOS AMA A TODOS INCONDICIONALMENTE\u201d, la primera obra con las palabras del Papa Le\u00f3n XIV al inicio de su Ministerio Petrino. El Papa Le\u00f3n XIV ha conquistado al mundo desde el primer saludo a los fieles en el Balc\u00f3n de la Bas\u00edlica Vaticana el 8 de mayo, d\u00eda de su elecci\u00f3n como sucesor de San Pedro: \u00ab\u00a1La paz est\u00e9 con todos ustedes! Queridos hermanos y hermanas, este es el primer saludo de Cristo resucitado, el Buen Pastor, que ha dado la vida por la grey de Dios. Tambi\u00e9n yo quisiera que este saludo de paz entre en sus corazones, llegue a sus familias, a todas las personas, dondequiera que est\u00e9n, a todos los pueblos, a toda la tierra. \u00a1La paz est\u00e9 con vosotros!\u00bb.Con estas palabras Robert Francis Prevost Mart\u00ednez se ha dirigido por primera vez al Pueblo de Dios. Ahora podemos conocer su pensamiento gracias al primer libro del Papa Le\u00f3n XIV \u00ab\u00abDios nos ama a todos incondicionalmente\u00bb, que publica Romana Editorial. En sus 256 p\u00e1ginas esta obra ofrece los primeros textos del Magisterio del Papa Le\u00f3n XIV, a trav\u00e9s de la homil\u00edas predicadas en las primeras Misas celebradas como Pont\u00edfice, los primeros discursos y los Mensajes pontificios promulgados en los dos primeros meses del Pontificado. En particular, la primera homil\u00eda predicada en la Misa Pro Ecclesia del 9 de mayo en La Capilla Sixtina con el Colegio Cardenalicio, la homil\u00eda de la Misa de Inicio del Ministerio Petrino del 18 de mayo, las homil\u00edas de las Misas de Pentecost\u00e9s y Corpus Christi, las homil\u00edas de las Misas del Jubileo de la Esperanza, la homil\u00eda de la Misa de la solemnidad de los Santos Pedro y Pablo as\u00ed como la homil\u00eda de la Misa por la custodia de la creaci\u00f3n, del 9 de julio en Castel Gandolfo. Al tiempo, el libro ofrece los discursos m\u00e1s significativos del Papa Le\u00f3n XIV y los Mensajes Pontificios publicados en estos dos primeros meses, como el Mensaje del Santo Padre Le\u00f3n XIV para la X Jornada Mundial de oraci\u00f3n por el cuidado de la creaci\u00f3n, 1 de septiembre de 2025.El pr\u00f3logo del este libro es de S.E.R. Cardenal Marcello Semeraro, Prefecto del Dicasterio para las Causas de los Santos.<\/p>\n","protected":false},"excerpt":{"rendered":"<p>LE\u00d3N XIV, PAPA <\/p>\n","protected":false},"featured_media":1061923,"template":"","meta":{"_acf_changed":false,"om_disable_all_campaigns":false,"rs_blank_template":"","rs_page_bg_color":"","slide_template_v7":"","inline_featured_image":false,"_monsterinsights_skip_tracking":false,"_monsterinsights_sitenote_active":false,"_monsterinsights_sitenote_note":"","_monsterinsights_sitenote_category":0},"product_brand":[],"product_cat":[513,287,92,542],"product_tag":[],"class_list":{"0":"post-1055652","1":"product","2":"type-product","3":"status-publish","4":"has-post-thumbnail","6":"product_cat-ministerios-ordenados","7":"product_cat-ministeris-ordenats","8":"product_cat-vida-religiosa","9":"product_cat-vida-religiosa-1_espiritualidad-spa","11":"first","12":"instock","13":"taxable","14":"shipping-taxable","15":"purchasable","16":"product-type-simple"},"acf":{"autor":"LE\u00d3N XIV, PAPA ","codart":"841924027","libros-coleccion":"","ediciones":"1","encuadernacion":"Carton\u00e9","fecha_de_publicacion":"01\/09\/2025","novedad":"1","paginas":"335","subtitulo":"INICIO DEL MINISTERIO PETRINO","orden":"0","portada":"1","idioma":"spa","booktrailer":"","resenas":"","editorial":[{"ID":148758,"post_author":"3","post_date":"2022-10-14 12:00:45","post_date_gmt":"2022-10-14 10:00:45","post_content":"","post_title":"ROMANA","post_excerpt":"","post_status":"publish","comment_status":"closed","ping_status":"closed","post_password":"","post_name":"romana","to_ping":"","pinged":"","post_modified":"2022-10-14 12:00:45","post_modified_gmt":"2022-10-14 10:00:45","post_content_filtered":"","post_parent":0,"guid":"http:\/\/dev.claret.cat\/editorial\/romana\/","menu_order":0,"post_type":"editorial","post_mime_type":"","comment_count":"0","filter":"raw"}]},"aioseo_notices":[],"_links":{"self":[{"href":"https:\/\/www.claret.cat\/es\/wp-json\/wp\/v2\/product\/1055652","targetHints":{"allow":["GET"]}}],"collection":[{"href":"https:\/\/www.claret.cat\/es\/wp-json\/wp\/v2\/product"}],"about":[{"href":"https:\/\/www.claret.cat\/es\/wp-json\/wp\/v2\/types\/product"}],"wp:featuredmedia":[{"embeddable":true,"href":"https:\/\/www.claret.cat\/es\/wp-json\/wp\/v2\/media\/1061923"}],"wp:attachment":[{"href":"https:\/\/www.claret.cat\/es\/wp-json\/wp\/v2\/media?parent=1055652"}],"wp:term":[{"taxonomy":"product_brand","embeddable":true,"href":"https:\/\/www.claret.cat\/es\/wp-json\/wp\/v2\/product_brand?post=1055652"},{"taxonomy":"product_cat","embeddable":true,"href":"https:\/\/www.claret.cat\/es\/wp-json\/wp\/v2\/product_cat?post=1055652"},{"taxonomy":"product_tag","embeddable":true,"href":"https:\/\/www.claret.cat\/es\/wp-json\/wp\/v2\/product_tag?post=1055652"}],"curies":[{"name":"wp","href":"https:\/\/api.w.org\/{rel}","templated":true}]}}