{"id":105576,"date":"2022-10-12T09:05:19","date_gmt":"2022-10-12T07:05:19","guid":{"rendered":"http:\/\/dev.claret.cat\/producte\/musicoterapia\/"},"modified":"2025-09-19T16:44:58","modified_gmt":"2025-09-19T14:44:58","slug":"musicoterapia-9788433031129","status":"publish","type":"product","link":"https:\/\/www.claret.cat\/es\/libro\/musicoterapia-9788433031129\/","title":{"rendered":"MUSICOTERAPIA"},"content":{"rendered":"<p>Este libro tiene el prop\u00f3sito de sumergir al lector en una reflexi\u00f3n sobre la eficacia y la pr\u00e1ctica cl\u00ednica de la musicoterapia en la infancia y la adolescencia. Tras dos d\u00e9cadas de experiencia en infancia y adolescencia, siento la necesidad de reflejar mis pensamientos sobre m\u00fasica y salud y algunas de mis experiencias sobre la pr\u00e1ctica cl\u00ednica de la musicoterapia, que he tenido la oportunidad de llevar a cabo en diferentes entidades sociales que me han permitido desarrollarme personal y profesionalmente. Son asociaciones, fundaciones y otras entidades p\u00fablicas y privadas que trabajan a diario por la salud mental y que defienden y protegen la salud y el bienestar de nuestros menores, los verdaderos protagonistas que me han ofrecido su confianza para explorar con ellos caminos y canales de comunicaci\u00f3n mediante procesos musicoterap\u00e9uticos en espacios dise\u00f1ados para mejorar aspectos de su vida cotidiana.<br \/> Este manual se ha dise\u00f1ado y organizado como una peque\u00f1a sinfon\u00eda musical de ideas, formada por cuatro movimientos en lugar de cap\u00edtulos, renombrando adem\u00e1s algunos apartados y subapartados como partes de una peque\u00f1a \u00f3pera prima con sus preludios o sus arias. En ellos pretendo mostrar al lector mi experiencia personal y reflexiva sobre la construcci\u00f3n del sujeto en relaci\u00f3n al hecho sonoro y musical, interrelacionando la evidencia, la pr\u00e1ctica cl\u00ednica y la investigaci\u00f3n.<br \/> Miguel \u00c1ngel Div\u00ed Castell\u00f3nMusicoterapeuta en Centro de Salud Mental Infanto-Juvenil. Coordinador de la Fundaci\u00f3n Musicoterapia y Salud. Responsable Acad\u00e9mico del M\u00e1ster en Musicoterapia de la Universidad de Zaragoza. Docente e investigador de los M\u00e1ster en Musicoterapia de la UAM, el CIM Bilbao y de Formaciones en Danzaterapia y Arteterapia. Supervisor de Musicoterapia Acreditado en Espa\u00f1a SMTAE por la Asociaci\u00f3n Espa\u00f1ola de Musicoterapeutas Profesionales. Miembro de las Juntas directivas de las Asociaciones AARP, Rehabilitaci\u00f3n Psicosocial, NUDOS, Profesionales de Atenci\u00f3n a la Infancia y (CREARTE) Creatividad, Arte y Terapia. Comit\u00e9 Cient\u00edfico de la Revista de Investigaci\u00f3n en Musicoterapia de la UAM. Consejo Asesor de Salud Mental del Gobierno de Arag\u00f3n.<\/p>\n","protected":false},"excerpt":{"rendered":"<p>DIV\u00cd, MIGUEL \u00c1NGEL<\/p>\n","protected":false},"featured_media":347225,"template":"","meta":{"_acf_changed":false,"om_disable_all_campaigns":false,"rs_blank_template":"","rs_page_bg_color":"","slide_template_v7":"","inline_featured_image":false,"_monsterinsights_skip_tracking":false,"_monsterinsights_sitenote_active":false,"_monsterinsights_sitenote_note":"","_monsterinsights_sitenote_category":0},"product_brand":[],"product_cat":[376,178],"product_tag":[],"class_list":{"0":"post-105576","1":"product","2":"type-product","3":"status-publish","4":"has-post-thumbnail","6":"product_cat-autores-psicologia-2_humanidades","7":"product_cat-autors-psicologia","9":"first","10":"instock","11":"taxable","12":"shipping-taxable","13":"purchasable","14":"product-type-simple"},"acf":{"editorial":[{"ID":6179,"post_author":"3","post_date":"2022-07-28 17:46:36","post_date_gmt":"2022-07-28 15:46:36","post_content":"","post_title":"DESCLEE DE BROUWER","post_excerpt":"","post_status":"publish","comment_status":"closed","ping_status":"closed","post_password":"","post_name":"desclee-de-brouwer","to_ping":"","pinged":"","post_modified":"2022-07-28 17:46:36","post_modified_gmt":"2022-07-28 15:46:36","post_content_filtered":"","post_parent":0,"guid":"http:\/\/dev.claret.cat\/editorial\/desclee-de-brouwer\/","menu_order":0,"post_type":"editorial","post_mime_type":"","comment_count":"0","filter":"raw"}],"autor":"DIV\u00cd, MIGUEL \u00c1NGEL","codart":"843303112","libros-coleccion":"Amae","ediciones":"1","encuadernacion":"R\u00fastica","fecha_de_publicacion":"21\/09\/2020","novedad":"1","paginas":"192","subtitulo":"ABORDAJE EN SALUD MENTAL INFANTO JUVENIL","orden":"0","portada":"0","idioma":"spa","autores-libros":[{"ID":164920,"post_author":"3","post_date":"2022-10-14 17:50:57","post_date_gmt":"2022-10-14 15:50:57","post_content":"","post_title":"MIGUEL \u00c1NGEL DIV\u00cd","post_excerpt":"","post_status":"publish","comment_status":"closed","ping_status":"closed","post_password":"","post_name":"miguel-angel-divi","to_ping":"","pinged":"","post_modified":"2022-10-14 17:50:57","post_modified_gmt":"2022-10-14 15:50:57","post_content_filtered":"","post_parent":0,"guid":"http:\/\/dev.claret.cat\/autor\/miguel-angel-divi\/","menu_order":0,"post_type":"autor","post_mime_type":"","comment_count":"0","filter":"raw"}],"booktrailer":"","resenas":""},"aioseo_notices":[],"_links":{"self":[{"href":"https:\/\/www.claret.cat\/es\/wp-json\/wp\/v2\/product\/105576","targetHints":{"allow":["GET"]}}],"collection":[{"href":"https:\/\/www.claret.cat\/es\/wp-json\/wp\/v2\/product"}],"about":[{"href":"https:\/\/www.claret.cat\/es\/wp-json\/wp\/v2\/types\/product"}],"wp:featuredmedia":[{"embeddable":true,"href":"https:\/\/www.claret.cat\/es\/wp-json\/wp\/v2\/media\/347225"}],"wp:attachment":[{"href":"https:\/\/www.claret.cat\/es\/wp-json\/wp\/v2\/media?parent=105576"}],"wp:term":[{"taxonomy":"product_brand","embeddable":true,"href":"https:\/\/www.claret.cat\/es\/wp-json\/wp\/v2\/product_brand?post=105576"},{"taxonomy":"product_cat","embeddable":true,"href":"https:\/\/www.claret.cat\/es\/wp-json\/wp\/v2\/product_cat?post=105576"},{"taxonomy":"product_tag","embeddable":true,"href":"https:\/\/www.claret.cat\/es\/wp-json\/wp\/v2\/product_tag?post=105576"}],"curies":[{"name":"wp","href":"https:\/\/api.w.org\/{rel}","templated":true}]}}