{"id":105585,"date":"2022-10-12T09:05:27","date_gmt":"2022-10-12T07:05:27","guid":{"rendered":"http:\/\/dev.claret.cat\/producte\/la-sorpresa-de-nandi\/"},"modified":"2023-01-28T08:18:04","modified_gmt":"2023-01-28T07:18:04","slug":"la-sorpresa-de-nandi-9788412163636","status":"publish","type":"product","link":"https:\/\/www.claret.cat\/es\/libro\/la-sorpresa-de-nandi-9788412163636\/","title":{"rendered":"LA SORPRESA DE NANDI"},"content":{"rendered":"<p>Nandi lleva de regalo a su amiga Tindi una gran cesta de deliciosas frutas: una pi\u00f1a, un aguacate, una guayaba, una banana, una naranja, un mango y una parchita. Al llegar a casa de Tindi, la cesta est\u00e1 llena de\u2026 \u00bfmandarinas? La m\u00e1s sorprendida es ella misma. Una radiante historia con paisajes y fauna del \u00c1frica meridional.<br \/> Esta edici\u00f3n en cart\u00f3n, con cantos redondeados y menores dimensiones es ideal para manejo de los m\u00e1s peque\u00f1os.<\/p>\n","protected":false},"excerpt":{"rendered":"<p>EILEEN BROWNE<\/p>\n","protected":false},"featured_media":105586,"template":"","meta":{"_acf_changed":false,"om_disable_all_campaigns":false,"rs_blank_template":"","rs_page_bg_color":"","slide_template_v7":"","inline_featured_image":false,"_monsterinsights_skip_tracking":false,"_monsterinsights_sitenote_active":false,"_monsterinsights_sitenote_note":"","_monsterinsights_sitenote_category":0},"product_brand":[],"product_cat":[131],"product_tag":[],"class_list":{"0":"post-105585","1":"product","2":"type-product","3":"status-publish","4":"has-post-thumbnail","6":"product_cat-contes-per-infants-0-6-anys","8":"first","9":"instock","10":"taxable","11":"shipping-taxable","12":"purchasable","13":"product-type-simple"},"acf":{"editorial":[{"ID":147804,"post_author":"3","post_date":"2022-10-14 11:53:21","post_date_gmt":"2022-10-14 09:53:21","post_content":"","post_title":"EDICIONES EKARE","post_excerpt":"","post_status":"publish","comment_status":"closed","ping_status":"closed","post_password":"","post_name":"ediciones-ekare","to_ping":"","pinged":"","post_modified":"2022-10-14 11:53:21","post_modified_gmt":"2022-10-14 09:53:21","post_content_filtered":"","post_parent":0,"guid":"http:\/\/dev.claret.cat\/editorial\/ediciones-ekare\/","menu_order":0,"post_type":"editorial","post_mime_type":"","comment_count":"0","filter":"raw"}],"autores-libros":[{"ID":154654,"post_author":"3","post_date":"2022-10-14 15:06:32","post_date_gmt":"2022-10-14 13:06:32","post_content":"","post_title":"EILEEN BROWNE","post_excerpt":"","post_status":"publish","comment_status":"closed","ping_status":"closed","post_password":"","post_name":"eileen-browne","to_ping":"","pinged":"","post_modified":"2022-10-14 15:06:32","post_modified_gmt":"2022-10-14 13:06:32","post_content_filtered":"","post_parent":0,"guid":"http:\/\/dev.claret.cat\/autor\/eileen-browne\/","menu_order":0,"post_type":"autor","post_mime_type":"","comment_count":"0","filter":"raw"}],"autor":"EILEEN BROWNE","codart":"841216363","libros-coleccion":"","ediciones":"1","encuadernacion":"Carpeta","fecha_de_publicacion":"01\/09\/2020","novedad":"1","paginas":"12","subtitulo":"","orden":"0","portada":"0","idioma":"spa"},"aioseo_notices":[],"_links":{"self":[{"href":"https:\/\/www.claret.cat\/es\/wp-json\/wp\/v2\/product\/105585","targetHints":{"allow":["GET"]}}],"collection":[{"href":"https:\/\/www.claret.cat\/es\/wp-json\/wp\/v2\/product"}],"about":[{"href":"https:\/\/www.claret.cat\/es\/wp-json\/wp\/v2\/types\/product"}],"wp:featuredmedia":[{"embeddable":true,"href":"https:\/\/www.claret.cat\/es\/wp-json\/wp\/v2\/media\/105586"}],"wp:attachment":[{"href":"https:\/\/www.claret.cat\/es\/wp-json\/wp\/v2\/media?parent=105585"}],"wp:term":[{"taxonomy":"product_brand","embeddable":true,"href":"https:\/\/www.claret.cat\/es\/wp-json\/wp\/v2\/product_brand?post=105585"},{"taxonomy":"product_cat","embeddable":true,"href":"https:\/\/www.claret.cat\/es\/wp-json\/wp\/v2\/product_cat?post=105585"},{"taxonomy":"product_tag","embeddable":true,"href":"https:\/\/www.claret.cat\/es\/wp-json\/wp\/v2\/product_tag?post=105585"}],"curies":[{"name":"wp","href":"https:\/\/api.w.org\/{rel}","templated":true}]}}