{"id":105588,"date":"2022-10-12T09:05:29","date_gmt":"2022-10-12T07:05:29","guid":{"rendered":"http:\/\/dev.claret.cat\/producte\/la-sorpresa-de-la-nandi\/"},"modified":"2026-02-23T11:05:16","modified_gmt":"2026-02-23T10:05:16","slug":"la-sorpresa-de-la-nandi-9788412163643","status":"publish","type":"product","link":"https:\/\/www.claret.cat\/es\/libro\/la-sorpresa-de-la-nandi-9788412163643\/","title":{"rendered":"LA SORPRESA DE LA NANDI"},"content":{"rendered":"<p>La Nandi porta un regal a la seva amiga Tindi, una cistella plena de fruita deliciosa: una pinya, un alvocat, una guaiaba, una banana, una taronja, un mango i un maracuj\u00e0. En arribar a casa de la Tindi, la cistella \u00e9s plena de\u2026 mandarines? La m\u00e9s sorpresa en veure-ho \u00e9s ella mateixa. Una hist\u00f2ria brillant amb paisatges i fauna de l&#8221;\u00c0frica meridional.<br \/> Aquesta edici\u00f3 en cartr\u00f3, amb cantons arrodonits i menors dimensions \u00e9s ideal per a l&#8221;\u00fas dels m\u00e9s petits.<\/p>\n","protected":false},"excerpt":{"rendered":"<p>EILEEN BROWNE<\/p>\n","protected":false},"featured_media":1085435,"template":"","meta":{"_acf_changed":false,"om_disable_all_campaigns":false,"rs_blank_template":"","rs_page_bg_color":"","slide_template_v7":"","inline_featured_image":false,"_monsterinsights_skip_tracking":false,"_monsterinsights_sitenote_active":false,"_monsterinsights_sitenote_note":"","_monsterinsights_sitenote_category":0},"product_brand":[],"product_cat":[90,540],"product_tag":[],"class_list":{"0":"post-105588","1":"product","2":"type-product","3":"status-publish","4":"has-post-thumbnail","6":"product_cat-altres","7":"product_cat-otros","9":"first","10":"outofstock","11":"taxable","12":"shipping-taxable","13":"purchasable","14":"product-type-simple"},"acf":{"editorial":[{"ID":147804,"post_author":"3","post_date":"2022-10-14 11:53:21","post_date_gmt":"2022-10-14 09:53:21","post_content":"","post_title":"EDICIONES EKARE","post_excerpt":"","post_status":"publish","comment_status":"closed","ping_status":"closed","post_password":"","post_name":"ediciones-ekare","to_ping":"","pinged":"","post_modified":"2022-10-14 11:53:21","post_modified_gmt":"2022-10-14 09:53:21","post_content_filtered":"","post_parent":0,"guid":"http:\/\/dev.claret.cat\/editorial\/ediciones-ekare\/","menu_order":0,"post_type":"editorial","post_mime_type":"","comment_count":"0","filter":"raw"}],"autores-libros":[{"ID":154654,"post_author":"3","post_date":"2022-10-14 15:06:32","post_date_gmt":"2022-10-14 13:06:32","post_content":"","post_title":"EILEEN BROWNE","post_excerpt":"","post_status":"publish","comment_status":"closed","ping_status":"closed","post_password":"","post_name":"eileen-browne","to_ping":"","pinged":"","post_modified":"2022-10-14 15:06:32","post_modified_gmt":"2022-10-14 13:06:32","post_content_filtered":"","post_parent":0,"guid":"http:\/\/dev.claret.cat\/autor\/eileen-browne\/","menu_order":0,"post_type":"autor","post_mime_type":"","comment_count":"0","filter":"raw"}],"autor":"EILEEN BROWNE","codart":"841216364","libros-coleccion":"","ediciones":"1","encuadernacion":"Carpeta","fecha_de_publicacion":"01\/09\/2020","novedad":"0","paginas":"12","subtitulo":"","orden":"0","portada":"0","idioma":"cat","booktrailer":"","resenas":""},"aioseo_notices":[],"_links":{"self":[{"href":"https:\/\/www.claret.cat\/es\/wp-json\/wp\/v2\/product\/105588","targetHints":{"allow":["GET"]}}],"collection":[{"href":"https:\/\/www.claret.cat\/es\/wp-json\/wp\/v2\/product"}],"about":[{"href":"https:\/\/www.claret.cat\/es\/wp-json\/wp\/v2\/types\/product"}],"wp:featuredmedia":[{"embeddable":true,"href":"https:\/\/www.claret.cat\/es\/wp-json\/wp\/v2\/media\/1085435"}],"wp:attachment":[{"href":"https:\/\/www.claret.cat\/es\/wp-json\/wp\/v2\/media?parent=105588"}],"wp:term":[{"taxonomy":"product_brand","embeddable":true,"href":"https:\/\/www.claret.cat\/es\/wp-json\/wp\/v2\/product_brand?post=105588"},{"taxonomy":"product_cat","embeddable":true,"href":"https:\/\/www.claret.cat\/es\/wp-json\/wp\/v2\/product_cat?post=105588"},{"taxonomy":"product_tag","embeddable":true,"href":"https:\/\/www.claret.cat\/es\/wp-json\/wp\/v2\/product_tag?post=105588"}],"curies":[{"name":"wp","href":"https:\/\/api.w.org\/{rel}","templated":true}]}}