{"id":1055984,"date":"2025-09-29T13:15:23","date_gmt":"2025-09-29T11:15:23","guid":{"rendered":"https:\/\/www.claret.cat\/llibre\/curso-de-cocina-recetas-asiaticas-9780241753446\/"},"modified":"2025-09-29T14:10:06","modified_gmt":"2025-09-29T12:10:06","slug":"curso-de-cocina-recetas-asiaticas-9780241753446","status":"publish","type":"product","link":"https:\/\/www.claret.cat\/es\/libro\/curso-de-cocina-recetas-asiaticas-9780241753446\/","title":{"rendered":"CURSO DE COCINA: RECETAS ASI\u00c1TICAS"},"content":{"rendered":"<p>El mejor libro de recetas orientales para principiantes M\u00e1s de 60 recetas ilustradas paso a paso: arroz canton\u00e9s, gyozas, sopa de miso, creps coreanas, raviolis vietnamitas, makis de salm\u00f3n y pepino, ramen de cerdo, pad thai\u2026 Aprende qu\u00e9 salsas y condimentos van con cada plato y c\u00f3mo usarlos, conoce los tipos de fideos y arroces, las verduras m\u00e1s utilizadas y las especias m\u00e1s populares. Descubre trucos y recetas y prepara las recetas orientales m\u00e1s ricas, saludables y f\u00e1ciles de elaborar.<\/p>\n","protected":false},"excerpt":{"rendered":"<p>SOUKSISAVANH, ORATHAY<\/p>\n","protected":false},"featured_media":1055985,"template":"","meta":{"_acf_changed":false,"om_disable_all_campaigns":false,"rs_blank_template":"","rs_page_bg_color":"","slide_template_v7":"","inline_featured_image":false,"_monsterinsights_skip_tracking":false,"_monsterinsights_sitenote_active":false,"_monsterinsights_sitenote_note":"","_monsterinsights_sitenote_category":0},"product_brand":[],"product_cat":[553,103],"product_tag":[],"class_list":{"0":"post-1055984","1":"product","2":"type-product","3":"status-publish","4":"has-post-thumbnail","6":"product_cat-cocina","7":"product_cat-cuina","9":"first","10":"instock","11":"taxable","12":"shipping-taxable","13":"purchasable","14":"product-type-simple"},"acf":{"autor":"SOUKSISAVANH, ORATHAY","codart":"024175344","libros-coleccion":"COCINA","ediciones":"1","encuadernacion":"Carton\u00e9","fecha_de_publicacion":"01\/10\/2025","novedad":"1","paginas":"151","subtitulo":"","orden":"0","portada":"0","idioma":"spa","booktrailer":"","resenas":"","editorial":[{"ID":6186,"post_author":"3","post_date":"2022-07-28 17:46:45","post_date_gmt":"2022-07-28 15:46:45","post_content":"","post_title":"DK","post_excerpt":"","post_status":"publish","comment_status":"closed","ping_status":"closed","post_password":"","post_name":"dk","to_ping":"","pinged":"","post_modified":"2022-07-28 17:46:45","post_modified_gmt":"2022-07-28 15:46:45","post_content_filtered":"","post_parent":0,"guid":"http:\/\/dev.claret.cat\/editorial\/dk\/","menu_order":0,"post_type":"editorial","post_mime_type":"","comment_count":"0","filter":"raw"}]},"aioseo_notices":[],"_links":{"self":[{"href":"https:\/\/www.claret.cat\/es\/wp-json\/wp\/v2\/product\/1055984","targetHints":{"allow":["GET"]}}],"collection":[{"href":"https:\/\/www.claret.cat\/es\/wp-json\/wp\/v2\/product"}],"about":[{"href":"https:\/\/www.claret.cat\/es\/wp-json\/wp\/v2\/types\/product"}],"wp:featuredmedia":[{"embeddable":true,"href":"https:\/\/www.claret.cat\/es\/wp-json\/wp\/v2\/media\/1055985"}],"wp:attachment":[{"href":"https:\/\/www.claret.cat\/es\/wp-json\/wp\/v2\/media?parent=1055984"}],"wp:term":[{"taxonomy":"product_brand","embeddable":true,"href":"https:\/\/www.claret.cat\/es\/wp-json\/wp\/v2\/product_brand?post=1055984"},{"taxonomy":"product_cat","embeddable":true,"href":"https:\/\/www.claret.cat\/es\/wp-json\/wp\/v2\/product_cat?post=1055984"},{"taxonomy":"product_tag","embeddable":true,"href":"https:\/\/www.claret.cat\/es\/wp-json\/wp\/v2\/product_tag?post=1055984"}],"curies":[{"name":"wp","href":"https:\/\/api.w.org\/{rel}","templated":true}]}}