{"id":1056,"date":"2022-07-27T15:44:04","date_gmt":"2022-07-27T13:44:04","guid":{"rendered":"http:\/\/dev.claret.cat\/producto\/noe-y-el-diluvio-9788491362470\/"},"modified":"2026-04-24T13:40:21","modified_gmt":"2026-04-24T11:40:21","slug":"noe-y-el-diluvio-9788491362470","status":"publish","type":"product","link":"https:\/\/www.claret.cat\/es\/libro\/noe-y-el-diluvio-9788491362470\/","title":{"rendered":"NO\u00c9 Y EL DILUVIO"},"content":{"rendered":"<p>No\u00e9 es el protagonista de este maravilloso relato. Aunque sean historias inventadas, cuentan grandes verdades. Los descendientes de Ad\u00e1n y Eva no fueron eles a los planes de Dios de cuidar la vida respetando a sus semejantes y a todos los seres vivos. Entonces Dios decidi\u00f3 empezar de nuevo. Un diluvio acab\u00f3 con casi todos los seres vivientes. Se salvaron No\u00e9, hombre justo, los miembros de su familia y una pareja de todos los animales. Este relato muestra lo importante que es respetar la vida de nuestro planeta: la vida sobre la tierra depende de nuestro comportamiento. Fue necesario comenzar una nueva humanidad en que no reinaran la violencia ni la injusticia. Tras aquel desastre, Dios prometi\u00f3 que nunca m\u00e1s ocurrir\u00eda algo semejante.<\/p>\n","protected":false},"excerpt":{"rendered":"<p>BALLAZ, JES\u00daS; TOUS, MERC\u00c8<\/p>\n","protected":false},"featured_media":380343,"template":"","meta":{"_acf_changed":false,"om_disable_all_campaigns":false,"rs_blank_template":"","rs_page_bg_color":"","slide_template_v7":"","inline_featured_image":false,"_monsterinsights_skip_tracking":false,"_monsterinsights_sitenote_active":false,"_monsterinsights_sitenote_note":"","_monsterinsights_sitenote_category":0},"product_brand":[],"product_cat":[581,219,478,582],"product_tag":[],"class_list":{"0":"post-1056","1":"product","2":"type-product","3":"status-publish","4":"has-post-thumbnail","6":"product_cat-editorial-claret","7":"product_cat-infantil-catequesi","8":"product_cat-infantil-catequesis-1_espiritualidad","9":"product_cat-portada-es","11":"first","12":"instock","13":"taxable","14":"shipping-taxable","15":"purchasable","16":"product-type-simple"},"acf":{"autor":"BALLAZ, JES\u00daS; TOUS, MERC\u00c8","codart":"849136247","ediciones":"1","encuadernacion":"Carton\u00e9","fecha_de_publicacion":"22\/11\/2019","novedad":"0","paginas":"32","subtitulo":"","orden":"0","portada":"0","idioma":"spa","libros-coleccion":"Relatos de la  Biblia","autores-libros":[{"ID":5835,"post_author":"3","post_date":"2022-07-28 17:32:30","post_date_gmt":"2022-07-28 15:32:30","post_content":"","post_title":"MERC\u00c8 TOUS","post_excerpt":"","post_status":"publish","comment_status":"closed","ping_status":"closed","post_password":"","post_name":"merce-tous","to_ping":"","pinged":"","post_modified":"2022-07-28 17:32:30","post_modified_gmt":"2022-07-28 15:32:30","post_content_filtered":"","post_parent":0,"guid":"http:\/\/dev.claret.cat\/autor\/merce-tous\/","menu_order":0,"post_type":"autor","post_mime_type":"","comment_count":"0","filter":"raw"},{"ID":5587,"post_author":"3","post_date":"2022-07-28 17:27:12","post_date_gmt":"2022-07-28 15:27:12","post_content":"","post_title":"JES\u00daS BALLAZ","post_excerpt":"","post_status":"publish","comment_status":"closed","ping_status":"closed","post_password":"","post_name":"jesus-ballaz","to_ping":"","pinged":"","post_modified":"2022-07-28 17:27:12","post_modified_gmt":"2022-07-28 15:27:12","post_content_filtered":"","post_parent":0,"guid":"http:\/\/dev.claret.cat\/autor\/jesus-ballaz\/","menu_order":0,"post_type":"autor","post_mime_type":"","comment_count":"0","filter":"raw"}],"editorial":[{"ID":6158,"post_author":"3","post_date":"2022-07-28 17:46:08","post_date_gmt":"2022-07-28 15:46:08","post_content":"","post_title":"CLARET","post_excerpt":"","post_status":"publish","comment_status":"closed","ping_status":"closed","post_password":"","post_name":"claret","to_ping":"","pinged":"","post_modified":"2022-07-28 17:46:08","post_modified_gmt":"2022-07-28 15:46:08","post_content_filtered":"","post_parent":0,"guid":"http:\/\/dev.claret.cat\/editorial\/claret\/","menu_order":0,"post_type":"editorial","post_mime_type":"","comment_count":"0","filter":"raw"}],"booktrailer":"","linkebook":"","ficha":"849136247_1689070788.pdf","muestra":"","precioebook":"0","presentacion":"","resenas":"","traductores-libros":"","ilustradores-libros":"","formato":"","ebookportada":false,"recomendamos":"","mas_vendido":""},"aioseo_notices":[],"_links":{"self":[{"href":"https:\/\/www.claret.cat\/es\/wp-json\/wp\/v2\/product\/1056","targetHints":{"allow":["GET"]}}],"collection":[{"href":"https:\/\/www.claret.cat\/es\/wp-json\/wp\/v2\/product"}],"about":[{"href":"https:\/\/www.claret.cat\/es\/wp-json\/wp\/v2\/types\/product"}],"wp:featuredmedia":[{"embeddable":true,"href":"https:\/\/www.claret.cat\/es\/wp-json\/wp\/v2\/media\/380343"}],"wp:attachment":[{"href":"https:\/\/www.claret.cat\/es\/wp-json\/wp\/v2\/media?parent=1056"}],"wp:term":[{"taxonomy":"product_brand","embeddable":true,"href":"https:\/\/www.claret.cat\/es\/wp-json\/wp\/v2\/product_brand?post=1056"},{"taxonomy":"product_cat","embeddable":true,"href":"https:\/\/www.claret.cat\/es\/wp-json\/wp\/v2\/product_cat?post=1056"},{"taxonomy":"product_tag","embeddable":true,"href":"https:\/\/www.claret.cat\/es\/wp-json\/wp\/v2\/product_tag?post=1056"}],"curies":[{"name":"wp","href":"https:\/\/api.w.org\/{rel}","templated":true}]}}