{"id":1056118,"date":"2025-09-29T17:00:46","date_gmt":"2025-09-29T15:00:46","guid":{"rendered":"https:\/\/www.claret.cat\/llibre\/el-mundo-de-jesus-9788428842761\/"},"modified":"2026-02-10T17:31:01","modified_gmt":"2026-02-10T16:31:01","slug":"el-mundo-de-jesus-9788428842761","status":"publish","type":"product","link":"https:\/\/www.claret.cat\/es\/libro\/el-mundo-de-jesus-9788428842761\/","title":{"rendered":"EL MUNDO DE JES\u00daS"},"content":{"rendered":"<p>El prop\u00f3sito de esta obra es poner en relevancia las <strong>dimensiones socio culturales<\/strong> que permitan comprender mejor a los <strong>habitantes de la Palestina del siglo I d. C.<\/strong> y, gracias a ello, el ministerio de <strong>Jesucristo<\/strong> y el origen del movimiento cristiano tal como lo narran los evangelios. Desde este anhelo buscamos aportar elementos que permitan entender la mentalidad y los sistemas que explican <strong>la existencia y la misi\u00f3n de Cristo<\/strong> conforme nos las relatan las cuatro biograf\u00edas can\u00f3nicas que tenemos de \u00e9l: <strong>Marcos, Mateo, Lucas y Juan<\/strong>.<\/p>\n","protected":false},"excerpt":{"rendered":"<p>SILVA RETAMALES, SANTIAGO<\/p>\n","protected":false},"featured_media":1056213,"template":"","meta":{"_acf_changed":false,"om_disable_all_campaigns":false,"rs_blank_template":"","rs_page_bg_color":"","slide_template_v7":"","inline_featured_image":false,"_monsterinsights_skip_tracking":false,"_monsterinsights_sitenote_active":false,"_monsterinsights_sitenote_note":"","_monsterinsights_sitenote_category":0},"product_brand":[],"product_cat":[541,91,412,274,542,92],"product_tag":[],"class_list":{"0":"post-1056118","1":"product","2":"type-product","3":"status-publish","4":"has-post-thumbnail","6":"product_cat-cristologia-1_espiritualidad-spa","7":"product_cat-cristologia","8":"product_cat-estudios-sagrada-escritura","9":"product_cat-estudis-sagrada-escriptura","10":"product_cat-vida-religiosa-1_espiritualidad-spa","11":"product_cat-vida-religiosa","13":"first","14":"instock","15":"taxable","16":"shipping-taxable","17":"purchasable","18":"product-type-simple"},"acf":{"autor":"SILVA RETAMALES, SANTIAGO","codart":"842884276","libros-coleccion":"","ediciones":"1","encuadernacion":"R\u00fastica","fecha_de_publicacion":"29\/09\/2025","novedad":"1","paginas":"480","subtitulo":"CONTEXTOS SOCIO-CULTURALES PARA COMPRENDER A JES\u00daS DE NAZARET","orden":"0","portada":"1","idioma":"spa","booktrailer":"","resenas":"","editorial":[{"ID":6335,"post_author":"3","post_date":"2022-07-28 17:49:59","post_date_gmt":"2022-07-28 15:49:59","post_content":"","post_title":"PPC altres","post_excerpt":"","post_status":"publish","comment_status":"closed","ping_status":"closed","post_password":"","post_name":"ppc-altres","to_ping":"","pinged":"","post_modified":"2022-07-28 17:49:59","post_modified_gmt":"2022-07-28 15:49:59","post_content_filtered":"","post_parent":0,"guid":"http:\/\/dev.claret.cat\/editorial\/ppc-altres\/","menu_order":0,"post_type":"editorial","post_mime_type":"","comment_count":"0","filter":"raw"}]},"aioseo_notices":[],"_links":{"self":[{"href":"https:\/\/www.claret.cat\/es\/wp-json\/wp\/v2\/product\/1056118","targetHints":{"allow":["GET"]}}],"collection":[{"href":"https:\/\/www.claret.cat\/es\/wp-json\/wp\/v2\/product"}],"about":[{"href":"https:\/\/www.claret.cat\/es\/wp-json\/wp\/v2\/types\/product"}],"wp:featuredmedia":[{"embeddable":true,"href":"https:\/\/www.claret.cat\/es\/wp-json\/wp\/v2\/media\/1056213"}],"wp:attachment":[{"href":"https:\/\/www.claret.cat\/es\/wp-json\/wp\/v2\/media?parent=1056118"}],"wp:term":[{"taxonomy":"product_brand","embeddable":true,"href":"https:\/\/www.claret.cat\/es\/wp-json\/wp\/v2\/product_brand?post=1056118"},{"taxonomy":"product_cat","embeddable":true,"href":"https:\/\/www.claret.cat\/es\/wp-json\/wp\/v2\/product_cat?post=1056118"},{"taxonomy":"product_tag","embeddable":true,"href":"https:\/\/www.claret.cat\/es\/wp-json\/wp\/v2\/product_tag?post=1056118"}],"curies":[{"name":"wp","href":"https:\/\/api.w.org\/{rel}","templated":true}]}}