{"id":1056121,"date":"2025-09-29T17:01:00","date_gmt":"2025-09-29T15:01:00","guid":{"rendered":"https:\/\/www.claret.cat\/llibre\/venid-y-vereis-4-9788428843072\/"},"modified":"2025-09-29T17:05:30","modified_gmt":"2025-09-29T15:05:30","slug":"venid-y-vereis-4-9788428843072","status":"publish","type":"product","link":"https:\/\/www.claret.cat\/es\/libro\/venid-y-vereis-4-9788428843072\/","title":{"rendered":"VENID Y VER\u00c9IS &#8211; 4"},"content":{"rendered":"<p>Venid y ver\u00e9is es un proyecto evangelizador, con metodolog\u00eda y recursos apropiados para que la transmisi\u00f3n de la fe sea m\u00e1s viva y significativa, por medio de la inmersi\u00f3n en la historia de la alianza y amistad que Dios nos ofrece y nos ha revelado desde la Palabra de Dios y la Tradici\u00f3n de la Iglesia. Est\u00e1 inspirado en la pedagog\u00eda Montessori, centrada en la importancia de la narraci\u00f3n y apoyada en din\u00e1micas donde lo visual y manipulativo tienen un gran protagonismo. El proyecto se basa en una pedagog\u00eda que favorece el desarrollo de la espiritualidad de la persona, en especial del ni\u00f1o, a trav\u00e9s de la narraci\u00f3n de historias de la Biblia (Antiguo Testamento y Nuevo Testamento) y de la Iglesia (fe, liturgia y sacramentos, moral y oraci\u00f3n). Se pretende ofrecer la misma experiencia que inspir\u00f3 esos relatos o vivieron sus protagonistas.<\/p>\n<p>En este cuarto volumen profundizamos en el amor de Dios, hilo de la historia de la salvaci\u00f3n, desde textos como el Cantar de los Cantares y las Bienaventuranzas. Descubrimos la Iglesia como fraternidad viva que confiesa la fe del Credo, la celebra cada domingo y se deja inspirar por los santos, testigos del amor, que fortalecen nuestra fe y esperanza.<\/p>\n","protected":false},"excerpt":{"rendered":"<p>VARIOS AUTORES<\/p>\n","protected":false},"featured_media":1056122,"template":"","meta":{"_acf_changed":false,"om_disable_all_campaigns":false,"rs_blank_template":"","rs_page_bg_color":"","slide_template_v7":"","inline_featured_image":false,"_monsterinsights_skip_tracking":false,"_monsterinsights_sitenote_active":false,"_monsterinsights_sitenote_note":"","_monsterinsights_sitenote_category":0},"product_brand":[],"product_cat":[225,483,227,389,219,478,216,475],"product_tag":[],"class_list":{"0":"post-1056121","1":"product","2":"type-product","3":"status-publish","4":"has-post-thumbnail","6":"product_cat-catecismes","7":"product_cat-catecismos","8":"product_cat-formacio","9":"product_cat-formacion","10":"product_cat-infantil-catequesi","11":"product_cat-infantil-catequesis-1_espiritualidad","12":"product_cat-primera-comunio-catequesi-1_espiritualitat","13":"product_cat-primera-comunion","15":"first","16":"instock","17":"taxable","18":"shipping-taxable","19":"purchasable","20":"product-type-simple"},"acf":{"autor":"VARIOS AUTORES","codart":"842884307","libros-coleccion":"PPC - FUERA DE COLECCI\u00d3N","ediciones":"1","encuadernacion":"R\u00fastica","fecha_de_publicacion":"29\/09\/2025","novedad":"1","paginas":"228","subtitulo":"","orden":"0","portada":"0","idioma":"spa","booktrailer":"","resenas":"","editorial":[{"ID":6335,"post_author":"3","post_date":"2022-07-28 17:49:59","post_date_gmt":"2022-07-28 15:49:59","post_content":"","post_title":"PPC altres","post_excerpt":"","post_status":"publish","comment_status":"closed","ping_status":"closed","post_password":"","post_name":"ppc-altres","to_ping":"","pinged":"","post_modified":"2022-07-28 17:49:59","post_modified_gmt":"2022-07-28 15:49:59","post_content_filtered":"","post_parent":0,"guid":"http:\/\/dev.claret.cat\/editorial\/ppc-altres\/","menu_order":0,"post_type":"editorial","post_mime_type":"","comment_count":"0","filter":"raw"}]},"aioseo_notices":[],"_links":{"self":[{"href":"https:\/\/www.claret.cat\/es\/wp-json\/wp\/v2\/product\/1056121","targetHints":{"allow":["GET"]}}],"collection":[{"href":"https:\/\/www.claret.cat\/es\/wp-json\/wp\/v2\/product"}],"about":[{"href":"https:\/\/www.claret.cat\/es\/wp-json\/wp\/v2\/types\/product"}],"wp:featuredmedia":[{"embeddable":true,"href":"https:\/\/www.claret.cat\/es\/wp-json\/wp\/v2\/media\/1056122"}],"wp:attachment":[{"href":"https:\/\/www.claret.cat\/es\/wp-json\/wp\/v2\/media?parent=1056121"}],"wp:term":[{"taxonomy":"product_brand","embeddable":true,"href":"https:\/\/www.claret.cat\/es\/wp-json\/wp\/v2\/product_brand?post=1056121"},{"taxonomy":"product_cat","embeddable":true,"href":"https:\/\/www.claret.cat\/es\/wp-json\/wp\/v2\/product_cat?post=1056121"},{"taxonomy":"product_tag","embeddable":true,"href":"https:\/\/www.claret.cat\/es\/wp-json\/wp\/v2\/product_tag?post=1056121"}],"curies":[{"name":"wp","href":"https:\/\/api.w.org\/{rel}","templated":true}]}}