{"id":1056376,"date":"2025-09-30T16:15:39","date_gmt":"2025-09-30T14:15:39","guid":{"rendered":"https:\/\/www.claret.cat\/llibre\/historia-de-la-guerra-en-infografias-9788491998075\/"},"modified":"2025-09-30T18:20:11","modified_gmt":"2025-09-30T16:20:11","slug":"historia-de-la-guerra-en-infografias-9788491998075","status":"publish","type":"product","link":"https:\/\/www.claret.cat\/es\/libro\/historia-de-la-guerra-en-infografias-9788491998075\/","title":{"rendered":"HISTORIA DE LA GUERRA EN INFOGRAF\u00cdAS"},"content":{"rendered":"<p>Una mirada fascinante, clara y visual a la historia de los conflictos humanos desde la Prehistoria hasta la guerra digital.<br \/> Una historia de la guerra desde sus or\u00edgenes hasta nuestros d\u00edas: ese es el ambicioso objetivo de este excepcional volumen de infograf\u00edas. Desde las herramientas de piedra y hueso de los albores de la humanidad hasta las tecnolog\u00edas digitales contempor\u00e1neas, pasando por los primeros metales forjados, la invenci\u00f3n de la rueda y la domesticaci\u00f3n de los animales, el descubrimiento de la p\u00f3lvora o del motor de combusti\u00f3n, los autores abordan todas las grandes cuestiones vinculadas al fen\u00f3meno b\u00e9lico a lo largo del tiempo.<br \/> Entre las preguntas que se plantean, \u00e9poca tras \u00e9poca: \u00bfde qui\u00e9nes est\u00e1n formados los ej\u00e9rcitos y con qu\u00e9 recursos cuentan? \u00bfCon qu\u00e9 combaten? \u00bfQu\u00e9 objetivos persiguen? \u00bfQu\u00e9 grandes transformaciones pueden identificarse en los \u00faltimos 3.000 a\u00f1os?<br \/> Gracias al valor a\u00f1adido que aportan las infograf\u00edas, las respuestas de los autores permiten ofrecer un panorama hist\u00f3rico lo m\u00e1s amplio, atractivo y comprensible posible del fen\u00f3meno de la guerra. A lo largo de estas p\u00e1ginas, el lector podr\u00e1 abarcar de un solo vistazo la magnitud de las conquistas de Alejandro o de las grandes batallas de la Gran Guerra, detenerse en la organizaci\u00f3n de la flota ateniense en Salamina, la carrera del general mongol Subotai, la composici\u00f3n de una lanza medieval o el equipo del guerrero jaguar azteca, sin olvidar los grandes cl\u00e1sicos del g\u00e9nero, desde la legi\u00f3n romana hasta la Blitzkrieg, pasando por la caballer\u00eda medieval o la epopeya imperial napole\u00f3nica.<br \/> En suma, un libro imprescindible para comprender un fen\u00f3meno cuya actualidad demuestra, una y otra vez, su terrible persistencia.<\/p>\n","protected":false},"excerpt":{"rendered":"<p>BERNARD, VINCENT \/ PELTIER, JULIEN \/ TOUCHARD, LAURENT<\/p>\n","protected":false},"featured_media":1056442,"template":"","meta":{"_acf_changed":false,"om_disable_all_campaigns":false,"rs_blank_template":"","rs_page_bg_color":"","slide_template_v7":"","inline_featured_image":false,"_monsterinsights_skip_tracking":false,"_monsterinsights_sitenote_active":false,"_monsterinsights_sitenote_note":"","_monsterinsights_sitenote_category":0},"product_brand":[],"product_cat":[157,370],"product_tag":[],"class_list":{"0":"post-1056376","1":"product","2":"type-product","3":"status-publish","4":"has-post-thumbnail","6":"product_cat-investigacio-i-corrents","7":"product_cat-investigacion-y-corrientes","9":"first","10":"instock","11":"taxable","12":"shipping-taxable","13":"purchasable","14":"product-type-simple"},"acf":{"autor":"BERNARD, VINCENT \/ PELTIER, JULIEN \/ TOUCHARD, LAURENT","codart":"849199807","libros-coleccion":"FORA DE COL.LECCI\u00d3","ediciones":"1","encuadernacion":"R\u00fastica","fecha_de_publicacion":"01\/10\/2025","novedad":"1","paginas":"139","subtitulo":"","orden":"0","portada":"0","idioma":"spa","booktrailer":"","resenas":"","editorial":[{"ID":6174,"post_author":"3","post_date":"2022-07-28 17:46:29","post_date_gmt":"2022-07-28 15:46:29","post_content":"","post_title":"CRITICA","post_excerpt":"","post_status":"publish","comment_status":"closed","ping_status":"closed","post_password":"","post_name":"critica","to_ping":"","pinged":"","post_modified":"2022-07-28 17:46:29","post_modified_gmt":"2022-07-28 15:46:29","post_content_filtered":"","post_parent":0,"guid":"http:\/\/dev.claret.cat\/editorial\/critica\/","menu_order":0,"post_type":"editorial","post_mime_type":"","comment_count":"0","filter":"raw"}]},"aioseo_notices":[],"_links":{"self":[{"href":"https:\/\/www.claret.cat\/es\/wp-json\/wp\/v2\/product\/1056376","targetHints":{"allow":["GET"]}}],"collection":[{"href":"https:\/\/www.claret.cat\/es\/wp-json\/wp\/v2\/product"}],"about":[{"href":"https:\/\/www.claret.cat\/es\/wp-json\/wp\/v2\/types\/product"}],"wp:featuredmedia":[{"embeddable":true,"href":"https:\/\/www.claret.cat\/es\/wp-json\/wp\/v2\/media\/1056442"}],"wp:attachment":[{"href":"https:\/\/www.claret.cat\/es\/wp-json\/wp\/v2\/media?parent=1056376"}],"wp:term":[{"taxonomy":"product_brand","embeddable":true,"href":"https:\/\/www.claret.cat\/es\/wp-json\/wp\/v2\/product_brand?post=1056376"},{"taxonomy":"product_cat","embeddable":true,"href":"https:\/\/www.claret.cat\/es\/wp-json\/wp\/v2\/product_cat?post=1056376"},{"taxonomy":"product_tag","embeddable":true,"href":"https:\/\/www.claret.cat\/es\/wp-json\/wp\/v2\/product_tag?post=1056376"}],"curies":[{"name":"wp","href":"https:\/\/api.w.org\/{rel}","templated":true}]}}