{"id":1056408,"date":"2025-09-30T16:25:31","date_gmt":"2025-09-30T14:25:31","guid":{"rendered":"https:\/\/www.claret.cat\/llibre\/biblia-y-liturgia-9788419431585\/"},"modified":"2026-01-27T18:07:26","modified_gmt":"2026-01-27T17:07:26","slug":"biblia-y-liturgia-9788419431585","status":"publish","type":"product","link":"https:\/\/www.claret.cat\/es\/libro\/biblia-y-liturgia-9788419431585\/","title":{"rendered":"BIBLIA Y LITURGIA"},"content":{"rendered":"<p>   Este libro est\u00e1 dedicado a explicar el significado de los ritos sacramentales y, m\u00e1s en general, del culto cristiano. Su objetivo no es simplemente satisfacer nuestra curiosidad, sino ofrecer una importante luz a la pastoral lit\u00fargica. Si no se comprenden los ritos de los sacramentos, estos aparecen a menudo a los fieles como artificiales y a veces incluso desconcertantes. S\u00f3lo adentr\u00e1ndonos en su significado se les puede devolver su valor.<\/p>\n<p>En la Iglesia primitiva la explicaci\u00f3n de los misterios era un cap\u00edtulo importante de la formaci\u00f3n de los fieles. El libro del profesor Danielou se basa esencialmente en la ense\u00f1anza de los primeros siglos cristianos. Se trata, pues, del simbolismo del culto cristiano seg\u00fan los Padres de la Iglesia. El libro estudia sucesivamente el simbolismo de los tres sacramentos principales: bautismo, confirmaci\u00f3n, eucarist\u00eda; despu\u00e9s el de la semana y el del a\u00f1o lit\u00fargico. Adem\u00e1s ofrece una aclaraci\u00f3n sobre los principios en los que se basan. Este simbolismo no se deja al capricho de cada cual, sino que expresa una tradici\u00f3n com\u00fan que se remonta a la \u00e9poca apost\u00f3lica. Y lo que llama la atenci\u00f3n de esta tradici\u00f3n es su car\u00e1cter b\u00edblico, tanto si leemos las catequesis sacramentales como si observamos las pinturas de las catacumbas. Estas figuras sacramentales son Ad\u00e1n en el Para\u00edso, No\u00e9 en el Arca y Mois\u00e9s cruzando el Mar Rojo.<\/p>\n","protected":false},"excerpt":{"rendered":"<p>DANI\u00c9LOU, JEAN<\/p>\n","protected":false},"featured_media":1056428,"template":"","meta":{"_acf_changed":false,"om_disable_all_campaigns":false,"rs_blank_template":"","rs_page_bg_color":"","slide_template_v7":"","inline_featured_image":false,"_monsterinsights_skip_tracking":false,"_monsterinsights_sitenote_active":false,"_monsterinsights_sitenote_note":"","_monsterinsights_sitenote_category":0},"product_brand":[],"product_cat":[502,257],"product_tag":[],"class_list":{"0":"post-1056408","1":"product","2":"type-product","3":"status-publish","4":"has-post-thumbnail","6":"product_cat-obras-generales-liturgia-1_espiritualidad","7":"product_cat-obres-generals-liturgia-1_espiritualitat","9":"first","10":"instock","11":"taxable","12":"shipping-taxable","13":"purchasable","14":"product-type-simple"},"acf":{"autor":"DANI\u00c9LOU, JEAN","codart":"841943158","libros-coleccion":"FORA DE COL.LECCI\u00d3","ediciones":"1","encuadernacion":"R\u00fastica","fecha_de_publicacion":"01\/02\/2025","novedad":"1","paginas":"486","subtitulo":"","orden":"0","portada":"1","idioma":"spa","booktrailer":"","resenas":"","editorial":[{"ID":6184,"post_author":"3","post_date":"2022-07-28 17:46:42","post_date_gmt":"2022-07-28 15:46:42","post_content":"","post_title":"Didaskalos","post_excerpt":"","post_status":"publish","comment_status":"closed","ping_status":"closed","post_password":"","post_name":"didaskalos","to_ping":"","pinged":"","post_modified":"2022-07-28 17:46:42","post_modified_gmt":"2022-07-28 15:46:42","post_content_filtered":"","post_parent":0,"guid":"http:\/\/dev.claret.cat\/editorial\/didaskalos\/","menu_order":0,"post_type":"editorial","post_mime_type":"","comment_count":"0","filter":"raw"}]},"aioseo_notices":[],"_links":{"self":[{"href":"https:\/\/www.claret.cat\/es\/wp-json\/wp\/v2\/product\/1056408","targetHints":{"allow":["GET"]}}],"collection":[{"href":"https:\/\/www.claret.cat\/es\/wp-json\/wp\/v2\/product"}],"about":[{"href":"https:\/\/www.claret.cat\/es\/wp-json\/wp\/v2\/types\/product"}],"wp:featuredmedia":[{"embeddable":true,"href":"https:\/\/www.claret.cat\/es\/wp-json\/wp\/v2\/media\/1056428"}],"wp:attachment":[{"href":"https:\/\/www.claret.cat\/es\/wp-json\/wp\/v2\/media?parent=1056408"}],"wp:term":[{"taxonomy":"product_brand","embeddable":true,"href":"https:\/\/www.claret.cat\/es\/wp-json\/wp\/v2\/product_brand?post=1056408"},{"taxonomy":"product_cat","embeddable":true,"href":"https:\/\/www.claret.cat\/es\/wp-json\/wp\/v2\/product_cat?post=1056408"},{"taxonomy":"product_tag","embeddable":true,"href":"https:\/\/www.claret.cat\/es\/wp-json\/wp\/v2\/product_tag?post=1056408"}],"curies":[{"name":"wp","href":"https:\/\/api.w.org\/{rel}","templated":true}]}}