{"id":1056487,"date":"2025-10-01T13:10:53","date_gmt":"2025-10-01T11:10:53","guid":{"rendered":"https:\/\/www.claret.cat\/llibre\/petroleo-9791387563998\/"},"modified":"2025-10-01T17:16:41","modified_gmt":"2025-10-01T15:16:41","slug":"petroleo-9791387563998","status":"publish","type":"product","link":"https:\/\/www.claret.cat\/es\/libro\/petroleo-9791387563998\/","title":{"rendered":"PETR\u00d3LEO"},"content":{"rendered":"<p>50 aniversario del asesinato de Pier Paolo Pasolini<\/p>\n<p>Seg\u00fan todos los indicios, Pier Paolo Pasolini empez\u00f3 a trabajar en esta novela en enero de 1967, y se dedic\u00f3 a ella, con creciente actividad, hasta el momento mismo de su asesinato. Sus declaraciones no dejaban duda respecto a la importancia que atribu\u00eda al libro: \u00abLo que he hecho desde que nac\u00ed no es nada en comparaci\u00f3n con la obra gigantesca que estoy llevando a cabo\u00bb, dec\u00eda en diciembre de 1974, y en enero de 1975 precisaba: \u00abContiene todo lo que s\u00e9, ser\u00e1 mi \u00faltima obra\u00bb.<\/p>\n<p>En la concepci\u00f3n de Pasolini, Petr\u00f3leo deb\u00eda presentarse como \u00abla edici\u00f3n cr\u00edtica de un texto in\u00e9dito\u00bb. Este libro inacabado y fragmentario ha hallado singular y tr\u00e1gico acomodo en las circunstancias que han rodeado su labor de edici\u00f3n que se han llevado a cabo durante varias d\u00e9cadas, siendo este volumen monumental la edici\u00f3n definitiva de la gran obra de Pasolini.<\/p>\n","protected":false},"excerpt":{"rendered":"<p>PASOLIN, PIER PAOLO<\/p>\n","protected":false},"featured_media":1056730,"template":"","meta":{"_acf_changed":false,"om_disable_all_campaigns":false,"rs_blank_template":"","rs_page_bg_color":"","slide_template_v7":"","inline_featured_image":false,"_monsterinsights_skip_tracking":false,"_monsterinsights_sitenote_active":false,"_monsterinsights_sitenote_note":"","_monsterinsights_sitenote_category":0},"product_brand":[],"product_cat":[127,357],"product_tag":[],"class_list":{"0":"post-1056487","1":"product","2":"type-product","3":"status-publish","4":"has-post-thumbnail","6":"product_cat-novella-contemporania","7":"product_cat-novela-contemporanea","9":"first","10":"instock","11":"taxable","12":"shipping-taxable","13":"purchasable","14":"product-type-simple"},"acf":{"autor":"PASOLIN, PIER PAOLO","codart":"138756399","libros-coleccion":"Otras Latitudes","ediciones":"1","encuadernacion":"R\u00fastica","fecha_de_publicacion":"01\/09\/2025","novedad":"1","paginas":"740","subtitulo":"","orden":"0","portada":"0","idioma":"spa","booktrailer":"","resenas":"","editorial":[{"ID":148581,"post_author":"3","post_date":"2022-10-14 11:59:22","post_date_gmt":"2022-10-14 09:59:22","post_content":"","post_title":"N\u00d3RDICA LIBROS","post_excerpt":"","post_status":"publish","comment_status":"closed","ping_status":"closed","post_password":"","post_name":"nordica-libros","to_ping":"","pinged":"","post_modified":"2022-10-14 11:59:22","post_modified_gmt":"2022-10-14 09:59:22","post_content_filtered":"","post_parent":0,"guid":"http:\/\/dev.claret.cat\/editorial\/nordica-libros\/","menu_order":0,"post_type":"editorial","post_mime_type":"","comment_count":"0","filter":"raw"}]},"aioseo_notices":[],"_links":{"self":[{"href":"https:\/\/www.claret.cat\/es\/wp-json\/wp\/v2\/product\/1056487","targetHints":{"allow":["GET"]}}],"collection":[{"href":"https:\/\/www.claret.cat\/es\/wp-json\/wp\/v2\/product"}],"about":[{"href":"https:\/\/www.claret.cat\/es\/wp-json\/wp\/v2\/types\/product"}],"wp:featuredmedia":[{"embeddable":true,"href":"https:\/\/www.claret.cat\/es\/wp-json\/wp\/v2\/media\/1056730"}],"wp:attachment":[{"href":"https:\/\/www.claret.cat\/es\/wp-json\/wp\/v2\/media?parent=1056487"}],"wp:term":[{"taxonomy":"product_brand","embeddable":true,"href":"https:\/\/www.claret.cat\/es\/wp-json\/wp\/v2\/product_brand?post=1056487"},{"taxonomy":"product_cat","embeddable":true,"href":"https:\/\/www.claret.cat\/es\/wp-json\/wp\/v2\/product_cat?post=1056487"},{"taxonomy":"product_tag","embeddable":true,"href":"https:\/\/www.claret.cat\/es\/wp-json\/wp\/v2\/product_tag?post=1056487"}],"curies":[{"name":"wp","href":"https:\/\/api.w.org\/{rel}","templated":true}]}}