{"id":1056609,"date":"2025-10-01T13:55:58","date_gmt":"2025-10-01T11:55:58","guid":{"rendered":"https:\/\/www.claret.cat\/llibre\/qui-ho-ha-vist-bruixes-unicorns-i-ogres-9788413494968\/"},"modified":"2026-01-03T18:31:00","modified_gmt":"2026-01-03T17:31:00","slug":"qui-ho-ha-vist-bruixes-unicorns-i-ogres-9788413494968","status":"publish","type":"product","link":"https:\/\/www.claret.cat\/es\/libro\/qui-ho-ha-vist-bruixes-unicorns-i-ogres-9788413494968\/","title":{"rendered":"QUI HO HA VIST? BRUIXES, UNICORNS I OGRES"},"content":{"rendered":"<p>Llegeix tres contes mentre gaudeixes<br \/> jugant a busca i troba!T&#8221;agradaria con\u00e8ixer la inquietant vila de les bruixes, el boig pa\u00eds dels unicorns i la perillosa vall dels ogres?Endinsa&#8221;t amb els protagonistes en tres mons de fantasia divertits, ca\u00f2tics i acolorits, i intenta trobar tots els elements que hi ha amagats en cada<br \/> escenari. A m\u00e9s, haur\u00e0s de trobar les difer\u00e8ncies en els retrats dels personatges que hi ha al principi i al final de cada conte. L&#8221;aventura i la<br \/> diversi\u00f3 estan assegurades!Animals fant\u00e0stics, objectes encantats, personatges perduts&#8230; T&#8221;animes a buscar-los tots?\u00b7 Tres hist\u00f2ries en tres mons m\u00e0gics diferents: la vila de les bruixes, el boig pa\u00eds dels unicorns i la sinistra vall dels ogres.\u00b7 10 escenaris en cada conte: des del fosc pant\u00e0 fins a la vall gelada del ieti ogre, passant per l&#8221;escola d&#8221;unicorns&#8230;\u00b7 Troba les difer\u00e8ncies! En cada m\u00f3n m\u00e0gic es presentaran uns personatges; al final de la hist\u00f2ria, haur\u00e0s de trobar les difer\u00e8ncies entre els retrats del principi i els del final. Cal que t&#8221;hi fixis molt per trobar-les!\u00b7 Inclou p\u00e0gines amb les solucions per comprovar que ho has trobat tot.<\/p>\n","protected":false},"excerpt":{"rendered":"<p>CLAIRE, C\u00c9LINE<\/p>\n","protected":false},"featured_media":1068328,"template":"","meta":{"_acf_changed":false,"om_disable_all_campaigns":false,"rs_blank_template":"","rs_page_bg_color":"","slide_template_v7":"","inline_featured_image":false,"_monsterinsights_skip_tracking":false,"_monsterinsights_sitenote_active":false,"_monsterinsights_sitenote_note":"","_monsterinsights_sitenote_category":0},"product_brand":[],"product_cat":[132,362],"product_tag":[],"class_list":{"0":"post-1056609","1":"product","2":"type-product","3":"status-publish","4":"has-post-thumbnail","6":"product_cat-lectures-per-preadolescents-6-12-anys","7":"product_cat-libros-preadolescentes-6-12-anos","9":"first","10":"instock","11":"taxable","12":"shipping-taxable","13":"purchasable","14":"product-type-simple"},"acf":{"autor":"CLAIRE, C\u00c9LINE","codart":"841349496","libros-coleccion":"FORA DE COL.LECCI\u00d3","ediciones":"1","encuadernacion":"Carton\u00e9","fecha_de_publicacion":"01\/10\/2025","novedad":"1","paginas":"96","subtitulo":"TROBA ELS OBJECTES EN TRES MONS M\u00c0GICS!","orden":"0","portada":"0","idioma":"cat","booktrailer":"","resenas":"","editorial":[{"ID":147936,"post_author":"3","post_date":"2022-10-14 11:54:22","post_date_gmt":"2022-10-14 09:54:22","post_content":"","post_title":"Editorial Bru\u00f1o","post_excerpt":"","post_status":"publish","comment_status":"closed","ping_status":"closed","post_password":"","post_name":"editorial-bruno","to_ping":"","pinged":"","post_modified":"2022-10-14 11:54:22","post_modified_gmt":"2022-10-14 09:54:22","post_content_filtered":"","post_parent":0,"guid":"http:\/\/dev.claret.cat\/editorial\/editorial-bruno\/","menu_order":0,"post_type":"editorial","post_mime_type":"","comment_count":"0","filter":"raw"}]},"aioseo_notices":[],"_links":{"self":[{"href":"https:\/\/www.claret.cat\/es\/wp-json\/wp\/v2\/product\/1056609","targetHints":{"allow":["GET"]}}],"collection":[{"href":"https:\/\/www.claret.cat\/es\/wp-json\/wp\/v2\/product"}],"about":[{"href":"https:\/\/www.claret.cat\/es\/wp-json\/wp\/v2\/types\/product"}],"wp:featuredmedia":[{"embeddable":true,"href":"https:\/\/www.claret.cat\/es\/wp-json\/wp\/v2\/media\/1068328"}],"wp:attachment":[{"href":"https:\/\/www.claret.cat\/es\/wp-json\/wp\/v2\/media?parent=1056609"}],"wp:term":[{"taxonomy":"product_brand","embeddable":true,"href":"https:\/\/www.claret.cat\/es\/wp-json\/wp\/v2\/product_brand?post=1056609"},{"taxonomy":"product_cat","embeddable":true,"href":"https:\/\/www.claret.cat\/es\/wp-json\/wp\/v2\/product_cat?post=1056609"},{"taxonomy":"product_tag","embeddable":true,"href":"https:\/\/www.claret.cat\/es\/wp-json\/wp\/v2\/product_tag?post=1056609"}],"curies":[{"name":"wp","href":"https:\/\/api.w.org\/{rel}","templated":true}]}}