{"id":1056699,"date":"2025-10-01T16:46:23","date_gmt":"2025-10-01T14:46:23","guid":{"rendered":"https:\/\/www.claret.cat\/llibre\/lleo-xiv-9788491366072\/"},"modified":"2026-02-02T12:55:26","modified_gmt":"2026-02-02T11:55:26","slug":"lleo-xiv-9788491366072","status":"publish","type":"product","link":"https:\/\/www.claret.cat\/es\/libro\/lleo-xiv-9788491366072\/","title":{"rendered":"LLE\u00d3 XIV"},"content":{"rendered":"<p><strong>Qui \u00e9s el papa Lle\u00f3 XIV<\/strong> i <strong>quins reptes afronta el nou l\u00edder de l\u2019Esgl\u00e9sia cat\u00f2lica<\/strong>? El llibre <em>Lle\u00f3 XIV. L\u2019her\u00e8ncia de Francesc i el futur de l\u2019Esgl\u00e9sia<\/em> explora aquesta q\u00fcesti\u00f3 a fons. L\u2019obra repassa la traject\u00f2ria eclesial de <strong>Robert Prevost<\/strong> fins al seu ascens al <strong>papat<\/strong>, i analitza els principals desafiaments que haur\u00e0 d\u2019afrontar despr\u00e9s dels dotze anys de pontificat de <strong>Jorge Mario Bergoglio, papa Francesc<\/strong>. Una mirada imprescindible per entendre el <strong>futur de l\u2019Esgl\u00e9sia cat\u00f2lica<\/strong> i el llegat que deixa Francesc al seu successor.<\/p>\n<p><\/p>\n<p><strong class='ql-size-large'>Un llibre ideal per a:<\/strong><\/p>\n<ul>\n<li><strong>Lectors interessats en l&#8217;actualitat, especialment pol\u00edtica i religiosa<\/strong>, i que vulguin reflexionar sobre la influ\u00e8ncia del Vatic\u00e0 i el seu impacte en el m\u00f3n contemporani.<\/li>\n<li><strong>Apassionats per la cr\u00f2nica period\u00edstica i el realisme cr\u00edtic<\/strong>, que busquen obres que no nom\u00e9s expliquin hist\u00f2ries, sin\u00f3 que interpel\u00b7lin i sacsegin.<\/li>\n<li><strong>Estudiants i docents d\u2019humanitats, teologia, ci\u00e8ncies pol\u00edtiques o sociologia<\/strong>, que vulguin obrir debats sobre fe, poder, dogma i transformaci\u00f3.<\/li>\n<\/ul>\n<p><em>Aquest llibre ha estat impr\u00e8s amb paper certificat pel&nbsp;<\/em>&nbsp;<a href='https:\/\/fsc.org\/en' rel='noopener noreferrer' target='_blank'><em>Forest Stewardship Council (FSC)<\/em><\/a>&nbsp;<em>, que compleix amb els principis de gesti\u00f3 econ\u00f2mica, social i ambiental sostenibles.<\/em><\/p>\n<p><\/p>\n<p><a href='https:\/\/drive.google.com\/file\/d\/1bbs2e-sH62MiV9yhVvxQMT9KRnsUW-ty\/view?usp=sharing' rel='noopener noreferrer' target='_blank'><strong>Llegeix el primer cap\u00edtol<\/strong><\/a><\/p>\n<p><\/p>\n<p><\/p>\n","protected":false},"excerpt":{"rendered":"<p>PACHECO, JORDI<\/p>\n","protected":false},"featured_media":1073721,"template":"","meta":{"_acf_changed":false,"om_disable_all_campaigns":false,"rs_blank_template":"","rs_page_bg_color":"","slide_template_v7":"","inline_featured_image":false,"_monsterinsights_skip_tracking":false,"_monsterinsights_sitenote_active":false,"_monsterinsights_sitenote_note":"","_monsterinsights_sitenote_category":0},"product_brand":[],"product_cat":[581,92,542],"product_tag":[],"class_list":{"0":"post-1056699","1":"product","2":"type-product","3":"status-publish","4":"has-post-thumbnail","6":"product_cat-editorial-claret","7":"product_cat-vida-religiosa","8":"product_cat-vida-religiosa-1_espiritualidad-spa","10":"first","11":"instock","12":"taxable","13":"shipping-taxable","14":"purchasable","15":"product-type-simple"},"acf":{"autor":"PACHECO, JORDI","codart":"849136607","libros-coleccion":"FORA DE COL.LECCI\u00d3","ediciones":"1","encuadernacion":"R\u00fastica","fecha_de_publicacion":"21\/10\/2025","novedad":"1","paginas":"152","subtitulo":"L\u2019HER\u00c8NCIA DE FRANCESC I EL FUTUR DE L\u2019ESGL\u00c9SIA","orden":"0","portada":"1","idioma":"cat","booktrailer":"<iframe width=\"949\" height=\"433\" src=\"https:\/\/www.youtube.com\/embed\/VoiSHNyyPOg?si=s07kBJikMrdzGHPk\" title=\"YouTube video player\" frameborder=\"0\" allow=\"accelerometer; autoplay; clipboard-write; encrypted-media; gyroscope; picture-in-picture; web-share\" referrerpolicy=\"strict-origin-when-cross-origin\" allowfullscreen><\/iframe>","resenas":"<p>Religi\u00f3n Digital, 10\/10\/2025<\/p>\n<p><a href=\"https:\/\/www.religiondigital.org\/libros\/Habemus-Papam-Leon-XIV-Iglesia-jordi-pacheco-libros_0_2823617640.html\" rel=\"noopener noreferrer\" target=\"_blank\">https:\/\/www.religiondigital.org\/libros\/Habemus-Papam-Leon-XIV-Iglesia-jordi-pacheco-libros_0_2823617640.html<\/a><\/p>\n<p><\/p>\n<p>Ag\u00e8ncia Flama, 14\/10\/2025<\/p>\n<p><a href=\"https:\/\/www.agenciaflama.cat\/claret-publica-llibre-catala-papa-lleo-xiv\/\" rel=\"noopener noreferrer\" target=\"_blank\">https:\/\/www.agenciaflama.cat\/claret-publica-llibre-catala-papa-lleo-xiv\/<\/a><\/p>\n<p><\/p>\n<p>Catalunya Religi\u00f3, 14\/10\/2025<\/p>\n<p><a href=\"https:\/\/www.catalunyareligio.cat\/ca\/editorial-claret-publicara-primer-llibre-en-catala\" rel=\"noopener noreferrer\" target=\"_blank\">https:\/\/www.catalunyareligio.cat\/ca\/editorial-claret-publicara-primer-llibre-en-catala<\/a><\/p>\n<p><\/p>\n<p>Catalunya Cristiana, 19\/10\/2025<\/p>\n<p><a href=\"https:\/\/drive.google.com\/file\/d\/18qtzR4_DaQZVYehY9LgqzTea4h_6YZYY\/view?usp=sharing\" rel=\"noopener noreferrer\" target=\"_blank\">https:\/\/drive.google.com\/file\/d\/18qtzR4_DaQZVYehY9LgqzTea4h_6YZYY\/view?usp=sharing<\/a><\/p>\n<p><\/p>\n<p>Catalunya Cristiana (castell\u00e0), 19\/10\/2025<\/p>\n<p><a href=\"https:\/\/drive.google.com\/file\/d\/1eQfxZtqgdXQ4XQH7SyzaSIPXELB587Hc\/view?usp=sharing\" rel=\"noopener noreferrer\" target=\"_blank\">https:\/\/drive.google.com\/file\/d\/1eQfxZtqgdXQ4XQH7SyzaSIPXELB587Hc\/view?usp=sharing<\/a><\/p>\n<p><\/p>\n<p>Foc Nou, 20\/10\/2025<\/p>\n<p><a href=\"https:\/\/www.focnou.cat\/jordi-pacheco-teixeix-en-lleo-xiv-el-fil-entre-el-papa-francesc-i-el-seu-successor\/\" rel=\"noopener noreferrer\" target=\"_blank\">https:\/\/www.focnou.cat\/jordi-pacheco-teixeix-en-lleo-xiv-el-fil-entre-el-papa-francesc-i-el-seu-successor\/<\/a><\/p>\n<p><\/p>\n<p>Catalunya Religi\u00f3, 21\/10\/2025<\/p>\n<p><a href=\"https:\/\/www.catalunyareligio.cat\/ca\/blog\/llibres-recomanats\/lleo-xiv-322471\" rel=\"noopener noreferrer\" target=\"_blank\">https:\/\/www.catalunyareligio.cat\/ca\/blog\/llibres-recomanats\/lleo-xiv-322471<\/a><\/p>\n<p><\/p>\n<p>La Selva (3cat), 23\/10\/2024 &#8211; A partir del minut 3:34&nbsp;<\/p>\n<p><a href=\"https:\/\/www.3cat.cat\/3cat\/jordi-pacheco-aquesta-cerimonia-ha-volgut-realcar-la-forca-de-la-fe-cristiana-com-a-element-de-cohesio\/video\/6365386\/\" rel=\"noopener noreferrer\" target=\"_blank\">https:\/\/www.3cat.cat\/3cat\/jordi-pacheco-aquesta-cerimonia-ha-volgut-realcar-la-forca-de-la-fe-cristiana-com-a-element-de-cohesio\/video\/6365386\/<\/a><\/p>\n<p><\/p>\n<p>R\u00e0dio Estel, 30\/10\/2025<\/p>\n<p><a href=\"https:\/\/www.radioestel.cat\/actualitat\/jordi-pacheco-la-continuitat-de-francesc-esta-garantida-amb-lleo-xiv\/\" rel=\"noopener noreferrer\" target=\"_blank\">https:\/\/www.radioestel.cat\/actualitat\/jordi-pacheco-la-continuitat-de-francesc-esta-garantida-amb-lleo-xiv\/<\/a><\/p>\n<p><\/p>\n<p>Catalunya Cristiana, 31\/10\/2025<\/p>\n<p><a href=\"https:\/\/www.catalunyacristiana.cat\/entrevista-amb-el-periodista-jordi-pacheco-autor-del-llibre-lleo-xiv-deditorial-claret\" rel=\"noopener noreferrer\" target=\"_blank\">https:\/\/www.catalunyacristiana.cat\/entrevista-amb-el-periodista-jordi-pacheco-autor-del-llibre-lleo-xiv-deditorial-claret<\/a><\/p>\n<p><\/p>\n<p>Ag\u00e8ncia Flama, 31\/10\/2025<\/p>\n<p><a href=\"https:\/\/www.agenciaflama.cat\/jordi-pacheco-continuitat-lleo-xiv-inevitable\/\" rel=\"noopener noreferrer\" target=\"_blank\">https:\/\/www.agenciaflama.cat\/jordi-pacheco-continuitat-lleo-xiv-inevitable\/<\/a><\/p>\n<p><\/p>\n<p>Catalunya Religi\u00f3, 31\/10\/2025<\/p>\n<p><a href=\"https:\/\/www.catalunyareligio.cat\/ca\/collegi-periodistes-acull-presentacio-primer\" rel=\"noopener noreferrer\" target=\"_blank\">https:\/\/www.catalunyareligio.cat\/ca\/collegi-periodistes-acull-presentacio-primer<\/a><\/p>\n<p><\/p>\n<p>Religi\u00f3n Digital, 31\/10\/2025<\/p>\n<p><a href=\"https:\/\/www.religiondigital.org\/libros\/Jordi-Pacheco-Papa-convertirse-referente_0_2830216969.html\" rel=\"noopener noreferrer\" target=\"_blank\">https:\/\/www.religiondigital.org\/libros\/Jordi-Pacheco-Papa-convertirse-referente_0_2830216969.html<\/a><\/p>\n<p><\/p>\n<p>El Punt Avui, 04\/11\/2025<\/p>\n<p><a href=\"https:\/\/www.elpuntavui.cat\/societat\/article\/5-societat\/2591466-primer-llibre-en-catala-sobre-lleo-xiv.html\" rel=\"noopener noreferrer\" target=\"_blank\">https:\/\/www.elpuntavui.cat\/societat\/article\/5-societat\/2591466-primer-llibre-en-catala-sobre-lleo-xiv.html<\/a><\/p>\n<p><\/p>\n<p>La Selva (3cat), 07\/11\/2025 <\/p>\n<p><a href=\"https:\/\/www.3cat.cat\/3cat\/jordi-pacheco-amb-la-casa-blanca-la-santa-seu-sempre-buscara-les-vies-de-pau-i-concordia-encara-que-no-estiguin-dacord\/video\/6368258\/\" rel=\"noopener noreferrer\" target=\"_blank\">https:\/\/www.3cat.cat\/3cat\/jordi-pacheco-amb-la-casa-blanca-la-santa-seu-sempre-buscara-les-vies-de-pau-i-concordia-encara-que-no-estiguin-dacord\/video\/6368258\/<\/a><\/p>\n<p><\/p>\n<p>3CatInfo, 08\/11\/2025<\/p>\n<p><a href=\"https:\/\/www.3cat.cat\/3catinfo\/lleo-xiv-sis-mesos-dun-papa-discret-conciliador-i-preocupat-per-la-unitat-de-lesglesia\/noticia\/3379235\/\" rel=\"noopener noreferrer\" target=\"_blank\">https:\/\/www.3cat.cat\/3catinfo\/lleo-xiv-sis-mesos-dun-papa-discret-conciliador-i-preocupat-per-la-unitat-de-lesglesia\/noticia\/3379235\/<\/a><\/p>\n<p><\/p>\n<p>Not\u00edcies 3CatInfo, 08\/11\/2025 &#8211; A partir del minut 47:20<\/p>\n<p><a href=\"https:\/\/www.3cat.cat\/3cat\/3catinfo-de-10-a-11-h-08112025\/audio\/1260591\/\" rel=\"noopener noreferrer\" target=\"_blank\">https:\/\/www.3cat.cat\/3cat\/3catinfo-de-10-a-11-h-08112025\/audio\/1260591\/<\/a><\/p>\n<p><\/p>\n<p>Not\u00edcies 3CatInfo, 08\/11\/2025 &#8211; A partir del minut 33:48<\/p>\n<p><a href=\"https:\/\/www.3cat.cat\/3cat\/3catinfo-d11-a-12h-08112025\/audio\/1260596\/\" rel=\"noopener noreferrer\" target=\"_blank\">https:\/\/www.3cat.cat\/3cat\/3catinfo-d11-a-12h-08112025\/audio\/1260596\/<\/a><\/p>\n<p><\/p>\n<p>R\u00e0dio Calella TV, 13\/11\/2025<\/p>\n<p><a href=\"https:\/\/www.radiocalellatv.cat\/videos\/a-lfm-i-jordi-pacheco-periodista-director-de-lagencia-flama-i-de-la-revista-foc-nou\/\" rel=\"noopener noreferrer\" target=\"_blank\">https:\/\/www.radiocalellatv.cat\/videos\/a-lfm-i-jordi-pacheco-periodista-director-de-lagencia-flama-i-de-la-revista-foc-nou\/<\/a><\/p>\n<p><\/p>\n<p>TV Matar\u00f3, 17\/11\/2025<\/p>\n<p><a href=\"https:\/\/www.youtube.com\/watch?v=nHCOPG0_J2I\" rel=\"noopener noreferrer\" target=\"_blank\">https:\/\/www.youtube.com\/watch?v=nHCOPG0_J2I<\/a><\/p>\n<p><\/p>\n<p>Catalunya Cristiana, 16\/11\/2025<\/p>\n<p><a href=\"https:\/\/drive.google.com\/file\/d\/1r7T25J8U0h9BW47a07LPavdPISiNRf2j\/view?usp=sharing\" rel=\"noopener noreferrer\" target=\"_blank\">https:\/\/drive.google.com\/file\/d\/1r7T25J8U0h9BW47a07LPavdPISiNRf2j\/view?usp=sharing<\/a><\/p>\n<p><\/p>\n<p>Catalunya Cristiana (castell\u00e0), 16\/11\/2025<\/p>\n<p><a href=\"https:\/\/drive.google.com\/file\/d\/16UCP7Ev7vhnH1lRIYMptRRqF11IR0bkk\/view?usp=sharing\" rel=\"noopener noreferrer\" target=\"_blank\">https:\/\/drive.google.com\/file\/d\/16UCP7Ev7vhnH1lRIYMptRRqF11IR0bkk\/view?usp=sharing<\/a><\/p>\n<p><\/p>\n<p>Signes dels temps (3cat), 16\/11\/2025 &#8211; A partir del minut 27:55<\/p>\n<p><a href=\"https:\/\/www.3cat.cat\/3cat\/cinema-espiritual-i-el-llegat-dels-avis-als-seus-nets-i-netes\/video\/6369483\/\" rel=\"noopener noreferrer\" target=\"_blank\">https:\/\/www.3cat.cat\/3cat\/cinema-espiritual-i-el-llegat-dels-avis-als-seus-nets-i-netes\/video\/6369483\/<\/a><\/p>\n<p><\/p>\n<p>Ag\u00e8ncia Flama, 15\/11\/2025<\/p>\n<p><a href=\"https:\/\/www.agenciaflama.cat\/francesc-lleo-presentacio-claret-blanes\/\" rel=\"noopener noreferrer\" target=\"_blank\">https:\/\/www.agenciaflama.cat\/francesc-lleo-presentacio-claret-blanes\/<\/a><\/p>\n<p><\/p>\n<p>Arquebisbat de Tarragona, 15\/12\/2025<\/p>\n<p><a href=\"https:\/\/www.arquebisbattarragona.cat\/2025\/12\/15\/la-llibreria-diocesana-presenta-el-llibre-lleo-xiv-lherencia-de-francesc-i-el-futur-de-lesglesia-de-jordi-pacheco\/\" rel=\"noopener noreferrer\" target=\"_blank\">https:\/\/www.arquebisbattarragona.cat\/2025\/12\/15\/la-llibreria-diocesana-presenta-el-llibre-lleo-xiv-lherencia-de-francesc-i-el-futur-de-lesglesia-de-jordi-pacheco\/<\/a><\/p>\n<p><\/p>\n<p>Revista Cap\u00e7alera (Col.legi de Periodistes), 19\/12\/2025<\/p>\n<p><a href=\"https:\/\/drive.google.com\/file\/d\/1sROnG3NgvaRV-KX11jdDJ_duYjHR7-Up\/view?usp=sharing\" rel=\"noopener noreferrer\" target=\"_blank\">https:\/\/drive.google.com\/file\/d\/1sROnG3NgvaRV-KX11jdDJ_duYjHR7-Up\/view?usp=sharing<\/a><\/p>\n<p><\/p>\n<p>Arquebisbat de Barcelona, 02\/01\/2026<\/p>\n<p><a href=\"https:\/\/esglesia.barcelona\/actualitat\/12-recomanacions-de-llibres-religiosos-per-al-nadal\/\" rel=\"noopener noreferrer\" target=\"_blank\">https:\/\/esglesia.barcelona\/actualitat\/12-recomanacions-de-llibres-religiosos-per-al-nadal\/<\/a><\/p>\n<p><\/p>\n<p>La Vanguardia (catal\u00e0), 04\/01\/2026<\/p>\n<p><a href=\"https:\/\/drive.google.com\/file\/d\/1d8mCx3tW8ZK9GynQikF_kgOVEU4qfPPc\/view?usp=sharing\" rel=\"noopener noreferrer\" target=\"_blank\">https:\/\/drive.google.com\/file\/d\/1d8mCx3tW8ZK9GynQikF_kgOVEU4qfPPc\/view?usp=sharing<\/a><\/p>\n<p><\/p>\n<p>La Vanguardia (castell\u00e0), 04\/01\/2026<\/p>\n<p><a href=\"https:\/\/drive.google.com\/file\/d\/1_VdDN1BZVXaqRSeelKAWe_wFz7vbGyRX\/view?usp=sharing\" rel=\"noopener noreferrer\" target=\"_blank\">https:\/\/drive.google.com\/file\/d\/1_VdDN1BZVXaqRSeelKAWe_wFz7vbGyRX\/view?usp=sharing<\/a><\/p>\n<p><\/p>\n<p>El Debate, 03\/01\/2026<\/p>\n<p><a href=\"https:\/\/www.eldebate.com\/espana\/cataluna\/barcelona\/20260103\/rezar-gaudi-redescubrir-eucaristia-arzobispado-barcelona-recomienda-12-libros-navidad_370822_amp.html\" rel=\"noopener noreferrer\" target=\"_blank\">https:\/\/www.eldebate.com\/espana\/cataluna\/barcelona\/20260103\/rezar-gaudi-redescubrir-eucaristia-arzobispado-barcelona-recomienda-12-libros-navidad_370822_amp.html<\/a><\/p>\n","editorial":[{"ID":6158,"post_author":"3","post_date":"2022-07-28 17:46:08","post_date_gmt":"2022-07-28 15:46:08","post_content":"","post_title":"CLARET","post_excerpt":"","post_status":"publish","comment_status":"closed","ping_status":"closed","post_password":"","post_name":"claret","to_ping":"","pinged":"","post_modified":"2022-07-28 17:46:08","post_modified_gmt":"2022-07-28 15:46:08","post_content_filtered":"","post_parent":0,"guid":"http:\/\/dev.claret.cat\/editorial\/claret\/","menu_order":0,"post_type":"editorial","post_mime_type":"","comment_count":"0","filter":"raw"}],"linkebook":"","ficha":"849136607_1759395661.pdf","muestra":"","precioebook":"0","presentacion":"<iframe width=\"949\" height=\"433\" src=\"https:\/\/www.youtube.com\/embed\/C_ooKDoz8MI?si=sc9lwK7vl0X-UveK\" title=\"YouTube video player\" frameborder=\"0\" allow=\"accelerometer; autoplay; clipboard-write; encrypted-media; gyroscope; picture-in-picture; web-share\" referrerpolicy=\"strict-origin-when-cross-origin\" allowfullscreen><\/iframe>","autores-libros":[{"ID":884326,"post_author":"3","post_date":"2023-10-20 16:00:29","post_date_gmt":"2023-10-20 14:00:29","post_content":"Jordi Pacheco (Girona,1980) \u00e9s periodista, director de l\u2019ag\u00e8ncia <em>Flama<\/em> i de la revista <em>Foc Nou<\/em>. Des de 2007 ha col\u00b7laborat amb nombrosos mitjans escrits i audiovisuals cobrint temes relacionats amb la cultura, la religi\u00f3 i els drets humans. \u00c9s graduat en Comunicaci\u00f3 per la UOC i membre del Col.legi de Periodistes de Catalunya.","post_title":"JORDI PACHECO","post_excerpt":"","post_status":"publish","comment_status":"closed","ping_status":"closed","post_password":"","post_name":"jordi-pacheco","to_ping":"","pinged":"","post_modified":"2025-10-22 07:49:48","post_modified_gmt":"2025-10-22 05:49:48","post_content_filtered":"","post_parent":0,"guid":"https:\/\/www.claret.cat\/autor\/jordi-pacheco\/","menu_order":0,"post_type":"autor","post_mime_type":"","comment_count":"0","filter":"raw"}]},"aioseo_notices":[],"_links":{"self":[{"href":"https:\/\/www.claret.cat\/es\/wp-json\/wp\/v2\/product\/1056699","targetHints":{"allow":["GET"]}}],"collection":[{"href":"https:\/\/www.claret.cat\/es\/wp-json\/wp\/v2\/product"}],"about":[{"href":"https:\/\/www.claret.cat\/es\/wp-json\/wp\/v2\/types\/product"}],"wp:featuredmedia":[{"embeddable":true,"href":"https:\/\/www.claret.cat\/es\/wp-json\/wp\/v2\/media\/1073721"}],"wp:attachment":[{"href":"https:\/\/www.claret.cat\/es\/wp-json\/wp\/v2\/media?parent=1056699"}],"wp:term":[{"taxonomy":"product_brand","embeddable":true,"href":"https:\/\/www.claret.cat\/es\/wp-json\/wp\/v2\/product_brand?post=1056699"},{"taxonomy":"product_cat","embeddable":true,"href":"https:\/\/www.claret.cat\/es\/wp-json\/wp\/v2\/product_cat?post=1056699"},{"taxonomy":"product_tag","embeddable":true,"href":"https:\/\/www.claret.cat\/es\/wp-json\/wp\/v2\/product_tag?post=1056699"}],"curies":[{"name":"wp","href":"https:\/\/api.w.org\/{rel}","templated":true}]}}