{"id":1056752,"date":"2025-10-01T17:27:00","date_gmt":"2025-10-01T15:27:00","guid":{"rendered":"https:\/\/www.claret.cat\/llibre\/agata-crispy-detectiu-els-meus-primers-enigmes-vol1-9788410323766\/"},"modified":"2026-04-02T19:00:05","modified_gmt":"2026-04-02T17:00:05","slug":"agata-crispy-detectiu-els-meus-primers-enigmes-vol1-9788410323766","status":"publish","type":"product","link":"https:\/\/www.claret.cat\/es\/libro\/agata-crispy-detectiu-els-meus-primers-enigmes-vol1-9788410323766\/","title":{"rendered":"\u00c0GATA CRISPY, DETECTIU. ELS MEUS PRIMERS ENIGMES VOL.1"},"content":{"rendered":"<p>El llibrejoc que ha conquistat milions de lectors a tot el m\u00f3n!<\/p>\n<p>Robatoris, desaparicions, sabotatges&#8230; Si en passen, de coses estranyes, a Vilamisteri! Per\u00f2 no t&#8221;hi amo\u00efnis: la c\u00e8lebre detectiu \u00c0gata Crispy acaba d&#8221;arribar a la ciutat. Amb la teva ajuda, podr\u00e0 resoldre tots aquests casos tan misteriosos!<\/p>\n<p>Vuit investigacions plenes d&#8221;humor que exigeixen observaci\u00f3, reflexi\u00f3, l\u00f2gica i grans dots detectivesques!<\/p>\n<p>Comen\u00e7a el joc!<\/p>\n<p>Amb grans solapes per desplegar els escenaris i observar-los<\/p>\n","protected":false},"excerpt":{"rendered":"<p>MARTIN, PAUL<\/p>\n","protected":false},"featured_media":1056753,"template":"","meta":{"_acf_changed":false,"om_disable_all_campaigns":false,"rs_blank_template":"","rs_page_bg_color":"","slide_template_v7":"","inline_featured_image":false,"_monsterinsights_skip_tracking":false,"_monsterinsights_sitenote_active":false,"_monsterinsights_sitenote_note":"","_monsterinsights_sitenote_category":0},"product_brand":[],"product_cat":[132,362],"product_tag":[],"class_list":{"0":"post-1056752","1":"product","2":"type-product","3":"status-publish","4":"has-post-thumbnail","6":"product_cat-lectures-per-preadolescents-6-12-anys","7":"product_cat-libros-preadolescentes-6-12-anos","9":"first","10":"instock","11":"taxable","12":"shipping-taxable","13":"purchasable","14":"product-type-simple"},"acf":{"autor":"MARTIN, PAUL","codart":"841032376","libros-coleccion":"FORA DE COL.LECCI\u00d3","ediciones":"1","encuadernacion":"R\u00fastica","fecha_de_publicacion":"01\/10\/2025","novedad":"1","paginas":"79","subtitulo":"BENVINGUTS A VILAMISTERI","orden":"0","portada":"0","idioma":"cat","booktrailer":"","resenas":"","editorial":[{"ID":6146,"post_author":"3","post_date":"2022-07-28 17:45:52","post_date_gmt":"2022-07-28 15:45:52","post_content":"","post_title":"Blackie Books","post_excerpt":"","post_status":"publish","comment_status":"closed","ping_status":"closed","post_password":"","post_name":"blackie-books","to_ping":"","pinged":"","post_modified":"2022-07-28 17:45:52","post_modified_gmt":"2022-07-28 15:45:52","post_content_filtered":"","post_parent":0,"guid":"http:\/\/dev.claret.cat\/editorial\/blackie-books\/","menu_order":0,"post_type":"editorial","post_mime_type":"","comment_count":"0","filter":"raw"}]},"aioseo_notices":[],"_links":{"self":[{"href":"https:\/\/www.claret.cat\/es\/wp-json\/wp\/v2\/product\/1056752","targetHints":{"allow":["GET"]}}],"collection":[{"href":"https:\/\/www.claret.cat\/es\/wp-json\/wp\/v2\/product"}],"about":[{"href":"https:\/\/www.claret.cat\/es\/wp-json\/wp\/v2\/types\/product"}],"wp:featuredmedia":[{"embeddable":true,"href":"https:\/\/www.claret.cat\/es\/wp-json\/wp\/v2\/media\/1056753"}],"wp:attachment":[{"href":"https:\/\/www.claret.cat\/es\/wp-json\/wp\/v2\/media?parent=1056752"}],"wp:term":[{"taxonomy":"product_brand","embeddable":true,"href":"https:\/\/www.claret.cat\/es\/wp-json\/wp\/v2\/product_brand?post=1056752"},{"taxonomy":"product_cat","embeddable":true,"href":"https:\/\/www.claret.cat\/es\/wp-json\/wp\/v2\/product_cat?post=1056752"},{"taxonomy":"product_tag","embeddable":true,"href":"https:\/\/www.claret.cat\/es\/wp-json\/wp\/v2\/product_tag?post=1056752"}],"curies":[{"name":"wp","href":"https:\/\/api.w.org\/{rel}","templated":true}]}}