{"id":1057064,"date":"2025-10-03T13:00:56","date_gmt":"2025-10-03T11:00:56","guid":{"rendered":"https:\/\/www.claret.cat\/llibre\/catolicismo-y-democracia-9788413392431\/"},"modified":"2025-10-27T13:40:15","modified_gmt":"2025-10-27T12:40:15","slug":"catolicismo-y-democracia-9788413392431","status":"publish","type":"product","link":"https:\/\/www.claret.cat\/es\/libro\/catolicismo-y-democracia-9788413392431\/","title":{"rendered":"CATOLICISMO Y DEMOCRACIA"},"content":{"rendered":"<p><em>Catolicismo y democracia<\/em> recorre la <strong>evoluci\u00f3n del pensamiento pol\u00edtico cat\u00f3lico<\/strong> desde la Revoluci\u00f3n francesa hasta la actualidad. <strong>\u00c9mile Perreau-Saussine<\/strong> analiza c\u00f3mo la Iglesia contest\u00f3 a la democracia liberal, un sistema para el que no estaba preparada. A trav\u00e9s de figuras destacadas como <strong>Joseph de Maistre<\/strong>, <strong>Tocqueville<\/strong> y <strong>P\u00e9guy<\/strong>, y la detallada descripci\u00f3n de lo ocurrido en los <strong>Concilios Vaticano I y II<\/strong>, muestra c\u00f3mo la Iglesia redefini\u00f3 su relaci\u00f3n con el Estado tras perder su estatus con la ca\u00edda de la monarqu\u00eda.<\/p>\n<p> Inicialmente, <strong>los cat\u00f3licos abrazaron el ultramontanismo<\/strong>, buscando en el papado una nueva autoridad. Esta postura, aunque rechazaba el liberalismo, asum\u00eda uno de sus principios: <strong>la autonom\u00eda de la Iglesia frente al Estado<\/strong>. M\u00e1s tarde, ante el totalitarismo del siglo XX, la Iglesia recuper\u00f3 elementos galicanos y acept\u00f3 tambi\u00e9n la autonom\u00eda del Estado, en nombre de la libertad religiosa. <strong>Perreau-Saussine<\/strong> se\u00f1ala que <strong>los cat\u00f3licos terminaron aceptando la democracia liberal<\/strong>, aunque con reservas sobre sus implicaciones para la libertad religiosa.<\/p>\n<p> \u00abEsto es mucho m\u00e1s que una historia pol\u00edtica. Deber\u00eda ser lectura obligada para los te\u00f3logos cat\u00f3licos y quiz\u00e1s para cierto tipo de ateos pol\u00edticos. Lo m\u00e1s importante de todo es que este libro es, en s\u00ed mismo, una contribuci\u00f3n adicional a la misma historia controvertida que narra\u00bb<\/p>\n<p> \u2014 <strong>Alasdair MacIntyre<\/strong><\/p>\n","protected":false},"excerpt":{"rendered":"<p>PERREAU-SAUSSINE, \u00c9MILE<\/p>\n","protected":false},"featured_media":1058321,"template":"","meta":{"_acf_changed":false,"om_disable_all_campaigns":false,"rs_blank_template":"","rs_page_bg_color":"","slide_template_v7":"","inline_featured_image":false,"_monsterinsights_skip_tracking":false,"_monsterinsights_sitenote_active":false,"_monsterinsights_sitenote_note":"","_monsterinsights_sitenote_category":0},"product_brand":[],"product_cat":[288,514,291,517,544,94,92,542],"product_tag":[],"class_list":{"0":"post-1057064","1":"product","2":"type-product","3":"status-publish","4":"has-post-thumbnail","6":"product_cat-moral-fonamental","7":"product_cat-moral-fundamental","8":"product_cat-moral-social-i-politica","9":"product_cat-moral-social-y-politica","10":"product_cat-religiones","11":"product_cat-religions","12":"product_cat-vida-religiosa","13":"product_cat-vida-religiosa-1_espiritualidad-spa","15":"first","16":"instock","17":"taxable","18":"shipping-taxable","19":"purchasable","20":"product-type-simple"},"acf":{"autor":"PERREAU-SAUSSINE, \u00c9MILE","codart":"841339243","libros-coleccion":"Nuevo Ensayo","ediciones":"1","encuadernacion":"R\u00fastica","fecha_de_publicacion":"01\/09\/2025","novedad":"1","paginas":"296","subtitulo":"UNA HISTORIA DEL PENSAMIENTO POL\u00cdTICO","orden":"0","portada":"0","idioma":"spa","booktrailer":"","resenas":"","editorial":[{"ID":6201,"post_author":"3","post_date":"2022-07-28 17:47:01","post_date_gmt":"2022-07-28 15:47:01","post_content":"","post_title":"Ediciones Encuentro","post_excerpt":"","post_status":"publish","comment_status":"closed","ping_status":"closed","post_password":"","post_name":"ediciones-encuentro","to_ping":"","pinged":"","post_modified":"2022-07-28 17:47:01","post_modified_gmt":"2022-07-28 15:47:01","post_content_filtered":"","post_parent":0,"guid":"http:\/\/dev.claret.cat\/editorial\/ediciones-encuentro\/","menu_order":0,"post_type":"editorial","post_mime_type":"","comment_count":"0","filter":"raw"}]},"aioseo_notices":[],"_links":{"self":[{"href":"https:\/\/www.claret.cat\/es\/wp-json\/wp\/v2\/product\/1057064","targetHints":{"allow":["GET"]}}],"collection":[{"href":"https:\/\/www.claret.cat\/es\/wp-json\/wp\/v2\/product"}],"about":[{"href":"https:\/\/www.claret.cat\/es\/wp-json\/wp\/v2\/types\/product"}],"wp:featuredmedia":[{"embeddable":true,"href":"https:\/\/www.claret.cat\/es\/wp-json\/wp\/v2\/media\/1058321"}],"wp:attachment":[{"href":"https:\/\/www.claret.cat\/es\/wp-json\/wp\/v2\/media?parent=1057064"}],"wp:term":[{"taxonomy":"product_brand","embeddable":true,"href":"https:\/\/www.claret.cat\/es\/wp-json\/wp\/v2\/product_brand?post=1057064"},{"taxonomy":"product_cat","embeddable":true,"href":"https:\/\/www.claret.cat\/es\/wp-json\/wp\/v2\/product_cat?post=1057064"},{"taxonomy":"product_tag","embeddable":true,"href":"https:\/\/www.claret.cat\/es\/wp-json\/wp\/v2\/product_tag?post=1057064"}],"curies":[{"name":"wp","href":"https:\/\/api.w.org\/{rel}","templated":true}]}}