{"id":1057083,"date":"2025-10-03T14:05:10","date_gmt":"2025-10-03T12:05:10","guid":{"rendered":"https:\/\/www.claret.cat\/llibre\/los-siete-maridos-de-evelyn-hugo-9791387595067\/"},"modified":"2026-04-07T18:45:06","modified_gmt":"2026-04-07T16:45:06","slug":"los-siete-maridos-de-evelyn-hugo-9791387595067","status":"publish","type":"product","link":"https:\/\/www.claret.cat\/es\/libro\/los-siete-maridos-de-evelyn-hugo-9791387595067\/","title":{"rendered":"LOS SIETE MARIDOS DE EVELYN HUGO"},"content":{"rendered":"<p>Los siete maridos de Evelyn Hugo, de Taylor Jenkins Reid, llega a Stefano Books con una nueva edici\u00f3n revisada y, adem\u00e1s, podr\u00e1s leer en exclusiva el primer cap\u00edtulo del nuevo libro de la autora, Atmosphere: Una historia de amor.<br \/>\u00bfEST\u00c1S LISTO PARA PERDERTE ENTRE LAS P\u00c1GINAS\u00a0DE UNA DE LAS NOVELAS M\u00c1S IMPORTANTES\u00a0DE LA LITERATURA CONTEMPOR\u00c1NEA, QUE YA HA\u00a0CAUTIVADO A M\u00c1S DE 500.000 LECTORES HISPANOS?Evelyn Hugo, la m\u00edtica estrella de Hollywood, tuvo siete maridos&#8230;\u00a0pero un solo gran amor.\u00ab\u00bfQui\u00e9n fue el amor de la vida de Evelyn?\u00bb.Esa es la gran pregunta. Ese es el gancho de este libro.Siete maridos.\u00bfA cu\u00e1l quiso m\u00e1s?\u00bfCu\u00e1l fue su verdadero amor?Eso es lo que quiero saber, como periodista y como lectora.El libro no empezar\u00e1 por ah\u00ed, pero quiz\u00e1s ella y yo\u00a0s\u00ed debamos comenzar por ah\u00ed.Quiero saber, de todos esos matrimonios, cu\u00e1l fue el m\u00e1s\u00a0importante.<\/p>\n","protected":false},"excerpt":{"rendered":"<p>JENKINS REID, TAYLOR<\/p>\n","protected":false},"featured_media":1057084,"template":"","meta":{"_acf_changed":false,"om_disable_all_campaigns":false,"rs_blank_template":"","rs_page_bg_color":"","slide_template_v7":"","inline_featured_image":false,"_monsterinsights_skip_tracking":false,"_monsterinsights_sitenote_active":false,"_monsterinsights_sitenote_note":"","_monsterinsights_sitenote_category":0},"product_brand":[],"product_cat":[127,357],"product_tag":[],"class_list":{"0":"post-1057083","1":"product","2":"type-product","3":"status-publish","4":"has-post-thumbnail","6":"product_cat-novella-contemporania","7":"product_cat-novela-contemporanea","9":"first","10":"instock","11":"taxable","12":"shipping-taxable","13":"purchasable","14":"product-type-simple"},"acf":{"autor":"JENKINS REID, TAYLOR","codart":"138759506","libros-coleccion":"FORA DE COL.LECCI\u00d3","ediciones":"1","encuadernacion":"R\u00fastica","fecha_de_publicacion":"01\/03\/2025","novedad":"1","paginas":"459","subtitulo":"EDICI\u00d3N COLECCIONISTA","orden":"0","portada":"0","idioma":"spa","booktrailer":"","resenas":"","editorial":[{"ID":1020682,"post_author":"3","post_date":"2025-05-09 13:45:20","post_date_gmt":"2025-05-09 11:45:20","post_content":"","post_title":"Stefano Books","post_excerpt":"","post_status":"publish","comment_status":"closed","ping_status":"closed","post_password":"","post_name":"stefano-books","to_ping":"","pinged":"","post_modified":"2025-05-09 13:45:20","post_modified_gmt":"2025-05-09 11:45:20","post_content_filtered":"","post_parent":0,"guid":"https:\/\/www.claret.cat\/editorial\/stefano-books\/","menu_order":0,"post_type":"editorial","post_mime_type":"","comment_count":"0","filter":"raw"}]},"aioseo_notices":[],"_links":{"self":[{"href":"https:\/\/www.claret.cat\/es\/wp-json\/wp\/v2\/product\/1057083","targetHints":{"allow":["GET"]}}],"collection":[{"href":"https:\/\/www.claret.cat\/es\/wp-json\/wp\/v2\/product"}],"about":[{"href":"https:\/\/www.claret.cat\/es\/wp-json\/wp\/v2\/types\/product"}],"wp:featuredmedia":[{"embeddable":true,"href":"https:\/\/www.claret.cat\/es\/wp-json\/wp\/v2\/media\/1057084"}],"wp:attachment":[{"href":"https:\/\/www.claret.cat\/es\/wp-json\/wp\/v2\/media?parent=1057083"}],"wp:term":[{"taxonomy":"product_brand","embeddable":true,"href":"https:\/\/www.claret.cat\/es\/wp-json\/wp\/v2\/product_brand?post=1057083"},{"taxonomy":"product_cat","embeddable":true,"href":"https:\/\/www.claret.cat\/es\/wp-json\/wp\/v2\/product_cat?post=1057083"},{"taxonomy":"product_tag","embeddable":true,"href":"https:\/\/www.claret.cat\/es\/wp-json\/wp\/v2\/product_tag?post=1057083"}],"curies":[{"name":"wp","href":"https:\/\/api.w.org\/{rel}","templated":true}]}}