{"id":105723,"date":"2022-10-12T09:07:22","date_gmt":"2022-10-12T07:07:22","guid":{"rendered":"http:\/\/dev.claret.cat\/producte\/lego-filma-tu-propia-pelicula\/"},"modified":"2026-02-25T16:32:18","modified_gmt":"2026-02-25T15:32:18","slug":"lego-filma-tu-propia-pelicula-9789876378598","status":"publish","type":"product","link":"https:\/\/www.claret.cat\/es\/libro\/lego-filma-tu-propia-pelicula-9789876378598\/","title":{"rendered":"LEGO &#8211; FILMA TU PROPIA PELICULA"},"content":{"rendered":"<p>Esta gu\u00eda LEGO* 100% oficial de animaci\u00f3n te ense\u00f1a las bases de la iluminaci\u00f3n, escenograf\u00eda, efectos sonoros, \u00e1ngulos de c\u00e1mara e infinitas propuestas para empezar tus historias y estimular tu creatividad. Usa tu propio tel\u00e9fono, tableta u ordenador para comenzar.<br \/>. Aprende a contar buenas historias animadas.<br \/>. Las minifiguras de LEGO traen accesorios para representar distintos personajes.<br \/>.Trucos t\u00e9cnicos para las escenas de persecuciones, ca\u00eddas.<br \/>. Incluye 6 fondos para que la acci\u00f3n se vea real<\/p>\n<p>Edad + 8 a\u00f1os<\/p>\n","protected":false},"excerpt":{"rendered":"<p>LOS EDITORES DE KLUTZ<\/p>\n","protected":false},"featured_media":1086271,"template":"","meta":{"_acf_changed":false,"om_disable_all_campaigns":false,"rs_blank_template":"","rs_page_bg_color":"","slide_template_v7":"","inline_featured_image":false,"_monsterinsights_skip_tracking":false,"_monsterinsights_sitenote_active":false,"_monsterinsights_sitenote_note":"","_monsterinsights_sitenote_category":0},"product_brand":[],"product_cat":[131,361],"product_tag":[],"class_list":{"0":"post-105723","1":"product","2":"type-product","3":"status-publish","4":"has-post-thumbnail","6":"product_cat-contes-per-infants-0-6-anys","7":"product_cat-cuentos-para-ninos-0-6-anos","9":"first","10":"outofstock","11":"taxable","12":"shipping-taxable","13":"purchasable","14":"product-type-simple"},"acf":{"editorial":[{"ID":8224,"post_author":"3","post_date":"2022-09-30 09:21:12","post_date_gmt":"2022-09-30 07:21:12","post_content":"","post_title":"CATAPULTA EDICIONES","post_excerpt":"","post_status":"publish","comment_status":"closed","ping_status":"closed","post_password":"","post_name":"catapulta-ediciones","to_ping":"","pinged":"","post_modified":"2022-09-30 09:21:12","post_modified_gmt":"2022-09-30 07:21:12","post_content_filtered":"","post_parent":0,"guid":"http:\/\/dev.claret.cat\/editorial\/catapulta-ediciones\/","menu_order":0,"post_type":"editorial","post_mime_type":"","comment_count":"0","filter":"raw"}],"autor":"LOS EDITORES DE KLUTZ","codart":"987637859","libros-coleccion":"INFANTIL-JUVENIL","ediciones":"1","encuadernacion":"Carpeta","fecha_de_publicacion":"01\/09\/2020","novedad":"0","paginas":"64","subtitulo":"","orden":"0","portada":"0","idioma":"spa","autores-libros":[{"ID":162506,"post_author":"3","post_date":"2022-10-14 17:31:33","post_date_gmt":"2022-10-14 15:31:33","post_content":"","post_title":"LOS EDITORES DE KLUTZ","post_excerpt":"","post_status":"publish","comment_status":"closed","ping_status":"closed","post_password":"","post_name":"los-editores-de-klutz","to_ping":"","pinged":"","post_modified":"2022-10-14 17:31:33","post_modified_gmt":"2022-10-14 15:31:33","post_content_filtered":"","post_parent":0,"guid":"http:\/\/dev.claret.cat\/autor\/los-editores-de-klutz\/","menu_order":0,"post_type":"autor","post_mime_type":"","comment_count":"0","filter":"raw"}],"booktrailer":"","resenas":""},"aioseo_notices":[],"_links":{"self":[{"href":"https:\/\/www.claret.cat\/es\/wp-json\/wp\/v2\/product\/105723","targetHints":{"allow":["GET"]}}],"collection":[{"href":"https:\/\/www.claret.cat\/es\/wp-json\/wp\/v2\/product"}],"about":[{"href":"https:\/\/www.claret.cat\/es\/wp-json\/wp\/v2\/types\/product"}],"wp:featuredmedia":[{"embeddable":true,"href":"https:\/\/www.claret.cat\/es\/wp-json\/wp\/v2\/media\/1086271"}],"wp:attachment":[{"href":"https:\/\/www.claret.cat\/es\/wp-json\/wp\/v2\/media?parent=105723"}],"wp:term":[{"taxonomy":"product_brand","embeddable":true,"href":"https:\/\/www.claret.cat\/es\/wp-json\/wp\/v2\/product_brand?post=105723"},{"taxonomy":"product_cat","embeddable":true,"href":"https:\/\/www.claret.cat\/es\/wp-json\/wp\/v2\/product_cat?post=105723"},{"taxonomy":"product_tag","embeddable":true,"href":"https:\/\/www.claret.cat\/es\/wp-json\/wp\/v2\/product_tag?post=105723"}],"curies":[{"name":"wp","href":"https:\/\/api.w.org\/{rel}","templated":true}]}}