{"id":1057371,"date":"2025-10-06T16:40:44","date_gmt":"2025-10-06T14:40:44","guid":{"rendered":"https:\/\/www.claret.cat\/llibre\/la-ilusion-del-tiempo-9788466682244\/"},"modified":"2026-04-07T12:39:09","modified_gmt":"2026-04-07T10:39:09","slug":"la-ilusion-del-tiempo-9788466682244","status":"publish","type":"product","link":"https:\/\/www.claret.cat\/es\/libro\/la-ilusion-del-tiempo-9788466682244\/","title":{"rendered":"LA ILUSI\u00d3N DEL TIEMPO"},"content":{"rendered":"<p>El investigador y divulgador de referencia en f\u00edsica cu\u00e1ntica nos adentra en el misterio m\u00e1s fascinante de la ciencia. \u00bfQu\u00e9 es el tiempo? Pocos temas han fascinado m\u00e1s a cient\u00edficos, fil\u00f3sofos e incluso artistas a lo largo de la historia. Siglos despu\u00e9s, la f\u00edsica no tiene a\u00fan una respuesta definitiva para esta cuesti\u00f3n; de hecho, el debate est\u00e1 m\u00e1s vivo que nunca. Sin embargo, la f\u00edsica actual ha revelado propiedades sorprendentes del tiempo, aspectos de su naturaleza que chocan frontalmente con nuestro sentido com\u00fan. En este ensayo iluminador, el profesor Alberto Casas viaja desde los trabajos de Newton y Einstein a las pel\u00edculas de Christopher Nolan, pasando por la teor\u00eda de la relatividad, la f\u00edsica cu\u00e1ntica y el concepto de entrop\u00eda. Este recorrido nos llevar\u00e1 a reflexionar sobre eventos extraordinarios, como el Big Bang; y sobre otros mucho m\u00e1s corrientes, como una piedra que cae en un estanque. Y nos llevar\u00e1 a plantearnos el que es, tal vez, el mayor interrogante de todos: \u00bfes el paso del tiempo algo real&#8230; o es una ilusi\u00f3n?La prensa ha dicho&#8230; &#8216;Hay cient\u00edficos capaces de conducirnos en un viaje extraordinario a trav\u00e9s de los misterios de la ciencia, haci\u00e9ndonos comprender y descubrir. Uno de ellos es Alberto Casas&#8217;. BBVA Aprendemos Juntos &#8216;Uno de los cient\u00edficos espa\u00f1oles m\u00e1s reputados en su campo&#8217;. ElDiario.es<\/p>\n","protected":false},"excerpt":{"rendered":"<p>CASAS, ALBERTO<\/p>\n","protected":false},"featured_media":1057432,"template":"","meta":{"_acf_changed":false,"om_disable_all_campaigns":false,"rs_blank_template":"","rs_page_bg_color":"","slide_template_v7":"","inline_featured_image":false,"_monsterinsights_skip_tracking":false,"_monsterinsights_sitenote_active":false,"_monsterinsights_sitenote_note":"","_monsterinsights_sitenote_category":0},"product_brand":[],"product_cat":[104,554],"product_tag":[],"class_list":{"0":"post-1057371","1":"product","2":"type-product","3":"status-publish","4":"has-post-thumbnail","6":"product_cat-ciencia","7":"product_cat-ciencia-5_otras-spa","9":"first","10":"instock","11":"taxable","12":"shipping-taxable","13":"purchasable","14":"product-type-simple"},"acf":{"autor":"CASAS, ALBERTO","codart":"846668224","libros-coleccion":"FORA DE COL.LECCI\u00d3","ediciones":"1","encuadernacion":"R\u00fastica","fecha_de_publicacion":"01\/10\/2025","novedad":"1","paginas":"336","subtitulo":"","orden":"0","portada":"0","idioma":"spa","booktrailer":"","resenas":"","editorial":[{"ID":6200,"post_author":"3","post_date":"2022-07-28 17:47:00","post_date_gmt":"2022-07-28 15:47:00","post_content":"","post_title":"EDICIONES B","post_excerpt":"","post_status":"publish","comment_status":"closed","ping_status":"closed","post_password":"","post_name":"ediciones-b","to_ping":"","pinged":"","post_modified":"2022-07-28 17:47:00","post_modified_gmt":"2022-07-28 15:47:00","post_content_filtered":"","post_parent":0,"guid":"http:\/\/dev.claret.cat\/editorial\/ediciones-b\/","menu_order":0,"post_type":"editorial","post_mime_type":"","comment_count":"0","filter":"raw"}]},"aioseo_notices":[],"_links":{"self":[{"href":"https:\/\/www.claret.cat\/es\/wp-json\/wp\/v2\/product\/1057371","targetHints":{"allow":["GET"]}}],"collection":[{"href":"https:\/\/www.claret.cat\/es\/wp-json\/wp\/v2\/product"}],"about":[{"href":"https:\/\/www.claret.cat\/es\/wp-json\/wp\/v2\/types\/product"}],"wp:featuredmedia":[{"embeddable":true,"href":"https:\/\/www.claret.cat\/es\/wp-json\/wp\/v2\/media\/1057432"}],"wp:attachment":[{"href":"https:\/\/www.claret.cat\/es\/wp-json\/wp\/v2\/media?parent=1057371"}],"wp:term":[{"taxonomy":"product_brand","embeddable":true,"href":"https:\/\/www.claret.cat\/es\/wp-json\/wp\/v2\/product_brand?post=1057371"},{"taxonomy":"product_cat","embeddable":true,"href":"https:\/\/www.claret.cat\/es\/wp-json\/wp\/v2\/product_cat?post=1057371"},{"taxonomy":"product_tag","embeddable":true,"href":"https:\/\/www.claret.cat\/es\/wp-json\/wp\/v2\/product_tag?post=1057371"}],"curies":[{"name":"wp","href":"https:\/\/api.w.org\/{rel}","templated":true}]}}