{"id":1057489,"date":"2025-10-06T19:10:03","date_gmt":"2025-10-06T17:10:03","guid":{"rendered":"https:\/\/www.claret.cat\/llibre\/sonando-escuelas-9788427150324\/"},"modified":"2025-12-23T10:31:02","modified_gmt":"2025-12-23T09:31:02","slug":"sonando-escuelas-9788427150324","status":"publish","type":"product","link":"https:\/\/www.claret.cat\/es\/libro\/sonando-escuelas-9788427150324\/","title":{"rendered":"SO\u00d1ANDO ESCUELAS"},"content":{"rendered":"<p>El coraz\u00f3n se construye con recuerdos: miradas, palabras, gestos y sue\u00f1os compartidos en una escuela que deja huella. Somos lo que vivimos junto a otros, lo que despertamos y lo que otros despiertan en nosotros. So\u00f1ar e imaginar una escuela diferente es una de las tareas m\u00e1s urgentes de nuestro tiempo. So\u00f1ando escuelas explora la vida aut\u00e9ntica de las aulas: lo que sienten, aprenden y comparten quienes han pasado y pasan por ellas -alumnos, docentes, familias y todo el equipo humano que sostiene la escuela d\u00eda a d\u00eda-. Ese un lugar donde cada ni\u00f1o cuenta, donde la emoci\u00f3n y el cuidado lo sostienen todo. Manu Velasco, maestro con una larga trayectoria y el reconocimiento de toda la comunidad educativa, propone mirar la educaci\u00f3n con ojos nuevos: escuchar m\u00e1s, acompa\u00f1ar mejor y poner el coraz\u00f3n en el centro. Con pasi\u00f3n, compromiso y plena confianza en la fuerza de cada alumno.&nbsp;<\/p>\n","protected":false},"excerpt":{"rendered":"<p>VELASCO , MANU<\/p>\n","protected":false},"featured_media":1057509,"template":"","meta":{"_acf_changed":false,"om_disable_all_campaigns":false,"rs_blank_template":"","rs_page_bg_color":"","slide_template_v7":"","inline_featured_image":false,"_monsterinsights_skip_tracking":false,"_monsterinsights_sitenote_active":false,"_monsterinsights_sitenote_note":"","_monsterinsights_sitenote_category":0},"product_brand":[],"product_cat":[451,186,185,380,188,381],"product_tag":[],"class_list":{"0":"post-1057489","1":"product","2":"type-product","3":"status-publish","4":"has-post-thumbnail","6":"product_cat-estudios-e-investigacion-pedagogia-2_humanidades","7":"product_cat-estudis-i-investigacio-pedagogia-2_humanitats","8":"product_cat-historia-i-corrents-pedagogia-2_humanitats","9":"product_cat-historia-y-corrientes","10":"product_cat-psicopedagogia","11":"product_cat-psicopedagogia-pedagogia-2_humanidades","13":"first","14":"instock","15":"taxable","16":"shipping-taxable","17":"purchasable","18":"product-type-simple"},"acf":{"autor":"VELASCO , MANU","codart":"842715032","libros-coleccion":"EDUCACI\u00d3N Y APRENDIZAJE","ediciones":"1","encuadernacion":"R\u00fastica","fecha_de_publicacion":"06\/10\/2025","novedad":"1","paginas":"190","subtitulo":"","orden":"0","portada":"0","idioma":"spa","booktrailer":"","resenas":"","editorial":[{"ID":8258,"post_author":"3","post_date":"2022-09-30 09:21:32","post_date_gmt":"2022-09-30 07:21:32","post_content":"","post_title":"MENSAJERO","post_excerpt":"","post_status":"publish","comment_status":"closed","ping_status":"closed","post_password":"","post_name":"mensajero","to_ping":"","pinged":"","post_modified":"2022-09-30 09:21:32","post_modified_gmt":"2022-09-30 07:21:32","post_content_filtered":"","post_parent":0,"guid":"http:\/\/dev.claret.cat\/editorial\/mensajero\/","menu_order":0,"post_type":"editorial","post_mime_type":"","comment_count":"0","filter":"raw"}]},"aioseo_notices":[],"_links":{"self":[{"href":"https:\/\/www.claret.cat\/es\/wp-json\/wp\/v2\/product\/1057489","targetHints":{"allow":["GET"]}}],"collection":[{"href":"https:\/\/www.claret.cat\/es\/wp-json\/wp\/v2\/product"}],"about":[{"href":"https:\/\/www.claret.cat\/es\/wp-json\/wp\/v2\/types\/product"}],"wp:featuredmedia":[{"embeddable":true,"href":"https:\/\/www.claret.cat\/es\/wp-json\/wp\/v2\/media\/1057509"}],"wp:attachment":[{"href":"https:\/\/www.claret.cat\/es\/wp-json\/wp\/v2\/media?parent=1057489"}],"wp:term":[{"taxonomy":"product_brand","embeddable":true,"href":"https:\/\/www.claret.cat\/es\/wp-json\/wp\/v2\/product_brand?post=1057489"},{"taxonomy":"product_cat","embeddable":true,"href":"https:\/\/www.claret.cat\/es\/wp-json\/wp\/v2\/product_cat?post=1057489"},{"taxonomy":"product_tag","embeddable":true,"href":"https:\/\/www.claret.cat\/es\/wp-json\/wp\/v2\/product_tag?post=1057489"}],"curies":[{"name":"wp","href":"https:\/\/api.w.org\/{rel}","templated":true}]}}